{"id":1375,"date":"2024-06-19T14:57:22","date_gmt":"2024-06-19T12:57:22","guid":{"rendered":"https:\/\/dev.drouaire.com\/?post_type=product&#038;p=1375"},"modified":"2026-03-16T13:23:59","modified_gmt":"2026-03-16T12:23:59","slug":"derouleur-de-chantier-avec-metreuse","status":"publish","type":"product","link":"https:\/\/www.drouaire.com\/es\/nos-produits\/derouleur-de-chantier-avec-metreuse\/","title":{"rendered":"DEVANADOR DE OBRA"},"content":{"rendered":"<h3>CARACTER\u00cdSTICAS<\/h3>\n<ul>\n<li title=\"\" data-original-title=\"\">Permite el devanado de hilos y cables el\u00e9ctricos acondicionados en bobinas seg\u00fan NF y DIN:<br \/>\n\u2013 \u00d8 600 mini.<br \/>\n\u2013 \u00d8 1050 maxi.<br \/>\nAnchura m\u00e1x.: 550 mm.<br \/>\nPeso m\u00e1x.: 300 kg.<\/li>\n<li title=\"\" data-original-title=\"\">Dispositivo de medici\u00f3n integrado<\/li>\n<li title=\"\" data-original-title=\"\">Devanado sobre eje de \u00d8 55 \u00f3 75 mm.<\/li>\n<li title=\"\" data-original-title=\"\">Carga y descarga f\u00e1ciles mediante balanceo.<\/li>\n<li title=\"\" data-original-title=\"\">F\u00e1cil desplazamiento mediante 2 ruedas de \u00d8 125 mm.<\/li>\n<li title=\"\" data-original-title=\"\">Dimensiones del aparato :<br \/>\nLongitud: 1500 mm.<br \/>\nAnchura: 700 mm.<br \/>\nAltura: 600 mm.<\/li>\n<li title=\"\" data-original-title=\"\">Peso: 23 kg.<\/li>\n<\/ul>\n<div class=\"blocCertifProduit\"><\/div>","protected":false},"excerpt":{"rendered":"<p><strong>Para carretes de \u00d8 600 m\u00edn. a 1050 m\u00e1x<\/strong><\/p>","protected":false},"featured_media":1393,"comment_status":"open","ping_status":"closed","template":"","meta":{"_acf_changed":false,"_et_pb_use_builder":"","_et_pb_old_content":"","_et_gb_content_width":""},"product_brand":[],"product_cat":[21],"product_tag":[],"class_list":{"0":"post-1375","1":"product","2":"type-product","3":"status-publish","4":"has-post-thumbnail","6":"product_cat-materiels-de-chantier","8":"first","9":"instock","10":"shipping-taxable","11":"product-type-simple"},"acf":[],"yoast_head":"<!-- This site is optimized with the Yoast SEO plugin v27.1.1 - https:\/\/yoast.com\/product\/yoast-seo-wordpress\/ -->\n<title>DEROULEUR DE CHANTIER AVEC METREUSE - DROUAIRE<\/title>\n<meta name=\"robots\" content=\"index, follow, max-snippet:-1, max-image-preview:large, max-video-preview:-1\" \/>\n<link rel=\"canonical\" href=\"https:\/\/www.drouaire.com\/es\/nuestros-productos\/derouleur-de-chantier-avec-metreuse\/\" \/>\n<meta property=\"og:locale\" content=\"es_ES\" \/>\n<meta property=\"og:type\" content=\"article\" \/>\n<meta property=\"og:title\" content=\"DEROULEUR DE CHANTIER AVEC METREUSE - DROUAIRE\" \/>\n<meta property=\"og:description\" content=\"Pour tourets \u00d8 mini 600 \u00e0 1050 maxi.\" \/>\n<meta property=\"og:url\" content=\"https:\/\/www.drouaire.com\/es\/nuestros-productos\/derouleur-de-chantier-avec-metreuse\/\" \/>\n<meta property=\"og:site_name\" content=\"DROUAIRE\" \/>\n<meta property=\"article:modified_time\" content=\"2026-03-16T12:23:59+00:00\" \/>\n<meta property=\"og:image\" content=\"https:\/\/www.drouaire.com\/wp-content\/uploads\/2024\/06\/Derouleur-de-chantier-avec-metreuse-DCM1050.jpg\" \/>\n\t<meta property=\"og:image:width\" content=\"2009\" \/>\n\t<meta property=\"og:image:height\" content=\"1630\" \/>\n\t<meta property=\"og:image:type\" content=\"image\/jpeg\" \/>\n<meta name=\"twitter:card\" content=\"summary_large_image\" \/>\n<meta name=\"twitter:label1\" content=\"Tiempo de lectura\" \/>\n\t<meta name=\"twitter:data1\" content=\"1 minuto\" \/>\n<script type=\"application\/ld+json\" class=\"yoast-schema-graph\">{\"@context\":\"https:\/\/schema.org\",\"@graph\":[{\"@type\":\"WebPage\",\"@id\":\"https:\/\/www.drouaire.com\/nos-produits\/derouleur-de-chantier-avec-metreuse\/\",\"url\":\"https:\/\/www.drouaire.com\/nos-produits\/derouleur-de-chantier-avec-metreuse\/\",\"name\":\"DEROULEUR DE CHANTIER AVEC METREUSE - DROUAIRE\",\"isPartOf\":{\"@id\":\"https:\/\/www.drouaire.com\/#website\"},\"primaryImageOfPage\":{\"@id\":\"https:\/\/www.drouaire.com\/nos-produits\/derouleur-de-chantier-avec-metreuse\/#primaryimage\"},\"image\":{\"@id\":\"https:\/\/www.drouaire.com\/nos-produits\/derouleur-de-chantier-avec-metreuse\/#primaryimage\"},\"thumbnailUrl\":\"https:\/\/www.drouaire.com\/wp-content\/uploads\/2024\/06\/Derouleur-de-chantier-avec-metreuse-DCM1050.jpg\",\"datePublished\":\"2024-06-19T12:57:22+00:00\",\"dateModified\":\"2026-03-16T12:23:59+00:00\",\"breadcrumb\":{\"@id\":\"https:\/\/www.drouaire.com\/nos-produits\/derouleur-de-chantier-avec-metreuse\/#breadcrumb\"},\"inLanguage\":\"es\",\"potentialAction\":[{\"@type\":\"ReadAction\",\"target\":[\"https:\/\/www.drouaire.com\/nos-produits\/derouleur-de-chantier-avec-metreuse\/\"]}]},{\"@type\":\"ImageObject\",\"inLanguage\":\"es\",\"@id\":\"https:\/\/www.drouaire.com\/nos-produits\/derouleur-de-chantier-avec-metreuse\/#primaryimage\",\"url\":\"https:\/\/www.drouaire.com\/wp-content\/uploads\/2024\/06\/Derouleur-de-chantier-avec-metreuse-DCM1050.jpg\",\"contentUrl\":\"https:\/\/www.drouaire.com\/wp-content\/uploads\/2024\/06\/Derouleur-de-chantier-avec-metreuse-DCM1050.jpg\",\"width\":2009,\"height\":1630},{\"@type\":\"BreadcrumbList\",\"@id\":\"https:\/\/www.drouaire.com\/nos-produits\/derouleur-de-chantier-avec-metreuse\/#breadcrumb\",\"itemListElement\":[{\"@type\":\"ListItem\",\"position\":1,\"name\":\"Home\",\"item\":\"https:\/\/www.drouaire.com\/\"},{\"@type\":\"ListItem\",\"position\":2,\"name\":\"Catalogue produits Drouaire\",\"item\":\"https:\/\/www.drouaire.com\/nos-produits\/\"},{\"@type\":\"ListItem\",\"position\":3,\"name\":\"DEROULEUR DE CHANTIER AVEC METREUSE\"}]},{\"@type\":\"WebSite\",\"@id\":\"https:\/\/www.drouaire.com\/#website\",\"url\":\"https:\/\/www.drouaire.com\/\",\"name\":\"DROUAIRE\",\"description\":\"\",\"potentialAction\":[{\"@type\":\"SearchAction\",\"target\":{\"@type\":\"EntryPoint\",\"urlTemplate\":\"https:\/\/www.drouaire.com\/?s={search_term_string}\"},\"query-input\":{\"@type\":\"PropertyValueSpecification\",\"valueRequired\":true,\"valueName\":\"search_term_string\"}}],\"inLanguage\":\"es\"}]}<\/script>\n<!-- \/ Yoast SEO plugin. -->","yoast_head_json":{"title":"DEROULEUR DE CHANTIER AVEC METREUSE - DROUAIRE","robots":{"index":"index","follow":"follow","max-snippet":"max-snippet:-1","max-image-preview":"max-image-preview:large","max-video-preview":"max-video-preview:-1"},"canonical":"https:\/\/www.drouaire.com\/es\/nuestros-productos\/derouleur-de-chantier-avec-metreuse\/","og_locale":"es_ES","og_type":"article","og_title":"DEROULEUR DE CHANTIER AVEC METREUSE - DROUAIRE","og_description":"Pour tourets \u00d8 mini 600 \u00e0 1050 maxi.","og_url":"https:\/\/www.drouaire.com\/es\/nuestros-productos\/derouleur-de-chantier-avec-metreuse\/","og_site_name":"DROUAIRE","article_modified_time":"2026-03-16T12:23:59+00:00","og_image":[{"width":2009,"height":1630,"url":"https:\/\/www.drouaire.com\/wp-content\/uploads\/2024\/06\/Derouleur-de-chantier-avec-metreuse-DCM1050.jpg","type":"image\/jpeg"}],"twitter_card":"summary_large_image","twitter_misc":{"Tiempo de lectura":"1 minuto"},"schema":{"@context":"https:\/\/schema.org","@graph":[{"@type":"WebPage","@id":"https:\/\/www.drouaire.com\/nos-produits\/derouleur-de-chantier-avec-metreuse\/","url":"https:\/\/www.drouaire.com\/nos-produits\/derouleur-de-chantier-avec-metreuse\/","name":"DEROULEUR DE CHANTIER AVEC METREUSE - DROUAIRE","isPartOf":{"@id":"https:\/\/www.drouaire.com\/#website"},"primaryImageOfPage":{"@id":"https:\/\/www.drouaire.com\/nos-produits\/derouleur-de-chantier-avec-metreuse\/#primaryimage"},"image":{"@id":"https:\/\/www.drouaire.com\/nos-produits\/derouleur-de-chantier-avec-metreuse\/#primaryimage"},"thumbnailUrl":"https:\/\/www.drouaire.com\/wp-content\/uploads\/2024\/06\/Derouleur-de-chantier-avec-metreuse-DCM1050.jpg","datePublished":"2024-06-19T12:57:22+00:00","dateModified":"2026-03-16T12:23:59+00:00","breadcrumb":{"@id":"https:\/\/www.drouaire.com\/nos-produits\/derouleur-de-chantier-avec-metreuse\/#breadcrumb"},"inLanguage":"es","potentialAction":[{"@type":"ReadAction","target":["https:\/\/www.drouaire.com\/nos-produits\/derouleur-de-chantier-avec-metreuse\/"]}]},{"@type":"ImageObject","inLanguage":"es","@id":"https:\/\/www.drouaire.com\/nos-produits\/derouleur-de-chantier-avec-metreuse\/#primaryimage","url":"https:\/\/www.drouaire.com\/wp-content\/uploads\/2024\/06\/Derouleur-de-chantier-avec-metreuse-DCM1050.jpg","contentUrl":"https:\/\/www.drouaire.com\/wp-content\/uploads\/2024\/06\/Derouleur-de-chantier-avec-metreuse-DCM1050.jpg","width":2009,"height":1630},{"@type":"BreadcrumbList","@id":"https:\/\/www.drouaire.com\/nos-produits\/derouleur-de-chantier-avec-metreuse\/#breadcrumb","itemListElement":[{"@type":"ListItem","position":1,"name":"Home","item":"https:\/\/www.drouaire.com\/"},{"@type":"ListItem","position":2,"name":"Catalogue produits Drouaire","item":"https:\/\/www.drouaire.com\/nos-produits\/"},{"@type":"ListItem","position":3,"name":"DEROULEUR DE CHANTIER AVEC METREUSE"}]},{"@type":"WebSite","@id":"https:\/\/www.drouaire.com\/#website","url":"https:\/\/www.drouaire.com\/","name":"DROUAIRE","description":"","potentialAction":[{"@type":"SearchAction","target":{"@type":"EntryPoint","urlTemplate":"https:\/\/www.drouaire.com\/?s={search_term_string}"},"query-input":{"@type":"PropertyValueSpecification","valueRequired":true,"valueName":"search_term_string"}}],"inLanguage":"es"}]}},"_links":{"self":[{"href":"https:\/\/www.drouaire.com\/es\/wp-json\/wp\/v2\/product\/1375","targetHints":{"allow":["GET"]}}],"collection":[{"href":"https:\/\/www.drouaire.com\/es\/wp-json\/wp\/v2\/product"}],"about":[{"href":"https:\/\/www.drouaire.com\/es\/wp-json\/wp\/v2\/types\/product"}],"replies":[{"embeddable":true,"href":"https:\/\/www.drouaire.com\/es\/wp-json\/wp\/v2\/comments?post=1375"}],"wp:featuredmedia":[{"embeddable":true,"href":"https:\/\/www.drouaire.com\/es\/wp-json\/wp\/v2\/media\/1393"}],"wp:attachment":[{"href":"https:\/\/www.drouaire.com\/es\/wp-json\/wp\/v2\/media?parent=1375"}],"wp:term":[{"taxonomy":"product_brand","embeddable":true,"href":"https:\/\/www.drouaire.com\/es\/wp-json\/wp\/v2\/product_brand?post=1375"},{"taxonomy":"product_cat","embeddable":true,"href":"https:\/\/www.drouaire.com\/es\/wp-json\/wp\/v2\/product_cat?post=1375"},{"taxonomy":"product_tag","embeddable":true,"href":"https:\/\/www.drouaire.com\/es\/wp-json\/wp\/v2\/product_tag?post=1375"}],"curies":[{"name":"wp","href":"https:\/\/api.w.org\/{rel}","templated":true}]}}