{"id":1373,"date":"2024-06-19T14:50:37","date_gmt":"2024-06-19T12:50:37","guid":{"rendered":"https:\/\/dev.drouaire.com\/?post_type=product&#038;p=1373"},"modified":"2026-03-16T14:45:37","modified_gmt":"2026-03-16T13:45:37","slug":"derouleur-de-tourets-casses","status":"publish","type":"product","link":"https:\/\/www.drouaire.com\/es\/nos-produits\/derouleur-de-tourets-casses\/","title":{"rendered":"DESBOBINADOR PARA BOBINAS ROTAS"},"content":{"rendered":"<h3>CARACTER\u00cdSTICAS<\/h3>\n<div class=\"description\">\n<ul>\n<li>Para todo tipo de bobinas<\/li>\n<li>Capacidad de carga: hasta 5 toneladas<\/li>\n<li>F\u00e1cilmente transportable (con transpaleta, apilador o carretilla elevadora)<\/li>\n<li>Pasador de centrado desmontable de \u00d840<\/li>\n<li>Espacio libre para retirar las bobinas con una carretilla elevadora<\/li>\n<li>Rotaci\u00f3n mediante rodamiento de bolas (robusto)<\/li>\n<\/ul>\n<\/div>\n<h3>PUNTOS FUERTES<\/h3>\n<ul>\n<li title=\"\" data-original-title=\"\">Rentabilidad inmediata gracias al cable recuperado<\/li>\n<li title=\"\" data-original-title=\"\">peso permitido  importante<\/li>\n<\/ul>\n<div class=\"blocCertifProduit\"><\/div>","protected":false},"excerpt":{"rendered":"<p>Para todo tipo de bobinas<\/p>\n<p>Capacidad de carga: hasta 5 toneladas<\/p>\n<p>F\u00e1cilmente transportable (con transpaleta, apilador o carretilla elevadora)<\/p>","protected":false},"featured_media":1400,"comment_status":"open","ping_status":"closed","template":"","meta":{"_acf_changed":false,"_et_pb_use_builder":"","_et_pb_old_content":"","_et_gb_content_width":""},"product_brand":[],"product_cat":[21],"product_tag":[],"class_list":{"0":"post-1373","1":"product","2":"type-product","3":"status-publish","4":"has-post-thumbnail","6":"product_cat-materiels-de-chantier","8":"first","9":"instock","10":"shipping-taxable","11":"product-type-simple"},"acf":[],"yoast_head":"<!-- This site is optimized with the Yoast SEO plugin v27.1.1 - https:\/\/yoast.com\/product\/yoast-seo-wordpress\/ -->\n<title>DEROULEUR DE TOURETS CASS\u00c9S - DROUAIRE<\/title>\n<meta name=\"robots\" content=\"index, follow, max-snippet:-1, max-image-preview:large, max-video-preview:-1\" \/>\n<link rel=\"canonical\" href=\"https:\/\/www.drouaire.com\/es\/nuestros-productos\/derouleur-de-tourets-casses\/\" \/>\n<meta property=\"og:locale\" content=\"es_ES\" \/>\n<meta property=\"og:type\" content=\"article\" \/>\n<meta property=\"og:title\" content=\"DEROULEUR DE TOURETS CASS\u00c9S - DROUAIRE\" \/>\n<meta property=\"og:description\" content=\"Pour tous types de tourets  Charge admissible : jusqu\u2019\u00e0 5 tonnes  Facilement transportable (avec un transpalette, gerbeur ou chariot \u00e9l\u00e9vateur)\" \/>\n<meta property=\"og:url\" content=\"https:\/\/www.drouaire.com\/es\/nuestros-productos\/derouleur-de-tourets-casses\/\" \/>\n<meta property=\"og:site_name\" content=\"DROUAIRE\" \/>\n<meta property=\"article:modified_time\" content=\"2026-03-16T13:45:37+00:00\" \/>\n<meta property=\"og:image\" content=\"https:\/\/www.drouaire.com\/wp-content\/uploads\/2024\/06\/derouleur-tourets-casses-ok.jpg\" \/>\n\t<meta property=\"og:image:width\" content=\"365\" \/>\n\t<meta property=\"og:image:height\" content=\"365\" \/>\n\t<meta property=\"og:image:type\" content=\"image\/jpeg\" \/>\n<meta name=\"twitter:card\" content=\"summary_large_image\" \/>\n<meta name=\"twitter:label1\" content=\"Tiempo de lectura\" \/>\n\t<meta name=\"twitter:data1\" content=\"1 minuto\" \/>\n<script type=\"application\/ld+json\" class=\"yoast-schema-graph\">{\"@context\":\"https:\/\/schema.org\",\"@graph\":[{\"@type\":\"WebPage\",\"@id\":\"https:\/\/www.drouaire.com\/nos-produits\/derouleur-de-tourets-casses\/\",\"url\":\"https:\/\/www.drouaire.com\/nos-produits\/derouleur-de-tourets-casses\/\",\"name\":\"DEROULEUR DE TOURETS CASS\u00c9S - DROUAIRE\",\"isPartOf\":{\"@id\":\"https:\/\/www.drouaire.com\/#website\"},\"primaryImageOfPage\":{\"@id\":\"https:\/\/www.drouaire.com\/nos-produits\/derouleur-de-tourets-casses\/#primaryimage\"},\"image\":{\"@id\":\"https:\/\/www.drouaire.com\/nos-produits\/derouleur-de-tourets-casses\/#primaryimage\"},\"thumbnailUrl\":\"https:\/\/www.drouaire.com\/wp-content\/uploads\/2024\/06\/derouleur-tourets-casses-ok.jpg\",\"datePublished\":\"2024-06-19T12:50:37+00:00\",\"dateModified\":\"2026-03-16T13:45:37+00:00\",\"breadcrumb\":{\"@id\":\"https:\/\/www.drouaire.com\/nos-produits\/derouleur-de-tourets-casses\/#breadcrumb\"},\"inLanguage\":\"es\",\"potentialAction\":[{\"@type\":\"ReadAction\",\"target\":[\"https:\/\/www.drouaire.com\/nos-produits\/derouleur-de-tourets-casses\/\"]}]},{\"@type\":\"ImageObject\",\"inLanguage\":\"es\",\"@id\":\"https:\/\/www.drouaire.com\/nos-produits\/derouleur-de-tourets-casses\/#primaryimage\",\"url\":\"https:\/\/www.drouaire.com\/wp-content\/uploads\/2024\/06\/derouleur-tourets-casses-ok.jpg\",\"contentUrl\":\"https:\/\/www.drouaire.com\/wp-content\/uploads\/2024\/06\/derouleur-tourets-casses-ok.jpg\",\"width\":365,\"height\":365},{\"@type\":\"BreadcrumbList\",\"@id\":\"https:\/\/www.drouaire.com\/nos-produits\/derouleur-de-tourets-casses\/#breadcrumb\",\"itemListElement\":[{\"@type\":\"ListItem\",\"position\":1,\"name\":\"Home\",\"item\":\"https:\/\/www.drouaire.com\/\"},{\"@type\":\"ListItem\",\"position\":2,\"name\":\"Catalogue produits Drouaire\",\"item\":\"https:\/\/www.drouaire.com\/nos-produits\/\"},{\"@type\":\"ListItem\",\"position\":3,\"name\":\"DEROULEUR DE TOURETS CASS\u00c9S\"}]},{\"@type\":\"WebSite\",\"@id\":\"https:\/\/www.drouaire.com\/#website\",\"url\":\"https:\/\/www.drouaire.com\/\",\"name\":\"DROUAIRE\",\"description\":\"\",\"potentialAction\":[{\"@type\":\"SearchAction\",\"target\":{\"@type\":\"EntryPoint\",\"urlTemplate\":\"https:\/\/www.drouaire.com\/?s={search_term_string}\"},\"query-input\":{\"@type\":\"PropertyValueSpecification\",\"valueRequired\":true,\"valueName\":\"search_term_string\"}}],\"inLanguage\":\"es\"}]}<\/script>\n<!-- \/ Yoast SEO plugin. -->","yoast_head_json":{"title":"DEROULEUR DE TOURETS CASS\u00c9S - DROUAIRE","robots":{"index":"index","follow":"follow","max-snippet":"max-snippet:-1","max-image-preview":"max-image-preview:large","max-video-preview":"max-video-preview:-1"},"canonical":"https:\/\/www.drouaire.com\/es\/nuestros-productos\/derouleur-de-tourets-casses\/","og_locale":"es_ES","og_type":"article","og_title":"DEROULEUR DE TOURETS CASS\u00c9S - DROUAIRE","og_description":"Pour tous types de tourets  Charge admissible : jusqu\u2019\u00e0 5 tonnes  Facilement transportable (avec un transpalette, gerbeur ou chariot \u00e9l\u00e9vateur)","og_url":"https:\/\/www.drouaire.com\/es\/nuestros-productos\/derouleur-de-tourets-casses\/","og_site_name":"DROUAIRE","article_modified_time":"2026-03-16T13:45:37+00:00","og_image":[{"width":365,"height":365,"url":"https:\/\/www.drouaire.com\/wp-content\/uploads\/2024\/06\/derouleur-tourets-casses-ok.jpg","type":"image\/jpeg"}],"twitter_card":"summary_large_image","twitter_misc":{"Tiempo de lectura":"1 minuto"},"schema":{"@context":"https:\/\/schema.org","@graph":[{"@type":"WebPage","@id":"https:\/\/www.drouaire.com\/nos-produits\/derouleur-de-tourets-casses\/","url":"https:\/\/www.drouaire.com\/nos-produits\/derouleur-de-tourets-casses\/","name":"DEROULEUR DE TOURETS CASS\u00c9S - DROUAIRE","isPartOf":{"@id":"https:\/\/www.drouaire.com\/#website"},"primaryImageOfPage":{"@id":"https:\/\/www.drouaire.com\/nos-produits\/derouleur-de-tourets-casses\/#primaryimage"},"image":{"@id":"https:\/\/www.drouaire.com\/nos-produits\/derouleur-de-tourets-casses\/#primaryimage"},"thumbnailUrl":"https:\/\/www.drouaire.com\/wp-content\/uploads\/2024\/06\/derouleur-tourets-casses-ok.jpg","datePublished":"2024-06-19T12:50:37+00:00","dateModified":"2026-03-16T13:45:37+00:00","breadcrumb":{"@id":"https:\/\/www.drouaire.com\/nos-produits\/derouleur-de-tourets-casses\/#breadcrumb"},"inLanguage":"es","potentialAction":[{"@type":"ReadAction","target":["https:\/\/www.drouaire.com\/nos-produits\/derouleur-de-tourets-casses\/"]}]},{"@type":"ImageObject","inLanguage":"es","@id":"https:\/\/www.drouaire.com\/nos-produits\/derouleur-de-tourets-casses\/#primaryimage","url":"https:\/\/www.drouaire.com\/wp-content\/uploads\/2024\/06\/derouleur-tourets-casses-ok.jpg","contentUrl":"https:\/\/www.drouaire.com\/wp-content\/uploads\/2024\/06\/derouleur-tourets-casses-ok.jpg","width":365,"height":365},{"@type":"BreadcrumbList","@id":"https:\/\/www.drouaire.com\/nos-produits\/derouleur-de-tourets-casses\/#breadcrumb","itemListElement":[{"@type":"ListItem","position":1,"name":"Home","item":"https:\/\/www.drouaire.com\/"},{"@type":"ListItem","position":2,"name":"Catalogue produits Drouaire","item":"https:\/\/www.drouaire.com\/nos-produits\/"},{"@type":"ListItem","position":3,"name":"DEROULEUR DE TOURETS CASS\u00c9S"}]},{"@type":"WebSite","@id":"https:\/\/www.drouaire.com\/#website","url":"https:\/\/www.drouaire.com\/","name":"DROUAIRE","description":"","potentialAction":[{"@type":"SearchAction","target":{"@type":"EntryPoint","urlTemplate":"https:\/\/www.drouaire.com\/?s={search_term_string}"},"query-input":{"@type":"PropertyValueSpecification","valueRequired":true,"valueName":"search_term_string"}}],"inLanguage":"es"}]}},"_links":{"self":[{"href":"https:\/\/www.drouaire.com\/es\/wp-json\/wp\/v2\/product\/1373","targetHints":{"allow":["GET"]}}],"collection":[{"href":"https:\/\/www.drouaire.com\/es\/wp-json\/wp\/v2\/product"}],"about":[{"href":"https:\/\/www.drouaire.com\/es\/wp-json\/wp\/v2\/types\/product"}],"replies":[{"embeddable":true,"href":"https:\/\/www.drouaire.com\/es\/wp-json\/wp\/v2\/comments?post=1373"}],"wp:featuredmedia":[{"embeddable":true,"href":"https:\/\/www.drouaire.com\/es\/wp-json\/wp\/v2\/media\/1400"}],"wp:attachment":[{"href":"https:\/\/www.drouaire.com\/es\/wp-json\/wp\/v2\/media?parent=1373"}],"wp:term":[{"taxonomy":"product_brand","embeddable":true,"href":"https:\/\/www.drouaire.com\/es\/wp-json\/wp\/v2\/product_brand?post=1373"},{"taxonomy":"product_cat","embeddable":true,"href":"https:\/\/www.drouaire.com\/es\/wp-json\/wp\/v2\/product_cat?post=1373"},{"taxonomy":"product_tag","embeddable":true,"href":"https:\/\/www.drouaire.com\/es\/wp-json\/wp\/v2\/product_tag?post=1373"}],"curies":[{"name":"wp","href":"https:\/\/api.w.org\/{rel}","templated":true}]}}