{"id":1367,"date":"2024-06-19T11:55:34","date_gmt":"2024-06-19T09:55:34","guid":{"rendered":"https:\/\/dev.drouaire.com\/?post_type=product&#038;p=1367"},"modified":"2026-03-16T14:25:24","modified_gmt":"2026-03-16T13:25:24","slug":"bobicab-3-pe","status":"publish","type":"product","link":"https:\/\/www.drouaire.com\/es\/nos-produits\/bobicab-3-pe\/","title":{"rendered":"BOBICAB 3 PE"},"content":{"rendered":"<h3>CARACTER\u00cdSTICAS<\/h3>\n<ul>\n<li title=\"\" data-original-title=\"\">Devanado de tubos de polietileno a la salida de extrusi\u00f3n en bobinas met\u00e1licos.<\/li>\n<li title=\"\" data-original-title=\"\">Di\u00e1metro m\u00e1ximo 4100 mm.<\/li>\n<li title=\"\" data-original-title=\"\">Modelo resultante del modelo est\u00e1ndar BOBICAB III.<\/li>\n<li title=\"\" data-original-title=\"\">Devanador m\u00f3vil con motor de desplazamiento.<\/li>\n<li title=\"\" data-original-title=\"\">Devanado en par con tensi\u00f3n constante.<\/li>\n<li title=\"\" data-original-title=\"\">M\u00e1quina de producci\u00f3n adaptada para funcionamiento en 3\u00d78.<\/li>\n<\/ul>\n<div class=\"blocCertifProduit\"><\/div>","protected":false},"excerpt":{"rendered":"<p>CARACT\u00c9RISTIQUES Enroulage de tubes poly\u00e9thyl\u00e8ne en sortie d\u2019extrusion sur des tourets m\u00e9tallliques. Diam\u00e8tre maxi 4100 mm. Issu du mod\u00e8le standard BOBICAB III. Enrouleuse mobile avec moteur de d\u00e9placement. Enroulement en couple avec tension constante. Machine de production\u00a0adapt\u00e9e pour\u00a0fonctionnement en 3X8.<\/p>","protected":false},"featured_media":1840,"comment_status":"open","ping_status":"closed","template":"","meta":{"_acf_changed":false,"_et_pb_use_builder":"","_et_pb_old_content":"","_et_gb_content_width":""},"product_brand":[],"product_cat":[20],"product_tag":[],"class_list":{"0":"post-1367","1":"product","2":"type-product","3":"status-publish","4":"has-post-thumbnail","6":"product_cat-machines-speciales","8":"first","9":"instock","10":"shipping-taxable","11":"product-type-simple"},"acf":[],"yoast_head":"<!-- This site is optimized with the Yoast SEO plugin v27.1.1 - https:\/\/yoast.com\/product\/yoast-seo-wordpress\/ -->\n<title>BOBICAB 3 PE - DROUAIRE<\/title>\n<meta name=\"robots\" content=\"index, follow, max-snippet:-1, max-image-preview:large, max-video-preview:-1\" \/>\n<link rel=\"canonical\" href=\"https:\/\/www.drouaire.com\/es\/nuestros-productos\/bobicab-3-pe\/\" \/>\n<meta property=\"og:locale\" content=\"es_ES\" \/>\n<meta property=\"og:type\" content=\"article\" \/>\n<meta property=\"og:title\" content=\"BOBICAB 3 PE - DROUAIRE\" \/>\n<meta property=\"og:description\" content=\"CARACT\u00c9RISTIQUES Enroulage de tubes poly\u00e9thyl\u00e8ne en sortie d\u2019extrusion sur des tourets m\u00e9tallliques. Diam\u00e8tre maxi 4100 mm. Issu du mod\u00e8le standard BOBICAB III. Enrouleuse mobile avec moteur de d\u00e9placement. Enroulement en couple avec tension constante. Machine de production\u00a0adapt\u00e9e pour\u00a0fonctionnement en 3X8.\" \/>\n<meta property=\"og:url\" content=\"https:\/\/www.drouaire.com\/es\/nuestros-productos\/bobicab-3-pe\/\" \/>\n<meta property=\"og:site_name\" content=\"DROUAIRE\" \/>\n<meta property=\"article:modified_time\" content=\"2026-03-16T13:25:24+00:00\" \/>\n<meta property=\"og:image\" content=\"https:\/\/www.drouaire.com\/wp-content\/uploads\/2024\/06\/Bobicab-3PE.jpg\" \/>\n\t<meta property=\"og:image:width\" content=\"781\" \/>\n\t<meta property=\"og:image:height\" content=\"781\" \/>\n\t<meta property=\"og:image:type\" content=\"image\/jpeg\" \/>\n<meta name=\"twitter:card\" content=\"summary_large_image\" \/>\n<meta name=\"twitter:label1\" content=\"Tiempo de lectura\" \/>\n\t<meta name=\"twitter:data1\" content=\"1 minuto\" \/>\n<script type=\"application\/ld+json\" class=\"yoast-schema-graph\">{\"@context\":\"https:\/\/schema.org\",\"@graph\":[{\"@type\":\"WebPage\",\"@id\":\"https:\/\/www.drouaire.com\/nos-produits\/bobicab-3-pe\/\",\"url\":\"https:\/\/www.drouaire.com\/nos-produits\/bobicab-3-pe\/\",\"name\":\"BOBICAB 3 PE - DROUAIRE\",\"isPartOf\":{\"@id\":\"https:\/\/www.drouaire.com\/#website\"},\"primaryImageOfPage\":{\"@id\":\"https:\/\/www.drouaire.com\/nos-produits\/bobicab-3-pe\/#primaryimage\"},\"image\":{\"@id\":\"https:\/\/www.drouaire.com\/nos-produits\/bobicab-3-pe\/#primaryimage\"},\"thumbnailUrl\":\"https:\/\/www.drouaire.com\/wp-content\/uploads\/2024\/06\/Bobicab-3PE.jpg\",\"datePublished\":\"2024-06-19T09:55:34+00:00\",\"dateModified\":\"2026-03-16T13:25:24+00:00\",\"breadcrumb\":{\"@id\":\"https:\/\/www.drouaire.com\/nos-produits\/bobicab-3-pe\/#breadcrumb\"},\"inLanguage\":\"es\",\"potentialAction\":[{\"@type\":\"ReadAction\",\"target\":[\"https:\/\/www.drouaire.com\/nos-produits\/bobicab-3-pe\/\"]}]},{\"@type\":\"ImageObject\",\"inLanguage\":\"es\",\"@id\":\"https:\/\/www.drouaire.com\/nos-produits\/bobicab-3-pe\/#primaryimage\",\"url\":\"https:\/\/www.drouaire.com\/wp-content\/uploads\/2024\/06\/Bobicab-3PE.jpg\",\"contentUrl\":\"https:\/\/www.drouaire.com\/wp-content\/uploads\/2024\/06\/Bobicab-3PE.jpg\",\"width\":781,\"height\":781,\"caption\":\"Bobicab 3PE\"},{\"@type\":\"BreadcrumbList\",\"@id\":\"https:\/\/www.drouaire.com\/nos-produits\/bobicab-3-pe\/#breadcrumb\",\"itemListElement\":[{\"@type\":\"ListItem\",\"position\":1,\"name\":\"Home\",\"item\":\"https:\/\/www.drouaire.com\/\"},{\"@type\":\"ListItem\",\"position\":2,\"name\":\"Catalogue produits Drouaire\",\"item\":\"https:\/\/www.drouaire.com\/nos-produits\/\"},{\"@type\":\"ListItem\",\"position\":3,\"name\":\"BOBICAB 3 PE\"}]},{\"@type\":\"WebSite\",\"@id\":\"https:\/\/www.drouaire.com\/#website\",\"url\":\"https:\/\/www.drouaire.com\/\",\"name\":\"DROUAIRE\",\"description\":\"\",\"potentialAction\":[{\"@type\":\"SearchAction\",\"target\":{\"@type\":\"EntryPoint\",\"urlTemplate\":\"https:\/\/www.drouaire.com\/?s={search_term_string}\"},\"query-input\":{\"@type\":\"PropertyValueSpecification\",\"valueRequired\":true,\"valueName\":\"search_term_string\"}}],\"inLanguage\":\"es\"}]}<\/script>\n<!-- \/ Yoast SEO plugin. -->","yoast_head_json":{"title":"BOBICAB 3 PE - DROUAIRE","robots":{"index":"index","follow":"follow","max-snippet":"max-snippet:-1","max-image-preview":"max-image-preview:large","max-video-preview":"max-video-preview:-1"},"canonical":"https:\/\/www.drouaire.com\/es\/nuestros-productos\/bobicab-3-pe\/","og_locale":"es_ES","og_type":"article","og_title":"BOBICAB 3 PE - DROUAIRE","og_description":"CARACT\u00c9RISTIQUES Enroulage de tubes poly\u00e9thyl\u00e8ne en sortie d\u2019extrusion sur des tourets m\u00e9tallliques. Diam\u00e8tre maxi 4100 mm. Issu du mod\u00e8le standard BOBICAB III. Enrouleuse mobile avec moteur de d\u00e9placement. Enroulement en couple avec tension constante. Machine de production\u00a0adapt\u00e9e pour\u00a0fonctionnement en 3X8.","og_url":"https:\/\/www.drouaire.com\/es\/nuestros-productos\/bobicab-3-pe\/","og_site_name":"DROUAIRE","article_modified_time":"2026-03-16T13:25:24+00:00","og_image":[{"width":781,"height":781,"url":"https:\/\/www.drouaire.com\/wp-content\/uploads\/2024\/06\/Bobicab-3PE.jpg","type":"image\/jpeg"}],"twitter_card":"summary_large_image","twitter_misc":{"Tiempo de lectura":"1 minuto"},"schema":{"@context":"https:\/\/schema.org","@graph":[{"@type":"WebPage","@id":"https:\/\/www.drouaire.com\/nos-produits\/bobicab-3-pe\/","url":"https:\/\/www.drouaire.com\/nos-produits\/bobicab-3-pe\/","name":"BOBICAB 3 PE - DROUAIRE","isPartOf":{"@id":"https:\/\/www.drouaire.com\/#website"},"primaryImageOfPage":{"@id":"https:\/\/www.drouaire.com\/nos-produits\/bobicab-3-pe\/#primaryimage"},"image":{"@id":"https:\/\/www.drouaire.com\/nos-produits\/bobicab-3-pe\/#primaryimage"},"thumbnailUrl":"https:\/\/www.drouaire.com\/wp-content\/uploads\/2024\/06\/Bobicab-3PE.jpg","datePublished":"2024-06-19T09:55:34+00:00","dateModified":"2026-03-16T13:25:24+00:00","breadcrumb":{"@id":"https:\/\/www.drouaire.com\/nos-produits\/bobicab-3-pe\/#breadcrumb"},"inLanguage":"es","potentialAction":[{"@type":"ReadAction","target":["https:\/\/www.drouaire.com\/nos-produits\/bobicab-3-pe\/"]}]},{"@type":"ImageObject","inLanguage":"es","@id":"https:\/\/www.drouaire.com\/nos-produits\/bobicab-3-pe\/#primaryimage","url":"https:\/\/www.drouaire.com\/wp-content\/uploads\/2024\/06\/Bobicab-3PE.jpg","contentUrl":"https:\/\/www.drouaire.com\/wp-content\/uploads\/2024\/06\/Bobicab-3PE.jpg","width":781,"height":781,"caption":"Bobicab 3PE"},{"@type":"BreadcrumbList","@id":"https:\/\/www.drouaire.com\/nos-produits\/bobicab-3-pe\/#breadcrumb","itemListElement":[{"@type":"ListItem","position":1,"name":"Home","item":"https:\/\/www.drouaire.com\/"},{"@type":"ListItem","position":2,"name":"Catalogue produits Drouaire","item":"https:\/\/www.drouaire.com\/nos-produits\/"},{"@type":"ListItem","position":3,"name":"BOBICAB 3 PE"}]},{"@type":"WebSite","@id":"https:\/\/www.drouaire.com\/#website","url":"https:\/\/www.drouaire.com\/","name":"DROUAIRE","description":"","potentialAction":[{"@type":"SearchAction","target":{"@type":"EntryPoint","urlTemplate":"https:\/\/www.drouaire.com\/?s={search_term_string}"},"query-input":{"@type":"PropertyValueSpecification","valueRequired":true,"valueName":"search_term_string"}}],"inLanguage":"es"}]}},"_links":{"self":[{"href":"https:\/\/www.drouaire.com\/es\/wp-json\/wp\/v2\/product\/1367","targetHints":{"allow":["GET"]}}],"collection":[{"href":"https:\/\/www.drouaire.com\/es\/wp-json\/wp\/v2\/product"}],"about":[{"href":"https:\/\/www.drouaire.com\/es\/wp-json\/wp\/v2\/types\/product"}],"replies":[{"embeddable":true,"href":"https:\/\/www.drouaire.com\/es\/wp-json\/wp\/v2\/comments?post=1367"}],"wp:featuredmedia":[{"embeddable":true,"href":"https:\/\/www.drouaire.com\/es\/wp-json\/wp\/v2\/media\/1840"}],"wp:attachment":[{"href":"https:\/\/www.drouaire.com\/es\/wp-json\/wp\/v2\/media?parent=1367"}],"wp:term":[{"taxonomy":"product_brand","embeddable":true,"href":"https:\/\/www.drouaire.com\/es\/wp-json\/wp\/v2\/product_brand?post=1367"},{"taxonomy":"product_cat","embeddable":true,"href":"https:\/\/www.drouaire.com\/es\/wp-json\/wp\/v2\/product_cat?post=1367"},{"taxonomy":"product_tag","embeddable":true,"href":"https:\/\/www.drouaire.com\/es\/wp-json\/wp\/v2\/product_tag?post=1367"}],"curies":[{"name":"wp","href":"https:\/\/api.w.org\/{rel}","templated":true}]}}