{"id":1364,"date":"2024-06-19T11:02:52","date_gmt":"2024-06-19T09:02:52","guid":{"rendered":"https:\/\/dev.drouaire.com\/?post_type=product&#038;p=1364"},"modified":"2026-03-16T14:47:39","modified_gmt":"2026-03-16T13:47:39","slug":"alimentation-electrique-par-rail-electrique","status":"publish","type":"product","link":"https:\/\/www.drouaire.com\/es\/nos-produits\/alimentation-electrique-par-rail-electrique\/","title":{"rendered":"POWER SUPPLY VIA ELECTRICAL RAIL"},"content":{"rendered":"<h3>CARACTER\u00cdSTICAS<\/h3>\n<p>Modular con elementos rectos de 5 metros de largo.<\/p>\n<p>Carro colector electrificado deslizante en el carril.<\/p>\n<p>Se suministra con soportes especialmente dise\u00f1ados para su fijaci\u00f3n en la parte superior de las estanter\u00edas DROUAIRE, que pueden adaptarse a otras estanter\u00edas o al techo.<\/p>\n<p>&nbsp;<\/p>","protected":false},"excerpt":{"rendered":"<div class=\"description\">\n<p>230 V monof\u00e1sico + tierra o 380 V trif\u00e1sico + neutro + tierra<\/p>\n<\/div>","protected":false},"featured_media":1429,"comment_status":"open","ping_status":"closed","template":"","meta":{"_acf_changed":false,"_et_pb_use_builder":"","_et_pb_old_content":"","_et_gb_content_width":""},"product_brand":[],"product_cat":[19],"product_tag":[],"class_list":{"0":"post-1364","1":"product","2":"type-product","3":"status-publish","4":"has-post-thumbnail","6":"product_cat-racks-et-accessoires","8":"first","9":"instock","10":"shipping-taxable","11":"product-type-simple"},"acf":[],"yoast_head":"<!-- This site is optimized with the Yoast SEO plugin v27.1.1 - https:\/\/yoast.com\/product\/yoast-seo-wordpress\/ -->\n<title>ALIMENTATION ELECTRIQUE PAR RAIL ELECTRIQUE - DROUAIRE<\/title>\n<meta name=\"robots\" content=\"index, follow, max-snippet:-1, max-image-preview:large, max-video-preview:-1\" \/>\n<link rel=\"canonical\" href=\"https:\/\/www.drouaire.com\/es\/nuestros-productos\/alimentation-electrique-par-rail-electrique\/\" \/>\n<meta property=\"og:locale\" content=\"es_ES\" \/>\n<meta property=\"og:type\" content=\"article\" \/>\n<meta property=\"og:title\" content=\"ALIMENTATION ELECTRIQUE PAR RAIL ELECTRIQUE - DROUAIRE\" \/>\n<meta property=\"og:description\" content=\"230 V monophas\u00e9 + Terre ou 380 V triphas\u00e9 + neutre + terre\" \/>\n<meta property=\"og:url\" content=\"https:\/\/www.drouaire.com\/es\/nuestros-productos\/alimentation-electrique-par-rail-electrique\/\" \/>\n<meta property=\"og:site_name\" content=\"DROUAIRE\" \/>\n<meta property=\"article:modified_time\" content=\"2026-03-16T13:47:39+00:00\" \/>\n<meta property=\"og:image\" content=\"https:\/\/www.drouaire.com\/wp-content\/uploads\/2024\/06\/rail-electrique2.jpg\" \/>\n\t<meta property=\"og:image:width\" content=\"365\" \/>\n\t<meta property=\"og:image:height\" content=\"365\" \/>\n\t<meta property=\"og:image:type\" content=\"image\/jpeg\" \/>\n<meta name=\"twitter:card\" content=\"summary_large_image\" \/>\n<meta name=\"twitter:label1\" content=\"Tiempo de lectura\" \/>\n\t<meta name=\"twitter:data1\" content=\"1 minuto\" \/>\n<script type=\"application\/ld+json\" class=\"yoast-schema-graph\">{\"@context\":\"https:\/\/schema.org\",\"@graph\":[{\"@type\":\"WebPage\",\"@id\":\"https:\/\/www.drouaire.com\/nos-produits\/alimentation-electrique-par-rail-electrique\/\",\"url\":\"https:\/\/www.drouaire.com\/nos-produits\/alimentation-electrique-par-rail-electrique\/\",\"name\":\"ALIMENTATION ELECTRIQUE PAR RAIL ELECTRIQUE - DROUAIRE\",\"isPartOf\":{\"@id\":\"https:\/\/www.drouaire.com\/#website\"},\"primaryImageOfPage\":{\"@id\":\"https:\/\/www.drouaire.com\/nos-produits\/alimentation-electrique-par-rail-electrique\/#primaryimage\"},\"image\":{\"@id\":\"https:\/\/www.drouaire.com\/nos-produits\/alimentation-electrique-par-rail-electrique\/#primaryimage\"},\"thumbnailUrl\":\"https:\/\/www.drouaire.com\/wp-content\/uploads\/2024\/06\/rail-electrique2.jpg\",\"datePublished\":\"2024-06-19T09:02:52+00:00\",\"dateModified\":\"2026-03-16T13:47:39+00:00\",\"breadcrumb\":{\"@id\":\"https:\/\/www.drouaire.com\/nos-produits\/alimentation-electrique-par-rail-electrique\/#breadcrumb\"},\"inLanguage\":\"es\",\"potentialAction\":[{\"@type\":\"ReadAction\",\"target\":[\"https:\/\/www.drouaire.com\/nos-produits\/alimentation-electrique-par-rail-electrique\/\"]}]},{\"@type\":\"ImageObject\",\"inLanguage\":\"es\",\"@id\":\"https:\/\/www.drouaire.com\/nos-produits\/alimentation-electrique-par-rail-electrique\/#primaryimage\",\"url\":\"https:\/\/www.drouaire.com\/wp-content\/uploads\/2024\/06\/rail-electrique2.jpg\",\"contentUrl\":\"https:\/\/www.drouaire.com\/wp-content\/uploads\/2024\/06\/rail-electrique2.jpg\",\"width\":365,\"height\":365},{\"@type\":\"BreadcrumbList\",\"@id\":\"https:\/\/www.drouaire.com\/nos-produits\/alimentation-electrique-par-rail-electrique\/#breadcrumb\",\"itemListElement\":[{\"@type\":\"ListItem\",\"position\":1,\"name\":\"Home\",\"item\":\"https:\/\/www.drouaire.com\/\"},{\"@type\":\"ListItem\",\"position\":2,\"name\":\"Catalogue produits Drouaire\",\"item\":\"https:\/\/www.drouaire.com\/nos-produits\/\"},{\"@type\":\"ListItem\",\"position\":3,\"name\":\"ALIMENTATION ELECTRIQUE PAR RAIL ELECTRIQUE\"}]},{\"@type\":\"WebSite\",\"@id\":\"https:\/\/www.drouaire.com\/#website\",\"url\":\"https:\/\/www.drouaire.com\/\",\"name\":\"DROUAIRE\",\"description\":\"\",\"potentialAction\":[{\"@type\":\"SearchAction\",\"target\":{\"@type\":\"EntryPoint\",\"urlTemplate\":\"https:\/\/www.drouaire.com\/?s={search_term_string}\"},\"query-input\":{\"@type\":\"PropertyValueSpecification\",\"valueRequired\":true,\"valueName\":\"search_term_string\"}}],\"inLanguage\":\"es\"}]}<\/script>\n<!-- \/ Yoast SEO plugin. -->","yoast_head_json":{"title":"ALIMENTATION ELECTRIQUE PAR RAIL ELECTRIQUE - DROUAIRE","robots":{"index":"index","follow":"follow","max-snippet":"max-snippet:-1","max-image-preview":"max-image-preview:large","max-video-preview":"max-video-preview:-1"},"canonical":"https:\/\/www.drouaire.com\/es\/nuestros-productos\/alimentation-electrique-par-rail-electrique\/","og_locale":"es_ES","og_type":"article","og_title":"ALIMENTATION ELECTRIQUE PAR RAIL ELECTRIQUE - DROUAIRE","og_description":"230 V monophas\u00e9 + Terre ou 380 V triphas\u00e9 + neutre + terre","og_url":"https:\/\/www.drouaire.com\/es\/nuestros-productos\/alimentation-electrique-par-rail-electrique\/","og_site_name":"DROUAIRE","article_modified_time":"2026-03-16T13:47:39+00:00","og_image":[{"width":365,"height":365,"url":"https:\/\/www.drouaire.com\/wp-content\/uploads\/2024\/06\/rail-electrique2.jpg","type":"image\/jpeg"}],"twitter_card":"summary_large_image","twitter_misc":{"Tiempo de lectura":"1 minuto"},"schema":{"@context":"https:\/\/schema.org","@graph":[{"@type":"WebPage","@id":"https:\/\/www.drouaire.com\/nos-produits\/alimentation-electrique-par-rail-electrique\/","url":"https:\/\/www.drouaire.com\/nos-produits\/alimentation-electrique-par-rail-electrique\/","name":"ALIMENTATION ELECTRIQUE PAR RAIL ELECTRIQUE - DROUAIRE","isPartOf":{"@id":"https:\/\/www.drouaire.com\/#website"},"primaryImageOfPage":{"@id":"https:\/\/www.drouaire.com\/nos-produits\/alimentation-electrique-par-rail-electrique\/#primaryimage"},"image":{"@id":"https:\/\/www.drouaire.com\/nos-produits\/alimentation-electrique-par-rail-electrique\/#primaryimage"},"thumbnailUrl":"https:\/\/www.drouaire.com\/wp-content\/uploads\/2024\/06\/rail-electrique2.jpg","datePublished":"2024-06-19T09:02:52+00:00","dateModified":"2026-03-16T13:47:39+00:00","breadcrumb":{"@id":"https:\/\/www.drouaire.com\/nos-produits\/alimentation-electrique-par-rail-electrique\/#breadcrumb"},"inLanguage":"es","potentialAction":[{"@type":"ReadAction","target":["https:\/\/www.drouaire.com\/nos-produits\/alimentation-electrique-par-rail-electrique\/"]}]},{"@type":"ImageObject","inLanguage":"es","@id":"https:\/\/www.drouaire.com\/nos-produits\/alimentation-electrique-par-rail-electrique\/#primaryimage","url":"https:\/\/www.drouaire.com\/wp-content\/uploads\/2024\/06\/rail-electrique2.jpg","contentUrl":"https:\/\/www.drouaire.com\/wp-content\/uploads\/2024\/06\/rail-electrique2.jpg","width":365,"height":365},{"@type":"BreadcrumbList","@id":"https:\/\/www.drouaire.com\/nos-produits\/alimentation-electrique-par-rail-electrique\/#breadcrumb","itemListElement":[{"@type":"ListItem","position":1,"name":"Home","item":"https:\/\/www.drouaire.com\/"},{"@type":"ListItem","position":2,"name":"Catalogue produits Drouaire","item":"https:\/\/www.drouaire.com\/nos-produits\/"},{"@type":"ListItem","position":3,"name":"ALIMENTATION ELECTRIQUE PAR RAIL ELECTRIQUE"}]},{"@type":"WebSite","@id":"https:\/\/www.drouaire.com\/#website","url":"https:\/\/www.drouaire.com\/","name":"DROUAIRE","description":"","potentialAction":[{"@type":"SearchAction","target":{"@type":"EntryPoint","urlTemplate":"https:\/\/www.drouaire.com\/?s={search_term_string}"},"query-input":{"@type":"PropertyValueSpecification","valueRequired":true,"valueName":"search_term_string"}}],"inLanguage":"es"}]}},"_links":{"self":[{"href":"https:\/\/www.drouaire.com\/es\/wp-json\/wp\/v2\/product\/1364","targetHints":{"allow":["GET"]}}],"collection":[{"href":"https:\/\/www.drouaire.com\/es\/wp-json\/wp\/v2\/product"}],"about":[{"href":"https:\/\/www.drouaire.com\/es\/wp-json\/wp\/v2\/types\/product"}],"replies":[{"embeddable":true,"href":"https:\/\/www.drouaire.com\/es\/wp-json\/wp\/v2\/comments?post=1364"}],"wp:featuredmedia":[{"embeddable":true,"href":"https:\/\/www.drouaire.com\/es\/wp-json\/wp\/v2\/media\/1429"}],"wp:attachment":[{"href":"https:\/\/www.drouaire.com\/es\/wp-json\/wp\/v2\/media?parent=1364"}],"wp:term":[{"taxonomy":"product_brand","embeddable":true,"href":"https:\/\/www.drouaire.com\/es\/wp-json\/wp\/v2\/product_brand?post=1364"},{"taxonomy":"product_cat","embeddable":true,"href":"https:\/\/www.drouaire.com\/es\/wp-json\/wp\/v2\/product_cat?post=1364"},{"taxonomy":"product_tag","embeddable":true,"href":"https:\/\/www.drouaire.com\/es\/wp-json\/wp\/v2\/product_tag?post=1364"}],"curies":[{"name":"wp","href":"https:\/\/api.w.org\/{rel}","templated":true}]}}