{"id":1358,"date":"2024-06-19T10:36:58","date_gmt":"2024-06-19T08:36:58","guid":{"rendered":"https:\/\/dev.drouaire.com\/?post_type=product&#038;p=1358"},"modified":"2026-03-16T14:52:05","modified_gmt":"2026-03-16T13:52:05","slug":"bobicab-2r-ou-3r-polyvalent-pour-fibre-optique-o-1-650-maxi","status":"publish","type":"product","link":"https:\/\/www.drouaire.com\/es\/nos-produits\/bobicab-2r-ou-3r-polyvalent-pour-fibre-optique-o-1-650-maxi\/","title":{"rendered":"BOBICAB 2R OU 3R POLYVALENT POUR FIBRE OPTIQUE \u00d8 1 650 mm Maxi"},"content":{"rendered":"<div class=\"description\">\n<p>OPTIMICE SU INVERSI\u00d3N !<\/p>\n<p>Se puede enrollar :<\/p>\n<ul>\n<li title=\"\" data-original-title=\"\">delante del rack,<\/li>\n<li title=\"\" data-original-title=\"\">delante del desbobinador para cables normales,<\/li>\n<li title=\"\" data-original-title=\"\">delante del desenrollador, a trav\u00e9s del pantin de control para cables fr\u00e1giles.<\/li>\n<\/ul>\n<\/div>\n<h3>CARACTER\u00cdSTICAS<\/h3>\n<ul>\n<li title=\"\" data-original-title=\"\">Bobina : \u00d8 600 a 1400 mm max (1650 mm por el Bobicab 3R).<\/li>\n<li title=\"\" data-original-title=\"\">Bobinadora de rollos: \u00d8900 mm.<\/li>\n<li title=\"\" data-original-title=\"\">Cable: m\u00e1x. \u00d8 55 mm para flexible.<\/li>\n<li title=\"\" data-original-title=\"\">Fibra \u00f3ptica v\u00eda el pantin.<\/li>\n<li title=\"\" data-original-title=\"\">Devanador de bobina: \u00d8600 a 1650 mm m\u00e1x.<\/li>\n<\/ul>\n<h3>PUNTOS FUERTES<\/h3>\n<p>Bobicab 2R ou 3R polyvalent :<\/p>\n<ul>\n<li title=\"\" data-original-title=\"\">Ergonom\u00eda.<\/li>\n<li title=\"\" data-original-title=\"\">Rollo o bobina \u00d8 de 600 a 1400 mm m\u00e1x. Anchura: 930 mm.<\/li>\n<li title=\"\" data-original-title=\"\">Colocaci\u00f3n de la bobina entre puntas y, por tanto, sin eje.<\/li>\n<li title=\"\" data-original-title=\"\">Arrastre de la bobina por adherencia, sin dedo de arrastre.<\/li>\n<li title=\"\" data-original-title=\"\">Cortadora hidraulica de cables.<\/li>\n<li title=\"\" data-original-title=\"\">Especialmente robusta y fiable.<\/li>\n<li title=\"\" data-original-title=\"\">El operador se desplaza con la bobinadora sobre una plataforma motorizada.<\/li>\n<li title=\"\" data-original-title=\"\">Dise\u00f1ado para 30 a 100 cortes por d\u00eda (plataforma log\u00edstica).<\/li>\n<li title=\"\" data-original-title=\"\">Ahorro de tiempo: trascaneo electr\u00f3nico.<\/li>\n<li title=\"\" data-original-title=\"\">F\u00e1cil programaci\u00f3n gracias a la pantalla t\u00e1ctil personalizable.<\/li>\n<li title=\"\" data-original-title=\"\">Techo de protecci\u00f3n y devanadera de film de pl\u00e1stico de serie.<\/li>\n<li title=\"\" data-original-title=\"\">Branchement rapide et facile avec une prise pour accouplement au d\u00e9rouleur<\/li>\n<\/ul>\n<p>Desenrollador :<\/p>\n<ul>\n<li title=\"\" data-original-title=\"\">Desenrollador motorizado para bobinas de \u00d8600 a 1650 mm (posibilidad de hasta 2600 mm).<\/li>\n<li title=\"\" data-original-title=\"\">Seguridad mediante barreras f\u00edsicas e intangibles.<\/li>\n<\/ul>\n<p>Pantin :<\/p>\n<ul>\n<li title=\"\" data-original-title=\"\">Pantin de r\u00e9gulation pour une tension tr\u00e8s faible sur la fibre optique : perte maxi 3db\/km<\/li>\n<\/ul>\n<h3>opcional<\/h3>\n<ul>\n<li title=\"\" data-original-title=\"\">Bobinaroras de rollos extensible para modificar el di\u00e1metro interior de los rollos.<\/li>\n<li title=\"\" data-original-title=\"\">Escudo de protecci\u00f3n para trabajar en un entorno accesible a otra persona diferente del operador.<\/li>\n<\/ul>\n<p>&nbsp;<\/p>","protected":false},"excerpt":{"rendered":"<div class=\"description\">\n<p>Compuesto por:<\/p>\n<ul>\n<li title=\"\" data-original-title=\"\">un desbobinador de bobinas \u00d8600 - 1650 mm (posibilidad hasta 2600 mm).<\/li>\n<li title=\"\" data-original-title=\"\">un pantin de regulacion.<\/li>\n<li title=\"\" data-original-title=\"\">un enrollador m\u00f3vil Bobicab 2R o Bobicab 3R.<\/li>\n<\/ul>\n<\/div>","protected":false},"featured_media":1823,"comment_status":"open","ping_status":"closed","template":"","meta":{"_acf_changed":false,"_et_pb_use_builder":"","_et_pb_old_content":"","_et_gb_content_width":""},"product_brand":[],"product_cat":[18],"product_tag":[],"class_list":{"0":"post-1358","1":"product","2":"type-product","3":"status-publish","4":"has-post-thumbnail","6":"product_cat-enrouleurs-pour-centre-logistique","8":"first","9":"instock","10":"shipping-taxable","11":"product-type-simple"},"acf":[],"yoast_head":"<!-- This site is optimized with the Yoast SEO plugin v27.1.1 - https:\/\/yoast.com\/product\/yoast-seo-wordpress\/ -->\n<title>BOBICAB 2R OU 3R POLYVALENT POUR FIBRE OPTIQUE \u00d8 1 650 mm Maxi - DROUAIRE<\/title>\n<meta name=\"robots\" content=\"index, follow, max-snippet:-1, max-image-preview:large, max-video-preview:-1\" \/>\n<link rel=\"canonical\" href=\"https:\/\/www.drouaire.com\/es\/nuestros-productos\/bobicab-2r-ou-3r-polyvalent-pour-fibre-optique-o-1-650-maxi\/\" \/>\n<meta property=\"og:locale\" content=\"es_ES\" \/>\n<meta property=\"og:type\" content=\"article\" \/>\n<meta property=\"og:title\" content=\"BOBICAB 2R OU 3R POLYVALENT POUR FIBRE OPTIQUE \u00d8 1 650 mm Maxi - DROUAIRE\" \/>\n<meta property=\"og:description\" content=\"Compos\u00e9 :   d\u2019un d\u00e9rouleur de tourets \u00d8600 \u2013 1650 mm (possibilit\u00e9 jusqu\u2019\u00e0 2600 mm)  d\u2019un pantin de r\u00e9gulation  d\u2019un enrouleur mobile Bobicab 2R ou Bobicab 3R\" \/>\n<meta property=\"og:url\" content=\"https:\/\/www.drouaire.com\/es\/nuestros-productos\/bobicab-2r-ou-3r-polyvalent-pour-fibre-optique-o-1-650-maxi\/\" \/>\n<meta property=\"og:site_name\" content=\"DROUAIRE\" \/>\n<meta property=\"article:modified_time\" content=\"2026-03-16T13:52:05+00:00\" \/>\n<meta property=\"og:image\" content=\"https:\/\/www.drouaire.com\/wp-content\/uploads\/2024\/06\/bobicab-2R-ou-3R-pour-fibre-optique-1.jpg\" \/>\n\t<meta property=\"og:image:width\" content=\"900\" \/>\n\t<meta property=\"og:image:height\" content=\"900\" \/>\n\t<meta property=\"og:image:type\" content=\"image\/jpeg\" \/>\n<meta name=\"twitter:card\" content=\"summary_large_image\" \/>\n<meta name=\"twitter:label1\" content=\"Tiempo de lectura\" \/>\n\t<meta name=\"twitter:data1\" content=\"2 minutos\" \/>\n<script type=\"application\/ld+json\" class=\"yoast-schema-graph\">{\"@context\":\"https:\/\/schema.org\",\"@graph\":[{\"@type\":\"WebPage\",\"@id\":\"https:\/\/www.drouaire.com\/nos-produits\/bobicab-2r-ou-3r-polyvalent-pour-fibre-optique-o-1-650-maxi\/\",\"url\":\"https:\/\/www.drouaire.com\/nos-produits\/bobicab-2r-ou-3r-polyvalent-pour-fibre-optique-o-1-650-maxi\/\",\"name\":\"BOBICAB 2R OU 3R POLYVALENT POUR FIBRE OPTIQUE \u00d8 1 650 mm Maxi - DROUAIRE\",\"isPartOf\":{\"@id\":\"https:\/\/www.drouaire.com\/#website\"},\"primaryImageOfPage\":{\"@id\":\"https:\/\/www.drouaire.com\/nos-produits\/bobicab-2r-ou-3r-polyvalent-pour-fibre-optique-o-1-650-maxi\/#primaryimage\"},\"image\":{\"@id\":\"https:\/\/www.drouaire.com\/nos-produits\/bobicab-2r-ou-3r-polyvalent-pour-fibre-optique-o-1-650-maxi\/#primaryimage\"},\"thumbnailUrl\":\"https:\/\/www.drouaire.com\/wp-content\/uploads\/2024\/06\/bobicab-2R-ou-3R-pour-fibre-optique-1.jpg\",\"datePublished\":\"2024-06-19T08:36:58+00:00\",\"dateModified\":\"2026-03-16T13:52:05+00:00\",\"breadcrumb\":{\"@id\":\"https:\/\/www.drouaire.com\/nos-produits\/bobicab-2r-ou-3r-polyvalent-pour-fibre-optique-o-1-650-maxi\/#breadcrumb\"},\"inLanguage\":\"es\",\"potentialAction\":[{\"@type\":\"ReadAction\",\"target\":[\"https:\/\/www.drouaire.com\/nos-produits\/bobicab-2r-ou-3r-polyvalent-pour-fibre-optique-o-1-650-maxi\/\"]}]},{\"@type\":\"ImageObject\",\"inLanguage\":\"es\",\"@id\":\"https:\/\/www.drouaire.com\/nos-produits\/bobicab-2r-ou-3r-polyvalent-pour-fibre-optique-o-1-650-maxi\/#primaryimage\",\"url\":\"https:\/\/www.drouaire.com\/wp-content\/uploads\/2024\/06\/bobicab-2R-ou-3R-pour-fibre-optique-1.jpg\",\"contentUrl\":\"https:\/\/www.drouaire.com\/wp-content\/uploads\/2024\/06\/bobicab-2R-ou-3R-pour-fibre-optique-1.jpg\",\"width\":900,\"height\":900},{\"@type\":\"BreadcrumbList\",\"@id\":\"https:\/\/www.drouaire.com\/nos-produits\/bobicab-2r-ou-3r-polyvalent-pour-fibre-optique-o-1-650-maxi\/#breadcrumb\",\"itemListElement\":[{\"@type\":\"ListItem\",\"position\":1,\"name\":\"Home\",\"item\":\"https:\/\/www.drouaire.com\/\"},{\"@type\":\"ListItem\",\"position\":2,\"name\":\"Catalogue produits Drouaire\",\"item\":\"https:\/\/www.drouaire.com\/nos-produits\/\"},{\"@type\":\"ListItem\",\"position\":3,\"name\":\"BOBICAB 2R OU 3R POLYVALENT POUR FIBRE OPTIQUE \u00d8 1 650 mm Maxi\"}]},{\"@type\":\"WebSite\",\"@id\":\"https:\/\/www.drouaire.com\/#website\",\"url\":\"https:\/\/www.drouaire.com\/\",\"name\":\"DROUAIRE\",\"description\":\"\",\"potentialAction\":[{\"@type\":\"SearchAction\",\"target\":{\"@type\":\"EntryPoint\",\"urlTemplate\":\"https:\/\/www.drouaire.com\/?s={search_term_string}\"},\"query-input\":{\"@type\":\"PropertyValueSpecification\",\"valueRequired\":true,\"valueName\":\"search_term_string\"}}],\"inLanguage\":\"es\"}]}<\/script>\n<!-- \/ Yoast SEO plugin. -->","yoast_head_json":{"title":"BOBICAB 2R OU 3R POLYVALENT POUR FIBRE OPTIQUE \u00d8 1 650 mm Maxi - DROUAIRE","robots":{"index":"index","follow":"follow","max-snippet":"max-snippet:-1","max-image-preview":"max-image-preview:large","max-video-preview":"max-video-preview:-1"},"canonical":"https:\/\/www.drouaire.com\/es\/nuestros-productos\/bobicab-2r-ou-3r-polyvalent-pour-fibre-optique-o-1-650-maxi\/","og_locale":"es_ES","og_type":"article","og_title":"BOBICAB 2R OU 3R POLYVALENT POUR FIBRE OPTIQUE \u00d8 1 650 mm Maxi - DROUAIRE","og_description":"Compos\u00e9 :   d\u2019un d\u00e9rouleur de tourets \u00d8600 \u2013 1650 mm (possibilit\u00e9 jusqu\u2019\u00e0 2600 mm)  d\u2019un pantin de r\u00e9gulation  d\u2019un enrouleur mobile Bobicab 2R ou Bobicab 3R","og_url":"https:\/\/www.drouaire.com\/es\/nuestros-productos\/bobicab-2r-ou-3r-polyvalent-pour-fibre-optique-o-1-650-maxi\/","og_site_name":"DROUAIRE","article_modified_time":"2026-03-16T13:52:05+00:00","og_image":[{"width":900,"height":900,"url":"https:\/\/www.drouaire.com\/wp-content\/uploads\/2024\/06\/bobicab-2R-ou-3R-pour-fibre-optique-1.jpg","type":"image\/jpeg"}],"twitter_card":"summary_large_image","twitter_misc":{"Tiempo de lectura":"2 minutos"},"schema":{"@context":"https:\/\/schema.org","@graph":[{"@type":"WebPage","@id":"https:\/\/www.drouaire.com\/nos-produits\/bobicab-2r-ou-3r-polyvalent-pour-fibre-optique-o-1-650-maxi\/","url":"https:\/\/www.drouaire.com\/nos-produits\/bobicab-2r-ou-3r-polyvalent-pour-fibre-optique-o-1-650-maxi\/","name":"BOBICAB 2R OU 3R POLYVALENT POUR FIBRE OPTIQUE \u00d8 1 650 mm Maxi - DROUAIRE","isPartOf":{"@id":"https:\/\/www.drouaire.com\/#website"},"primaryImageOfPage":{"@id":"https:\/\/www.drouaire.com\/nos-produits\/bobicab-2r-ou-3r-polyvalent-pour-fibre-optique-o-1-650-maxi\/#primaryimage"},"image":{"@id":"https:\/\/www.drouaire.com\/nos-produits\/bobicab-2r-ou-3r-polyvalent-pour-fibre-optique-o-1-650-maxi\/#primaryimage"},"thumbnailUrl":"https:\/\/www.drouaire.com\/wp-content\/uploads\/2024\/06\/bobicab-2R-ou-3R-pour-fibre-optique-1.jpg","datePublished":"2024-06-19T08:36:58+00:00","dateModified":"2026-03-16T13:52:05+00:00","breadcrumb":{"@id":"https:\/\/www.drouaire.com\/nos-produits\/bobicab-2r-ou-3r-polyvalent-pour-fibre-optique-o-1-650-maxi\/#breadcrumb"},"inLanguage":"es","potentialAction":[{"@type":"ReadAction","target":["https:\/\/www.drouaire.com\/nos-produits\/bobicab-2r-ou-3r-polyvalent-pour-fibre-optique-o-1-650-maxi\/"]}]},{"@type":"ImageObject","inLanguage":"es","@id":"https:\/\/www.drouaire.com\/nos-produits\/bobicab-2r-ou-3r-polyvalent-pour-fibre-optique-o-1-650-maxi\/#primaryimage","url":"https:\/\/www.drouaire.com\/wp-content\/uploads\/2024\/06\/bobicab-2R-ou-3R-pour-fibre-optique-1.jpg","contentUrl":"https:\/\/www.drouaire.com\/wp-content\/uploads\/2024\/06\/bobicab-2R-ou-3R-pour-fibre-optique-1.jpg","width":900,"height":900},{"@type":"BreadcrumbList","@id":"https:\/\/www.drouaire.com\/nos-produits\/bobicab-2r-ou-3r-polyvalent-pour-fibre-optique-o-1-650-maxi\/#breadcrumb","itemListElement":[{"@type":"ListItem","position":1,"name":"Home","item":"https:\/\/www.drouaire.com\/"},{"@type":"ListItem","position":2,"name":"Catalogue produits Drouaire","item":"https:\/\/www.drouaire.com\/nos-produits\/"},{"@type":"ListItem","position":3,"name":"BOBICAB 2R OU 3R POLYVALENT POUR FIBRE OPTIQUE \u00d8 1 650 mm Maxi"}]},{"@type":"WebSite","@id":"https:\/\/www.drouaire.com\/#website","url":"https:\/\/www.drouaire.com\/","name":"DROUAIRE","description":"","potentialAction":[{"@type":"SearchAction","target":{"@type":"EntryPoint","urlTemplate":"https:\/\/www.drouaire.com\/?s={search_term_string}"},"query-input":{"@type":"PropertyValueSpecification","valueRequired":true,"valueName":"search_term_string"}}],"inLanguage":"es"}]}},"_links":{"self":[{"href":"https:\/\/www.drouaire.com\/es\/wp-json\/wp\/v2\/product\/1358","targetHints":{"allow":["GET"]}}],"collection":[{"href":"https:\/\/www.drouaire.com\/es\/wp-json\/wp\/v2\/product"}],"about":[{"href":"https:\/\/www.drouaire.com\/es\/wp-json\/wp\/v2\/types\/product"}],"replies":[{"embeddable":true,"href":"https:\/\/www.drouaire.com\/es\/wp-json\/wp\/v2\/comments?post=1358"}],"wp:featuredmedia":[{"embeddable":true,"href":"https:\/\/www.drouaire.com\/es\/wp-json\/wp\/v2\/media\/1823"}],"wp:attachment":[{"href":"https:\/\/www.drouaire.com\/es\/wp-json\/wp\/v2\/media?parent=1358"}],"wp:term":[{"taxonomy":"product_brand","embeddable":true,"href":"https:\/\/www.drouaire.com\/es\/wp-json\/wp\/v2\/product_brand?post=1358"},{"taxonomy":"product_cat","embeddable":true,"href":"https:\/\/www.drouaire.com\/es\/wp-json\/wp\/v2\/product_cat?post=1358"},{"taxonomy":"product_tag","embeddable":true,"href":"https:\/\/www.drouaire.com\/es\/wp-json\/wp\/v2\/product_tag?post=1358"}],"curies":[{"name":"wp","href":"https:\/\/api.w.org\/{rel}","templated":true}]}}