{"id":1356,"date":"2024-06-19T10:03:05","date_gmt":"2024-06-19T08:03:05","guid":{"rendered":"https:\/\/dev.drouaire.com\/?post_type=product&#038;p=1356"},"modified":"2026-03-16T14:30:13","modified_gmt":"2026-03-16T13:30:13","slug":"debicab-2r","status":"publish","type":"product","link":"https:\/\/www.drouaire.com\/es\/nos-produits\/debicab-2r\/","title":{"rendered":"DEBICAB 2R"},"content":{"rendered":"<h3>CARACTER\u00cdSTICAS<\/h3>\n<ul>\n<li>Enrollamiento en coronas sobre n\u00facleo \u00d8 700 mm exterior.<\/li>\n<\/ul>\n<h3>PUNTOS FUERTES<\/h3>\n<ul>\n<li title=\"\" data-original-title=\"\">Ergonom\u00eda, manejabilidad y compacidad.<\/li>\n<li title=\"\" data-original-title=\"\">Rapidez de empaquetado.<\/li>\n<li title=\"\" data-original-title=\"\">Precisi\u00f3n de medida.<\/li>\n<li title=\"\" data-original-title=\"\">Fiabilidad, requiere muy poco mantenimiento.<\/li>\n<li title=\"\" data-original-title=\"\">Contador electr\u00f3nico programable de serie.<\/li>\n<li title=\"\" data-original-title=\"\">Corta-cable y arco basculante hidr\u00e1ulico de serie.<\/li>\n<li title=\"\" data-original-title=\"\">Techo protector.<\/li>\n<\/ul>\n<h3>ACCESSOIRES<\/h3>\n<ul>\n<li title=\"\" data-original-title=\"\">Papelera integrada.<\/li>\n<li title=\"\" data-original-title=\"\">Compartimento para cuerda con c\u00fater integrado.<\/li>\n<li title=\"\" data-original-title=\"\">P\u00e9rtiga de alimentaci\u00f3n el\u00e9ctrica.<\/li>\n<li title=\"\" data-original-title=\"\">Dep\u00f3sito de almacenamiento de acero.<\/li>\n<li title=\"\" data-original-title=\"\">Soporte de petaca con n\u00facleo.<\/li>\n<li title=\"\" data-original-title=\"\">Toma 230V monof\u00e1sica.<\/li>\n<\/ul>\n<h3>opcional<\/h3>\n<ul>\n<li title=\"\" data-original-title=\"\">Bobiradora de rollos extensible.<\/li>\n<li title=\"\" data-original-title=\"\">Desplazamiento motorizado.<\/li>\n<li title=\"\" data-original-title=\"\">Enrollamiento en bobina \u00d8 600 mm maxi.<\/li>\n<li title=\"\" data-original-title=\"\">Pantalla t\u00e1ctil con memorizaci\u00f3n de los cortes durante 3 meses<\/li>\n<\/ul>","protected":false},"excerpt":{"rendered":"<p><span style=\"color: #666666; font-size: 14px;\">Para el empaquetado de cables de \u00d8 35 mm m\u00e1x. flexibles y \u00d8 28 mm r\u00edgido<\/span><\/p>\n<div class=\"description\">\n<p>(5G25 \u00f3 4G35 R02V)<\/p>\n<\/div>","protected":false},"featured_media":1833,"comment_status":"open","ping_status":"closed","template":"","meta":{"_acf_changed":false,"_et_pb_use_builder":"","_et_pb_old_content":"","_et_gb_content_width":""},"product_brand":[],"product_cat":[18],"product_tag":[],"class_list":{"0":"post-1356","1":"product","2":"type-product","3":"status-publish","4":"has-post-thumbnail","6":"product_cat-enrouleurs-pour-centre-logistique","8":"first","9":"instock","10":"shipping-taxable","11":"product-type-simple"},"acf":[],"yoast_head":"<!-- This site is optimized with the Yoast SEO plugin v27.1.1 - https:\/\/yoast.com\/product\/yoast-seo-wordpress\/ -->\n<title>DEBICAB 2R - DROUAIRE<\/title>\n<meta name=\"robots\" content=\"index, follow, max-snippet:-1, max-image-preview:large, max-video-preview:-1\" \/>\n<link rel=\"canonical\" href=\"https:\/\/www.drouaire.com\/es\/nuestros-productos\/debicab-2r\/\" \/>\n<meta property=\"og:locale\" content=\"es_ES\" \/>\n<meta property=\"og:type\" content=\"article\" \/>\n<meta property=\"og:title\" content=\"DEBICAB 2R - DROUAIRE\" \/>\n<meta property=\"og:description\" content=\"Pour le conditionnement de c\u00e2bles \u00d8 35 mm maxi en souple et \u00d8 28 mm en rigide.   (5G25 ou 4G35 R02V)\" \/>\n<meta property=\"og:url\" content=\"https:\/\/www.drouaire.com\/es\/nuestros-productos\/debicab-2r\/\" \/>\n<meta property=\"og:site_name\" content=\"DROUAIRE\" \/>\n<meta property=\"article:modified_time\" content=\"2026-03-16T13:30:13+00:00\" \/>\n<meta property=\"og:image\" content=\"https:\/\/www.drouaire.com\/wp-content\/uploads\/2024\/06\/debicab-2-R-1.jpg\" \/>\n\t<meta property=\"og:image:width\" content=\"781\" \/>\n\t<meta property=\"og:image:height\" content=\"781\" \/>\n\t<meta property=\"og:image:type\" content=\"image\/jpeg\" \/>\n<meta name=\"twitter:card\" content=\"summary_large_image\" \/>\n<meta name=\"twitter:label1\" content=\"Tiempo de lectura\" \/>\n\t<meta name=\"twitter:data1\" content=\"1 minuto\" \/>\n<script type=\"application\/ld+json\" class=\"yoast-schema-graph\">{\"@context\":\"https:\/\/schema.org\",\"@graph\":[{\"@type\":\"WebPage\",\"@id\":\"https:\/\/www.drouaire.com\/nos-produits\/debicab-2r\/\",\"url\":\"https:\/\/www.drouaire.com\/nos-produits\/debicab-2r\/\",\"name\":\"DEBICAB 2R - DROUAIRE\",\"isPartOf\":{\"@id\":\"https:\/\/www.drouaire.com\/#website\"},\"primaryImageOfPage\":{\"@id\":\"https:\/\/www.drouaire.com\/nos-produits\/debicab-2r\/#primaryimage\"},\"image\":{\"@id\":\"https:\/\/www.drouaire.com\/nos-produits\/debicab-2r\/#primaryimage\"},\"thumbnailUrl\":\"https:\/\/www.drouaire.com\/wp-content\/uploads\/2024\/06\/debicab-2-R-1.jpg\",\"datePublished\":\"2024-06-19T08:03:05+00:00\",\"dateModified\":\"2026-03-16T13:30:13+00:00\",\"breadcrumb\":{\"@id\":\"https:\/\/www.drouaire.com\/nos-produits\/debicab-2r\/#breadcrumb\"},\"inLanguage\":\"es\",\"potentialAction\":[{\"@type\":\"ReadAction\",\"target\":[\"https:\/\/www.drouaire.com\/nos-produits\/debicab-2r\/\"]}]},{\"@type\":\"ImageObject\",\"inLanguage\":\"es\",\"@id\":\"https:\/\/www.drouaire.com\/nos-produits\/debicab-2r\/#primaryimage\",\"url\":\"https:\/\/www.drouaire.com\/wp-content\/uploads\/2024\/06\/debicab-2-R-1.jpg\",\"contentUrl\":\"https:\/\/www.drouaire.com\/wp-content\/uploads\/2024\/06\/debicab-2-R-1.jpg\",\"width\":781,\"height\":781},{\"@type\":\"BreadcrumbList\",\"@id\":\"https:\/\/www.drouaire.com\/nos-produits\/debicab-2r\/#breadcrumb\",\"itemListElement\":[{\"@type\":\"ListItem\",\"position\":1,\"name\":\"Home\",\"item\":\"https:\/\/www.drouaire.com\/\"},{\"@type\":\"ListItem\",\"position\":2,\"name\":\"Catalogue produits Drouaire\",\"item\":\"https:\/\/www.drouaire.com\/nos-produits\/\"},{\"@type\":\"ListItem\",\"position\":3,\"name\":\"DEBICAB 2R\"}]},{\"@type\":\"WebSite\",\"@id\":\"https:\/\/www.drouaire.com\/#website\",\"url\":\"https:\/\/www.drouaire.com\/\",\"name\":\"DROUAIRE\",\"description\":\"\",\"potentialAction\":[{\"@type\":\"SearchAction\",\"target\":{\"@type\":\"EntryPoint\",\"urlTemplate\":\"https:\/\/www.drouaire.com\/?s={search_term_string}\"},\"query-input\":{\"@type\":\"PropertyValueSpecification\",\"valueRequired\":true,\"valueName\":\"search_term_string\"}}],\"inLanguage\":\"es\"}]}<\/script>\n<!-- \/ Yoast SEO plugin. -->","yoast_head_json":{"title":"DEBICAB 2R - DROUAIRE","robots":{"index":"index","follow":"follow","max-snippet":"max-snippet:-1","max-image-preview":"max-image-preview:large","max-video-preview":"max-video-preview:-1"},"canonical":"https:\/\/www.drouaire.com\/es\/nuestros-productos\/debicab-2r\/","og_locale":"es_ES","og_type":"article","og_title":"DEBICAB 2R - DROUAIRE","og_description":"Pour le conditionnement de c\u00e2bles \u00d8 35 mm maxi en souple et \u00d8 28 mm en rigide.   (5G25 ou 4G35 R02V)","og_url":"https:\/\/www.drouaire.com\/es\/nuestros-productos\/debicab-2r\/","og_site_name":"DROUAIRE","article_modified_time":"2026-03-16T13:30:13+00:00","og_image":[{"width":781,"height":781,"url":"https:\/\/www.drouaire.com\/wp-content\/uploads\/2024\/06\/debicab-2-R-1.jpg","type":"image\/jpeg"}],"twitter_card":"summary_large_image","twitter_misc":{"Tiempo de lectura":"1 minuto"},"schema":{"@context":"https:\/\/schema.org","@graph":[{"@type":"WebPage","@id":"https:\/\/www.drouaire.com\/nos-produits\/debicab-2r\/","url":"https:\/\/www.drouaire.com\/nos-produits\/debicab-2r\/","name":"DEBICAB 2R - DROUAIRE","isPartOf":{"@id":"https:\/\/www.drouaire.com\/#website"},"primaryImageOfPage":{"@id":"https:\/\/www.drouaire.com\/nos-produits\/debicab-2r\/#primaryimage"},"image":{"@id":"https:\/\/www.drouaire.com\/nos-produits\/debicab-2r\/#primaryimage"},"thumbnailUrl":"https:\/\/www.drouaire.com\/wp-content\/uploads\/2024\/06\/debicab-2-R-1.jpg","datePublished":"2024-06-19T08:03:05+00:00","dateModified":"2026-03-16T13:30:13+00:00","breadcrumb":{"@id":"https:\/\/www.drouaire.com\/nos-produits\/debicab-2r\/#breadcrumb"},"inLanguage":"es","potentialAction":[{"@type":"ReadAction","target":["https:\/\/www.drouaire.com\/nos-produits\/debicab-2r\/"]}]},{"@type":"ImageObject","inLanguage":"es","@id":"https:\/\/www.drouaire.com\/nos-produits\/debicab-2r\/#primaryimage","url":"https:\/\/www.drouaire.com\/wp-content\/uploads\/2024\/06\/debicab-2-R-1.jpg","contentUrl":"https:\/\/www.drouaire.com\/wp-content\/uploads\/2024\/06\/debicab-2-R-1.jpg","width":781,"height":781},{"@type":"BreadcrumbList","@id":"https:\/\/www.drouaire.com\/nos-produits\/debicab-2r\/#breadcrumb","itemListElement":[{"@type":"ListItem","position":1,"name":"Home","item":"https:\/\/www.drouaire.com\/"},{"@type":"ListItem","position":2,"name":"Catalogue produits Drouaire","item":"https:\/\/www.drouaire.com\/nos-produits\/"},{"@type":"ListItem","position":3,"name":"DEBICAB 2R"}]},{"@type":"WebSite","@id":"https:\/\/www.drouaire.com\/#website","url":"https:\/\/www.drouaire.com\/","name":"DROUAIRE","description":"","potentialAction":[{"@type":"SearchAction","target":{"@type":"EntryPoint","urlTemplate":"https:\/\/www.drouaire.com\/?s={search_term_string}"},"query-input":{"@type":"PropertyValueSpecification","valueRequired":true,"valueName":"search_term_string"}}],"inLanguage":"es"}]}},"_links":{"self":[{"href":"https:\/\/www.drouaire.com\/es\/wp-json\/wp\/v2\/product\/1356","targetHints":{"allow":["GET"]}}],"collection":[{"href":"https:\/\/www.drouaire.com\/es\/wp-json\/wp\/v2\/product"}],"about":[{"href":"https:\/\/www.drouaire.com\/es\/wp-json\/wp\/v2\/types\/product"}],"replies":[{"embeddable":true,"href":"https:\/\/www.drouaire.com\/es\/wp-json\/wp\/v2\/comments?post=1356"}],"wp:featuredmedia":[{"embeddable":true,"href":"https:\/\/www.drouaire.com\/es\/wp-json\/wp\/v2\/media\/1833"}],"wp:attachment":[{"href":"https:\/\/www.drouaire.com\/es\/wp-json\/wp\/v2\/media?parent=1356"}],"wp:term":[{"taxonomy":"product_brand","embeddable":true,"href":"https:\/\/www.drouaire.com\/es\/wp-json\/wp\/v2\/product_brand?post=1356"},{"taxonomy":"product_cat","embeddable":true,"href":"https:\/\/www.drouaire.com\/es\/wp-json\/wp\/v2\/product_cat?post=1356"},{"taxonomy":"product_tag","embeddable":true,"href":"https:\/\/www.drouaire.com\/es\/wp-json\/wp\/v2\/product_tag?post=1356"}],"curies":[{"name":"wp","href":"https:\/\/api.w.org\/{rel}","templated":true}]}}