{"id":1355,"date":"2024-06-19T09:54:34","date_gmt":"2024-06-19T07:54:34","guid":{"rendered":"https:\/\/dev.drouaire.com\/?post_type=product&#038;p=1355"},"modified":"2026-03-16T14:30:31","modified_gmt":"2026-03-16T13:30:31","slug":"bobicab-3p","status":"publish","type":"product","link":"https:\/\/www.drouaire.com\/es\/nos-produits\/bobicab-3p\/","title":{"rendered":"BOBICAB 3P \u00d8 1 650 mm Maxi"},"content":{"rendered":"<h3>CARACTER\u00cdSTICAS<\/h3>\n<ul>\n<li title=\"\" data-original-title=\"\">Bobina: \u00d8 600 a 1650 mm m\u00e1x.<\/li>\n<li title=\"\" data-original-title=\"\">Bobinadora de rollos: \u00d8 900 mm m\u00e1x.<\/li>\n<li title=\"\" data-original-title=\"\">Cable: \u00d8 60 mm m\u00e1x.<\/li>\n<\/ul>\n<p>&nbsp;<\/p>\n<h3>PUNTOS FUERTES<\/h3>\n<ul>\n<li title=\"\" data-original-title=\"\">Gran robustez del chasis.<\/li>\n<li title=\"\" data-original-title=\"\">Bobina m\u00e1x. \u00d8 1650 mm \u2013 hasta motorreductor 2.500 kg.<\/li>\n<li title=\"\" data-original-title=\"\">Fiable y eficaz: motor 5,5 kW.<\/li>\n<li title=\"\" data-original-title=\"\">El operador se desplaza con la bobinadora sobre una plataforma motorizada.<\/li>\n<li title=\"\" data-original-title=\"\">Ergonom\u00eda: excelente visibilidad del cable durante el bobinado gracias al p\u00f3rtico de trascaneo.<\/li>\n<li title=\"\" data-original-title=\"\">F\u00e1cil de programar con la pantalla t\u00e1ctil a color de 7\u2033.<\/li>\n<li title=\"\" data-original-title=\"\">Frenado controlado del cable para garantizar un trascaneo de gran precisi\u00f3n.<\/li>\n<\/ul>\n<p>&nbsp;<\/p>\n<h3>opcional<\/h3>\n<h5><strong>VARIANTE : BOBICAB 3 Portique 2200<\/strong><\/h5>\n<p><strong>Caracter\u00edsticas id\u00e9nticas al modelo 1650 pero incluye:<\/strong><\/p>\n<ul>\n<li title=\"\" data-original-title=\"\">Acondicionamiento de cables de hasta \u00d8 90 mm.<\/li>\n<li title=\"\" data-original-title=\"\">Bobinado sobre bobina de \u00d8 600 a 2200 m\u00e1x.<\/li>\n<li title=\"\" data-original-title=\"\">Motor de bobinado de 7,5 kW de potencia.<\/li>\n<li title=\"\" data-original-title=\"\">Bobinadora de rollos extensible \u00d8 1200 mm.<\/li>\n<li title=\"\" data-original-title=\"\"><strong>Corte del cable por cuchilla hidr\u00e1ulica de doble efecto con capacidad para 110 mm (apertura de 120 mm).<\/strong>\u00a0(ouverture 120 mm)<\/li>\n<\/ul>\n<p><strong>Opcional\u00a0<\/strong><\/p>\n<ul>\n<li title=\"\" data-original-title=\"\">P\u00f3rtico de reenv\u00edo para trabajo entre 2 estanter\u00edas frente a frente.<\/li>\n<\/ul>\n<div class=\"blocCertifProduit\"><\/div>","protected":false},"excerpt":{"rendered":"<p>Para el acondicionamiento de cables flexibles de m\u00e1x. \u00d8 60 mm y de cables r\u00edgidos de \u00d8 40 mm.<br \/>\nCambio muy r\u00e1pido para el acondicionamiento sobre bobinadora de rollos o bobina.<br \/>\nDesplazamiento motorizado con ruedas direccionales y operador a bordo.<br \/>\nElevaci\u00f3n, descenso y ajuste del carrete mediante sistema electro-hidr\u00e1ulico.<br \/>\nTrascaneo electr\u00f3nico con panel de pantalla t\u00e1ctil a color.<\/p>","protected":false},"featured_media":1449,"comment_status":"open","ping_status":"closed","template":"","meta":{"_acf_changed":false,"_et_pb_use_builder":"","_et_pb_old_content":"","_et_gb_content_width":""},"product_brand":[],"product_cat":[18],"product_tag":[],"class_list":{"0":"post-1355","1":"product","2":"type-product","3":"status-publish","4":"has-post-thumbnail","6":"product_cat-enrouleurs-pour-centre-logistique","8":"first","9":"instock","10":"shipping-taxable","11":"product-type-simple"},"acf":[],"yoast_head":"<!-- This site is optimized with the Yoast SEO plugin v27.1.1 - https:\/\/yoast.com\/product\/yoast-seo-wordpress\/ -->\n<title>BOBICAB 3P \u00d8 1 650 mm Maxi - DROUAIRE<\/title>\n<meta name=\"robots\" content=\"index, follow, max-snippet:-1, max-image-preview:large, max-video-preview:-1\" \/>\n<link rel=\"canonical\" href=\"https:\/\/www.drouaire.com\/es\/nuestros-productos\/bobicab-3p\/\" \/>\n<meta property=\"og:locale\" content=\"es_ES\" \/>\n<meta property=\"og:type\" content=\"article\" \/>\n<meta property=\"og:title\" content=\"BOBICAB 3P \u00d8 1 650 mm Maxi - DROUAIRE\" \/>\n<meta property=\"og:description\" content=\"Pour le conditionnement de c\u00e2bles souples \u00d8 60 mm maxi et \u00d8 40 mm en rigide. Changement tr\u00e8s rapide pour le conditionnement sur gavette ou touret. D\u00e9placement motoris\u00e9 par roues directionnelles avec op\u00e9rateur embarqu\u00e9. Mont\u00e9e descente, serrage et desserrage du touret \u00e9lectrohydraulique. Trancanage \u00e9lectronique avec pupitre par \u00e9cran tactile.\" \/>\n<meta property=\"og:url\" content=\"https:\/\/www.drouaire.com\/es\/nuestros-productos\/bobicab-3p\/\" \/>\n<meta property=\"og:site_name\" content=\"DROUAIRE\" \/>\n<meta property=\"article:modified_time\" content=\"2026-03-16T13:30:31+00:00\" \/>\n<meta property=\"og:image\" content=\"https:\/\/www.drouaire.com\/wp-content\/uploads\/2024\/06\/bobicab-3-enrouleur-cable-drouaire-e1580205686715.jpg\" \/>\n\t<meta property=\"og:image:width\" content=\"300\" \/>\n\t<meta property=\"og:image:height\" content=\"380\" \/>\n\t<meta property=\"og:image:type\" content=\"image\/jpeg\" \/>\n<meta name=\"twitter:card\" content=\"summary_large_image\" \/>\n<meta name=\"twitter:label1\" content=\"Tiempo de lectura\" \/>\n\t<meta name=\"twitter:data1\" content=\"1 minuto\" \/>\n<script type=\"application\/ld+json\" class=\"yoast-schema-graph\">{\"@context\":\"https:\/\/schema.org\",\"@graph\":[{\"@type\":\"WebPage\",\"@id\":\"https:\/\/www.drouaire.com\/nos-produits\/bobicab-3p\/\",\"url\":\"https:\/\/www.drouaire.com\/nos-produits\/bobicab-3p\/\",\"name\":\"BOBICAB 3P \u00d8 1 650 mm Maxi - DROUAIRE\",\"isPartOf\":{\"@id\":\"https:\/\/www.drouaire.com\/#website\"},\"primaryImageOfPage\":{\"@id\":\"https:\/\/www.drouaire.com\/nos-produits\/bobicab-3p\/#primaryimage\"},\"image\":{\"@id\":\"https:\/\/www.drouaire.com\/nos-produits\/bobicab-3p\/#primaryimage\"},\"thumbnailUrl\":\"https:\/\/www.drouaire.com\/wp-content\/uploads\/2024\/06\/bobicab-3-enrouleur-cable-drouaire-e1580205686715.jpg\",\"datePublished\":\"2024-06-19T07:54:34+00:00\",\"dateModified\":\"2026-03-16T13:30:31+00:00\",\"breadcrumb\":{\"@id\":\"https:\/\/www.drouaire.com\/nos-produits\/bobicab-3p\/#breadcrumb\"},\"inLanguage\":\"es\",\"potentialAction\":[{\"@type\":\"ReadAction\",\"target\":[\"https:\/\/www.drouaire.com\/nos-produits\/bobicab-3p\/\"]}]},{\"@type\":\"ImageObject\",\"inLanguage\":\"es\",\"@id\":\"https:\/\/www.drouaire.com\/nos-produits\/bobicab-3p\/#primaryimage\",\"url\":\"https:\/\/www.drouaire.com\/wp-content\/uploads\/2024\/06\/bobicab-3-enrouleur-cable-drouaire-e1580205686715.jpg\",\"contentUrl\":\"https:\/\/www.drouaire.com\/wp-content\/uploads\/2024\/06\/bobicab-3-enrouleur-cable-drouaire-e1580205686715.jpg\",\"width\":300,\"height\":380},{\"@type\":\"BreadcrumbList\",\"@id\":\"https:\/\/www.drouaire.com\/nos-produits\/bobicab-3p\/#breadcrumb\",\"itemListElement\":[{\"@type\":\"ListItem\",\"position\":1,\"name\":\"Home\",\"item\":\"https:\/\/www.drouaire.com\/\"},{\"@type\":\"ListItem\",\"position\":2,\"name\":\"Catalogue produits Drouaire\",\"item\":\"https:\/\/www.drouaire.com\/nos-produits\/\"},{\"@type\":\"ListItem\",\"position\":3,\"name\":\"BOBICAB 3P \u00d8 1 650 mm Maxi\"}]},{\"@type\":\"WebSite\",\"@id\":\"https:\/\/www.drouaire.com\/#website\",\"url\":\"https:\/\/www.drouaire.com\/\",\"name\":\"DROUAIRE\",\"description\":\"\",\"potentialAction\":[{\"@type\":\"SearchAction\",\"target\":{\"@type\":\"EntryPoint\",\"urlTemplate\":\"https:\/\/www.drouaire.com\/?s={search_term_string}\"},\"query-input\":{\"@type\":\"PropertyValueSpecification\",\"valueRequired\":true,\"valueName\":\"search_term_string\"}}],\"inLanguage\":\"es\"}]}<\/script>\n<!-- \/ Yoast SEO plugin. -->","yoast_head_json":{"title":"BOBICAB 3P \u00d8 1 650 mm Maxi - DROUAIRE","robots":{"index":"index","follow":"follow","max-snippet":"max-snippet:-1","max-image-preview":"max-image-preview:large","max-video-preview":"max-video-preview:-1"},"canonical":"https:\/\/www.drouaire.com\/es\/nuestros-productos\/bobicab-3p\/","og_locale":"es_ES","og_type":"article","og_title":"BOBICAB 3P \u00d8 1 650 mm Maxi - DROUAIRE","og_description":"Pour le conditionnement de c\u00e2bles souples \u00d8 60 mm maxi et \u00d8 40 mm en rigide. Changement tr\u00e8s rapide pour le conditionnement sur gavette ou touret. D\u00e9placement motoris\u00e9 par roues directionnelles avec op\u00e9rateur embarqu\u00e9. Mont\u00e9e descente, serrage et desserrage du touret \u00e9lectrohydraulique. Trancanage \u00e9lectronique avec pupitre par \u00e9cran tactile.","og_url":"https:\/\/www.drouaire.com\/es\/nuestros-productos\/bobicab-3p\/","og_site_name":"DROUAIRE","article_modified_time":"2026-03-16T13:30:31+00:00","og_image":[{"width":300,"height":380,"url":"https:\/\/www.drouaire.com\/wp-content\/uploads\/2024\/06\/bobicab-3-enrouleur-cable-drouaire-e1580205686715.jpg","type":"image\/jpeg"}],"twitter_card":"summary_large_image","twitter_misc":{"Tiempo de lectura":"1 minuto"},"schema":{"@context":"https:\/\/schema.org","@graph":[{"@type":"WebPage","@id":"https:\/\/www.drouaire.com\/nos-produits\/bobicab-3p\/","url":"https:\/\/www.drouaire.com\/nos-produits\/bobicab-3p\/","name":"BOBICAB 3P \u00d8 1 650 mm Maxi - DROUAIRE","isPartOf":{"@id":"https:\/\/www.drouaire.com\/#website"},"primaryImageOfPage":{"@id":"https:\/\/www.drouaire.com\/nos-produits\/bobicab-3p\/#primaryimage"},"image":{"@id":"https:\/\/www.drouaire.com\/nos-produits\/bobicab-3p\/#primaryimage"},"thumbnailUrl":"https:\/\/www.drouaire.com\/wp-content\/uploads\/2024\/06\/bobicab-3-enrouleur-cable-drouaire-e1580205686715.jpg","datePublished":"2024-06-19T07:54:34+00:00","dateModified":"2026-03-16T13:30:31+00:00","breadcrumb":{"@id":"https:\/\/www.drouaire.com\/nos-produits\/bobicab-3p\/#breadcrumb"},"inLanguage":"es","potentialAction":[{"@type":"ReadAction","target":["https:\/\/www.drouaire.com\/nos-produits\/bobicab-3p\/"]}]},{"@type":"ImageObject","inLanguage":"es","@id":"https:\/\/www.drouaire.com\/nos-produits\/bobicab-3p\/#primaryimage","url":"https:\/\/www.drouaire.com\/wp-content\/uploads\/2024\/06\/bobicab-3-enrouleur-cable-drouaire-e1580205686715.jpg","contentUrl":"https:\/\/www.drouaire.com\/wp-content\/uploads\/2024\/06\/bobicab-3-enrouleur-cable-drouaire-e1580205686715.jpg","width":300,"height":380},{"@type":"BreadcrumbList","@id":"https:\/\/www.drouaire.com\/nos-produits\/bobicab-3p\/#breadcrumb","itemListElement":[{"@type":"ListItem","position":1,"name":"Home","item":"https:\/\/www.drouaire.com\/"},{"@type":"ListItem","position":2,"name":"Catalogue produits Drouaire","item":"https:\/\/www.drouaire.com\/nos-produits\/"},{"@type":"ListItem","position":3,"name":"BOBICAB 3P \u00d8 1 650 mm Maxi"}]},{"@type":"WebSite","@id":"https:\/\/www.drouaire.com\/#website","url":"https:\/\/www.drouaire.com\/","name":"DROUAIRE","description":"","potentialAction":[{"@type":"SearchAction","target":{"@type":"EntryPoint","urlTemplate":"https:\/\/www.drouaire.com\/?s={search_term_string}"},"query-input":{"@type":"PropertyValueSpecification","valueRequired":true,"valueName":"search_term_string"}}],"inLanguage":"es"}]}},"_links":{"self":[{"href":"https:\/\/www.drouaire.com\/es\/wp-json\/wp\/v2\/product\/1355","targetHints":{"allow":["GET"]}}],"collection":[{"href":"https:\/\/www.drouaire.com\/es\/wp-json\/wp\/v2\/product"}],"about":[{"href":"https:\/\/www.drouaire.com\/es\/wp-json\/wp\/v2\/types\/product"}],"replies":[{"embeddable":true,"href":"https:\/\/www.drouaire.com\/es\/wp-json\/wp\/v2\/comments?post=1355"}],"wp:featuredmedia":[{"embeddable":true,"href":"https:\/\/www.drouaire.com\/es\/wp-json\/wp\/v2\/media\/1449"}],"wp:attachment":[{"href":"https:\/\/www.drouaire.com\/es\/wp-json\/wp\/v2\/media?parent=1355"}],"wp:term":[{"taxonomy":"product_brand","embeddable":true,"href":"https:\/\/www.drouaire.com\/es\/wp-json\/wp\/v2\/product_brand?post=1355"},{"taxonomy":"product_cat","embeddable":true,"href":"https:\/\/www.drouaire.com\/es\/wp-json\/wp\/v2\/product_cat?post=1355"},{"taxonomy":"product_tag","embeddable":true,"href":"https:\/\/www.drouaire.com\/es\/wp-json\/wp\/v2\/product_tag?post=1355"}],"curies":[{"name":"wp","href":"https:\/\/api.w.org\/{rel}","templated":true}]}}