{"id":1351,"date":"2024-06-19T08:52:57","date_gmt":"2024-06-19T06:52:57","guid":{"rendered":"https:\/\/dev.drouaire.com\/?post_type=product&#038;p=1351"},"modified":"2026-03-16T14:53:27","modified_gmt":"2026-03-16T13:53:27","slug":"debicab-2a","status":"publish","type":"product","link":"https:\/\/www.drouaire.com\/es\/nos-produits\/debicab-2a\/","title":{"rendered":"DEBICAB 2A    \u00d8 600 mm maxi"},"content":{"rendered":"<h3>CARACTER\u00cdSTICAS<\/h3>\n<ul>\n<li title=\"\" data-original-title=\"\">Bobinas: \u00d8 600 mm maxi.<\/li>\n<li title=\"\" data-original-title=\"\">Bobinadora de rollos: \u00d8 700 mm.<\/li>\n<li title=\"\" data-original-title=\"\">Cable: m\u00e1ximo \u00d8 35 mm para cables flexibles y \u00d8 28 mm para cables r\u00edgidos. (5G25 \u00f3 4G35R02V)<\/li>\n<\/ul>\n<h3>PUNTOS FUERTES<\/h3>\n<ul>\n<li title=\"\" data-original-title=\"\"><strong>Polivalente y compacta.<\/strong><\/li>\n<li title=\"\" data-original-title=\"\">Rollo o Bobina m\u00e1x. \u00d8 600 mm.<\/li>\n<li title=\"\" data-original-title=\"\">Para un agujero central de \u00d8 42 \u00f3 82 mm.<\/li>\n<li title=\"\" data-original-title=\"\">Contador electr\u00f3nico programable de serie.Fiabilidad, requiere poco mantenimiento.<\/li>\n<li title=\"\" data-original-title=\"\">Programaci\u00f3n de pantalla t\u00e1ctil\u00a0<strong>est\u00e1ndar.<\/strong><\/li>\n<li title=\"\" data-original-title=\"\">Ergonom\u00eda: muy\u00a0<strong>manejable.<\/strong><\/li>\n<\/ul>\n<h3>opcional<\/h3>\n<ul>\n<li title=\"\" data-original-title=\"\">Cubierta de protecci\u00f3n basculante para trabajar en un entorno accesible a otra persona diferente del operador.<\/li>\n<li title=\"\" data-original-title=\"\">Enrollador con resorte.<\/li>\n<\/ul>\n<div class=\"blocNouveauteProduit\">\n<h3>novedades<\/h3>\n<ul>\n<li title=\"\" data-original-title=\"\">Freno de estabilidad del lado del operador.<\/li>\n<li title=\"\" data-original-title=\"\">Nuevo banco de medici\u00f3n: mayor precisi\u00f3n de conteo.<\/li>\n<li title=\"\" data-original-title=\"\">Pantalla tactil con historial de cortes de los 3 ultimos meses.<\/li>\n<\/ul>\n<\/div>","protected":false},"excerpt":{"rendered":"<p><strong>Bobinas de m\u00e1ximo \u00d8 600 sobre el mismo eje que el cabezal de bobinado.<br \/>\nPara la manipulacion de cables flexibles de hasta 35 mm de di\u00e1metro.<br \/>\nPara Bobinadora de rollos o bobinas.<\/strong><\/p>","protected":false},"featured_media":1458,"comment_status":"open","ping_status":"closed","template":"","meta":{"_acf_changed":false,"_et_pb_use_builder":"off","_et_pb_old_content":"<h3>CARACT\u00c9RISTIQUES<\/h3>\r\n<ul>\r\n \t<li title=\"\" data-original-title=\"\">Touret : \u00d8 600 mm maxi<\/li>\r\n \t<li title=\"\" data-original-title=\"\">Gavette : \u00d8 700 mm<\/li>\r\n \t<li title=\"\" data-original-title=\"\">C\u00e2ble : \u00d8 35 mm maxi en souple et \u00d8 28 mm en rigide. (5G25 ou 4G35R02V)<\/li>\r\n<\/ul>\r\n<h3>POINTS FORTS<\/h3>\r\n<ul>\r\n \t<li title=\"\" data-original-title=\"\"><strong>Polyvalent et compact<\/strong><\/li>\r\n \t<li title=\"\" data-original-title=\"\">Couronne ou touret \u00d8 600 mm maxi<\/li>\r\n \t<li title=\"\" data-original-title=\"\">Pour un trou central \u00d8 42 ou 82 mm<\/li>\r\n \t<li title=\"\" data-original-title=\"\">Fiabilit\u00e9, ne necessite que tr\u00e8s peu d\u2019entretien<\/li>\r\n \t<li title=\"\" data-original-title=\"\">Programmation par \u00e9cran tactile\u00a0<strong>de s\u00e9rie<\/strong><\/li>\r\n \t<li title=\"\" data-original-title=\"\">Ergonomie :\u00a0<strong>tr\u00e8s maniable<\/strong><\/li>\r\n<\/ul>\r\n<h3>EN OPTION<\/h3>\r\n<ul>\r\n \t<li title=\"\" data-original-title=\"\">Arceau de protection pivotant pour travailler dans un environnement accessible \u00e0 une autre personne que l\u2019op\u00e9rateur.<\/li>\r\n \t<li title=\"\" data-original-title=\"\">Enrouleur \u00e0 ressort pour l\u2019alimentation.<\/li>\r\n<\/ul>\r\n<div class=\"blocNouveauteProduit\">\r\n<h3>NOUVEAUT\u00c9S<\/h3>\r\n<ul>\r\n \t<li title=\"\" data-original-title=\"\">Frein de stabilit\u00e9 c\u00f4t\u00e9 op\u00e9rateur<\/li>\r\n \t<li title=\"\" data-original-title=\"\">Nouveau banc de mesure : pr\u00e9cision de comptage accrue<\/li>\r\n \t<li title=\"\" data-original-title=\"\">Ecran tactile de s\u00e9rie avec historique des coupes des 3 derniers mois<\/li>\r\n<\/ul>\r\n<\/div>","_et_gb_content_width":""},"product_brand":[],"product_cat":[17],"product_tag":[],"class_list":{"0":"post-1351","1":"product","2":"type-product","3":"status-publish","4":"has-post-thumbnail","6":"product_cat-enrouleurs-pour-agence","8":"first","9":"instock","10":"shipping-taxable","11":"product-type-simple"},"acf":[],"yoast_head":"<!-- This site is optimized with the Yoast SEO plugin v27.1.1 - https:\/\/yoast.com\/product\/yoast-seo-wordpress\/ -->\n<title>DEBICAB 2A  \u00d8 600 mm maxi - DROUAIRE<\/title>\n<meta name=\"robots\" content=\"index, follow, max-snippet:-1, max-image-preview:large, max-video-preview:-1\" \/>\n<link rel=\"canonical\" href=\"https:\/\/www.drouaire.com\/es\/nuestros-productos\/debicab-2a\/\" \/>\n<meta property=\"og:locale\" content=\"es_ES\" \/>\n<meta property=\"og:type\" content=\"article\" \/>\n<meta property=\"og:title\" content=\"DEBICAB 2A  \u00d8 600 mm maxi - DROUAIRE\" \/>\n<meta property=\"og:description\" content=\"Enrouleuse de C\u00e2bles sur petits tourets\u00a0\u00d8 600 maxi et en Couronnes. Pour le conditionnement de c\u00e2bles souples jusqu\u2019\u00e0 35 mm de diam\u00e8tre. Enroulement sur gavette ou touret.\" \/>\n<meta property=\"og:url\" content=\"https:\/\/www.drouaire.com\/es\/nuestros-productos\/debicab-2a\/\" \/>\n<meta property=\"og:site_name\" content=\"DROUAIRE\" \/>\n<meta property=\"article:modified_time\" content=\"2026-03-16T13:53:27+00:00\" \/>\n<meta property=\"og:image\" content=\"https:\/\/www.drouaire.com\/wp-content\/uploads\/2024\/06\/DEB2A-DSC_1009JPG-2.jpg\" \/>\n\t<meta property=\"og:image:width\" content=\"326\" \/>\n\t<meta property=\"og:image:height\" content=\"367\" \/>\n\t<meta property=\"og:image:type\" content=\"image\/jpeg\" \/>\n<meta name=\"twitter:card\" content=\"summary_large_image\" \/>\n<meta name=\"twitter:label1\" content=\"Tiempo de lectura\" \/>\n\t<meta name=\"twitter:data1\" content=\"1 minuto\" \/>\n<script type=\"application\/ld+json\" class=\"yoast-schema-graph\">{\"@context\":\"https:\/\/schema.org\",\"@graph\":[{\"@type\":\"WebPage\",\"@id\":\"https:\/\/www.drouaire.com\/nos-produits\/debicab-2a\/\",\"url\":\"https:\/\/www.drouaire.com\/nos-produits\/debicab-2a\/\",\"name\":\"DEBICAB 2A \u00d8 600 mm maxi - DROUAIRE\",\"isPartOf\":{\"@id\":\"https:\/\/www.drouaire.com\/#website\"},\"primaryImageOfPage\":{\"@id\":\"https:\/\/www.drouaire.com\/nos-produits\/debicab-2a\/#primaryimage\"},\"image\":{\"@id\":\"https:\/\/www.drouaire.com\/nos-produits\/debicab-2a\/#primaryimage\"},\"thumbnailUrl\":\"https:\/\/www.drouaire.com\/wp-content\/uploads\/2024\/06\/DEB2A-DSC_1009JPG-2.jpg\",\"datePublished\":\"2024-06-19T06:52:57+00:00\",\"dateModified\":\"2026-03-16T13:53:27+00:00\",\"breadcrumb\":{\"@id\":\"https:\/\/www.drouaire.com\/nos-produits\/debicab-2a\/#breadcrumb\"},\"inLanguage\":\"es\",\"potentialAction\":[{\"@type\":\"ReadAction\",\"target\":[\"https:\/\/www.drouaire.com\/nos-produits\/debicab-2a\/\"]}]},{\"@type\":\"ImageObject\",\"inLanguage\":\"es\",\"@id\":\"https:\/\/www.drouaire.com\/nos-produits\/debicab-2a\/#primaryimage\",\"url\":\"https:\/\/www.drouaire.com\/wp-content\/uploads\/2024\/06\/DEB2A-DSC_1009JPG-2.jpg\",\"contentUrl\":\"https:\/\/www.drouaire.com\/wp-content\/uploads\/2024\/06\/DEB2A-DSC_1009JPG-2.jpg\",\"width\":326,\"height\":367},{\"@type\":\"BreadcrumbList\",\"@id\":\"https:\/\/www.drouaire.com\/nos-produits\/debicab-2a\/#breadcrumb\",\"itemListElement\":[{\"@type\":\"ListItem\",\"position\":1,\"name\":\"Home\",\"item\":\"https:\/\/www.drouaire.com\/\"},{\"@type\":\"ListItem\",\"position\":2,\"name\":\"Catalogue produits Drouaire\",\"item\":\"https:\/\/www.drouaire.com\/nos-produits\/\"},{\"@type\":\"ListItem\",\"position\":3,\"name\":\"DEBICAB 2A \u00d8 600 mm maxi\"}]},{\"@type\":\"WebSite\",\"@id\":\"https:\/\/www.drouaire.com\/#website\",\"url\":\"https:\/\/www.drouaire.com\/\",\"name\":\"DROUAIRE\",\"description\":\"\",\"potentialAction\":[{\"@type\":\"SearchAction\",\"target\":{\"@type\":\"EntryPoint\",\"urlTemplate\":\"https:\/\/www.drouaire.com\/?s={search_term_string}\"},\"query-input\":{\"@type\":\"PropertyValueSpecification\",\"valueRequired\":true,\"valueName\":\"search_term_string\"}}],\"inLanguage\":\"es\"}]}<\/script>\n<!-- \/ Yoast SEO plugin. -->","yoast_head_json":{"title":"DEBICAB 2A  \u00d8 600 mm maxi - DROUAIRE","robots":{"index":"index","follow":"follow","max-snippet":"max-snippet:-1","max-image-preview":"max-image-preview:large","max-video-preview":"max-video-preview:-1"},"canonical":"https:\/\/www.drouaire.com\/es\/nuestros-productos\/debicab-2a\/","og_locale":"es_ES","og_type":"article","og_title":"DEBICAB 2A  \u00d8 600 mm maxi - DROUAIRE","og_description":"Enrouleuse de C\u00e2bles sur petits tourets\u00a0\u00d8 600 maxi et en Couronnes. Pour le conditionnement de c\u00e2bles souples jusqu\u2019\u00e0 35 mm de diam\u00e8tre. Enroulement sur gavette ou touret.","og_url":"https:\/\/www.drouaire.com\/es\/nuestros-productos\/debicab-2a\/","og_site_name":"DROUAIRE","article_modified_time":"2026-03-16T13:53:27+00:00","og_image":[{"width":326,"height":367,"url":"https:\/\/www.drouaire.com\/wp-content\/uploads\/2024\/06\/DEB2A-DSC_1009JPG-2.jpg","type":"image\/jpeg"}],"twitter_card":"summary_large_image","twitter_misc":{"Tiempo de lectura":"1 minuto"},"schema":{"@context":"https:\/\/schema.org","@graph":[{"@type":"WebPage","@id":"https:\/\/www.drouaire.com\/nos-produits\/debicab-2a\/","url":"https:\/\/www.drouaire.com\/nos-produits\/debicab-2a\/","name":"DEBICAB 2A \u00d8 600 mm maxi - DROUAIRE","isPartOf":{"@id":"https:\/\/www.drouaire.com\/#website"},"primaryImageOfPage":{"@id":"https:\/\/www.drouaire.com\/nos-produits\/debicab-2a\/#primaryimage"},"image":{"@id":"https:\/\/www.drouaire.com\/nos-produits\/debicab-2a\/#primaryimage"},"thumbnailUrl":"https:\/\/www.drouaire.com\/wp-content\/uploads\/2024\/06\/DEB2A-DSC_1009JPG-2.jpg","datePublished":"2024-06-19T06:52:57+00:00","dateModified":"2026-03-16T13:53:27+00:00","breadcrumb":{"@id":"https:\/\/www.drouaire.com\/nos-produits\/debicab-2a\/#breadcrumb"},"inLanguage":"es","potentialAction":[{"@type":"ReadAction","target":["https:\/\/www.drouaire.com\/nos-produits\/debicab-2a\/"]}]},{"@type":"ImageObject","inLanguage":"es","@id":"https:\/\/www.drouaire.com\/nos-produits\/debicab-2a\/#primaryimage","url":"https:\/\/www.drouaire.com\/wp-content\/uploads\/2024\/06\/DEB2A-DSC_1009JPG-2.jpg","contentUrl":"https:\/\/www.drouaire.com\/wp-content\/uploads\/2024\/06\/DEB2A-DSC_1009JPG-2.jpg","width":326,"height":367},{"@type":"BreadcrumbList","@id":"https:\/\/www.drouaire.com\/nos-produits\/debicab-2a\/#breadcrumb","itemListElement":[{"@type":"ListItem","position":1,"name":"Home","item":"https:\/\/www.drouaire.com\/"},{"@type":"ListItem","position":2,"name":"Catalogue produits Drouaire","item":"https:\/\/www.drouaire.com\/nos-produits\/"},{"@type":"ListItem","position":3,"name":"DEBICAB 2A \u00d8 600 mm maxi"}]},{"@type":"WebSite","@id":"https:\/\/www.drouaire.com\/#website","url":"https:\/\/www.drouaire.com\/","name":"DROUAIRE","description":"","potentialAction":[{"@type":"SearchAction","target":{"@type":"EntryPoint","urlTemplate":"https:\/\/www.drouaire.com\/?s={search_term_string}"},"query-input":{"@type":"PropertyValueSpecification","valueRequired":true,"valueName":"search_term_string"}}],"inLanguage":"es"}]}},"_links":{"self":[{"href":"https:\/\/www.drouaire.com\/es\/wp-json\/wp\/v2\/product\/1351","targetHints":{"allow":["GET"]}}],"collection":[{"href":"https:\/\/www.drouaire.com\/es\/wp-json\/wp\/v2\/product"}],"about":[{"href":"https:\/\/www.drouaire.com\/es\/wp-json\/wp\/v2\/types\/product"}],"replies":[{"embeddable":true,"href":"https:\/\/www.drouaire.com\/es\/wp-json\/wp\/v2\/comments?post=1351"}],"wp:featuredmedia":[{"embeddable":true,"href":"https:\/\/www.drouaire.com\/es\/wp-json\/wp\/v2\/media\/1458"}],"wp:attachment":[{"href":"https:\/\/www.drouaire.com\/es\/wp-json\/wp\/v2\/media?parent=1351"}],"wp:term":[{"taxonomy":"product_brand","embeddable":true,"href":"https:\/\/www.drouaire.com\/es\/wp-json\/wp\/v2\/product_brand?post=1351"},{"taxonomy":"product_cat","embeddable":true,"href":"https:\/\/www.drouaire.com\/es\/wp-json\/wp\/v2\/product_cat?post=1351"},{"taxonomy":"product_tag","embeddable":true,"href":"https:\/\/www.drouaire.com\/es\/wp-json\/wp\/v2\/product_tag?post=1351"}],"curies":[{"name":"wp","href":"https:\/\/api.w.org\/{rel}","templated":true}]}}