{"id":2029,"date":"2024-08-27T15:39:19","date_gmt":"2024-08-27T13:39:19","guid":{"rendered":"https:\/\/dev.drouaire.com\/?page_id=2029"},"modified":"2025-01-06T15:28:02","modified_gmt":"2025-01-06T14:28:02","slug":"politique-de-confidentialite","status":"publish","type":"page","link":"https:\/\/www.drouaire.com\/es\/politique-de-confidentialite\/","title":{"rendered":"Politique de confidentialit\u00e9"},"content":{"rendered":"<p>[et_pb_section fb_built=&#8221;1&#8243; custom_padding_last_edited=&#8221;on|phone&#8221; _builder_version=&#8221;4.23.1&#8243; _module_preset=&#8221;default&#8221; use_background_color_gradient=&#8221;on&#8221; background_color_gradient_stops=&#8221;rgba(14,14,16,0.18) 1%|rgba(14,14,16,0.21) 100%&#8221; background_color_gradient_overlays_image=&#8221;on&#8221; background_image=&#8221;https:\/\/www.drouaire.com\/wp-content\/uploads\/2023\/12\/la-societe.jpg&#8221; height_phone=&#8221;600px&#8221; height_last_edited=&#8221;off|desktop&#8221; custom_padding=&#8221;100px||100px||true|false&#8221; custom_padding_tablet=&#8221;76px||76px||true|false&#8221; custom_padding_phone=&#8221;120px||120px||true|false&#8221; background_last_edited=&#8221;off|desktop&#8221; background_enable_color_phone=&#8221;off&#8221; use_background_color_gradient_phone=&#8221;off&#8221; background_color_gradient_stops_phone=&#8221;#2a53f9 0%|#29c4a9 100%&#8221; background_color_gradient_start_phone=&#8221;#2a53f9&#8243; background_color_gradient_end_phone=&#8221;#29c4a9&#8243; background_image_phone=&#8221;https:\/\/www.drouaire.com\/wp-content\/uploads\/2023\/12\/banniere-accueil-mobile.jpg&#8221; background_enable_image_phone=&#8221;on&#8221; background_position_phone=&#8221;top_center&#8221; global_colors_info=&#8221;{}&#8221;][et_pb_row use_custom_gutter=&#8221;on&#8221; gutter_width=&#8221;2&#8243; make_equal=&#8221;on&#8221; _builder_version=&#8221;4.16&#8243; _module_preset=&#8221;default&#8221; positioning=&#8221;none&#8221; position_origin_a=&#8221;center_center&#8221; width=&#8221;90%&#8221; max_width=&#8221;1240px&#8221; max_width_tablet=&#8221;630px&#8221; max_width_phone=&#8221;406px&#8221; max_width_last_edited=&#8221;on|tablet&#8221; module_alignment=&#8221;center&#8221; custom_padding=&#8221;0px||0px||false|false&#8221; global_colors_info=&#8221;{}&#8221;][et_pb_column type=&#8221;4_4&#8243; _builder_version=&#8221;4.16&#8243; _module_preset=&#8221;default&#8221; global_colors_info=&#8221;{}&#8221;][et_pb_text _builder_version=&#8221;4.27.0&#8243; _module_preset=&#8221;default&#8221; text_font=&#8221;Playfair Display||||||||&#8221; text_text_color=&#8221;#FFFFFF&#8221; header_font=&#8221;Montserrat|700||on|||||&#8221; header_text_align=&#8221;left&#8221; header_text_color=&#8221;#FFFFFF&#8221; header_font_size=&#8221;50px&#8221; custom_margin=&#8221;||||false|false&#8221; custom_margin_tablet=&#8221;||||false|false&#8221; custom_margin_phone=&#8221;||10px||false|false&#8221; custom_margin_last_edited=&#8221;on|phone&#8221; custom_padding_tablet=&#8221;&#8221; custom_padding_phone=&#8221;||0px||false|false&#8221; custom_padding_last_edited=&#8221;on|phone&#8221; text_line_height_tablet=&#8221;&#8221; text_line_height_phone=&#8221;1.3em&#8221; text_line_height_last_edited=&#8221;on|phone&#8221; header_font_size_tablet=&#8221;50px&#8221; header_font_size_phone=&#8221;40px&#8221; header_font_size_last_edited=&#8221;on|tablet&#8221; global_colors_info=&#8221;{}&#8221;]<\/p>\n<h1>Politique de confidentialit\u00e9<\/h1>\n<p>[\/et_pb_text][dsm_breadcrumbs home_text=&#8221;Accueil&#8221; show_home_icon=&#8221;off&#8221; items_bg_color=&#8221;RGBA(255,255,255,0)&#8221; current_bg_color=&#8221;RGBA(255,255,255,0)&#8221; _builder_version=&#8221;4.23.1&#8243; _module_preset=&#8221;default&#8221; items_text_color=&#8221;#ED6B21&#8243; separators_text_color=&#8221;#FFFFFF&#8221; current_text_color=&#8221;#FFFFFF&#8221; global_colors_info=&#8221;{}&#8221;][\/dsm_breadcrumbs][\/et_pb_column][\/et_pb_row][\/et_pb_section][et_pb_section fb_built=&#8221;1&#8243; custom_padding_last_edited=&#8221;on|phone&#8221; _builder_version=&#8221;4.27.0&#8243; _module_preset=&#8221;default&#8221; custom_margin=&#8221;||||false|false&#8221; custom_padding=&#8221;20px||100px||false|false&#8221; custom_padding_tablet=&#8221;80px||80px||true|false&#8221; custom_padding_phone=&#8221;40px||40px||false|false&#8221; hover_enabled=&#8221;0&#8243; global_colors_info=&#8221;{}&#8221; sticky_enabled=&#8221;0&#8243;][et_pb_row use_custom_gutter=&#8221;on&#8221; gutter_width=&#8221;4&#8243; _builder_version=&#8221;4.23.4&#8243; _module_preset=&#8221;default&#8221; width=&#8221;90%&#8221; max_width=&#8221;1270px&#8221; custom_padding=&#8221;0px||0px||false|false&#8221; global_colors_info=&#8221;{}&#8221;][et_pb_column type=&#8221;4_4&#8243; _builder_version=&#8221;4.23.1&#8243; _module_preset=&#8221;default&#8221; animation_style=&#8221;slide&#8221; animation_direction=&#8221;left&#8221; animation_duration=&#8221;500ms&#8221; animation_delay=&#8221;500ms&#8221; animation_speed_curve=&#8221;ease&#8221; global_colors_info=&#8221;{}&#8221;][et_pb_text _builder_version=&#8221;4.27.0&#8243; _module_preset=&#8221;default&#8221; text_font=&#8221;||||||||&#8221; text_text_color=&#8221;#0E0E10&#8243; text_font_size=&#8221;16px&#8221; text_line_height=&#8221;1.8em&#8221; link_text_color=&#8221;#ED6B21&#8243; hover_enabled=&#8221;0&#8243; global_colors_info=&#8221;{}&#8221; custom_margin=&#8221;0px||||false|false&#8221; custom_padding=&#8221;0px||||false|false&#8221; sticky_enabled=&#8221;0&#8243;]<\/p>\n<div class=\"container\">\n<div class=\"row enigma_blog_wrapper\">\n<div class=\"col-md-9\">\n<div class=\"enigma_blog_full\">\n<div class=\"enigma_blog_post_content\">\n<h1 style=\"color: #0d1222;\">Politique de confidentialit\u00e9<\/h1>\n<p>site internet: <a href=\"https:\/\/www.drouaire.com\/\">https:\/\/www.drouaire.com\/<\/a><\/p>\n<p>Identit\u00e9 et coordonn\u00e9es de l\u2019organisme :<br \/>Drouaire &amp; Fils (SAS)<br \/>47160 Villefranche du Queyran FRANCE<br \/>Email : <a href=\"mailto:contact@drouaire.com\" rel=\"nofollow\">contactez-nous<\/a><br \/><strong>Tel. <\/strong>: +33 (0)5 53 88 70 87<\/p>\n<p>Coordonn\u00e9es du d\u00e9l\u00e9gu\u00e9 \u00e0 la protection des donn\u00e9es :<br \/>Drouaire &amp; Fils (SAS)<br \/>47160 Villefranche du Queyran FRANCE<br \/>Email : <a href=\"mailto:contact@drouaire.com\" rel=\"nofollow\">contactez-nous<\/a><\/p>\n<h2 style=\"color: #0d1222;\">Donn\u00e9es personnels r\u00e9colt\u00e9s :<\/h2>\n<p>Deux types de donn\u00e9es \u00e0 caract\u00e8re personnel sont collect\u00e9s sur le site <a href=\"https:\/\/www.drouaire.com\/\">https:\/\/www.drouaire.com\/<\/a><br \/>\u2022 Donn\u00e9es saisies et envoy\u00e9es via le formulaire de contact<br \/>\u2022 Donn\u00e9es collect\u00e9es par l\u2019outil de mesure d\u2019audience Google Analytics<\/p>\n<h2 style=\"color: #0d1222;\">Finalit\u00e9 de la collecte des donn\u00e9es personnels :<\/h2>\n<p>Des renseignements personnels sont collect\u00e9s par le biais du formulaire de contact et ont pour but de :<br \/>\u2013 recontacter les personnes qui ont laiss\u00e9 leurs informations de contact recontacter dans le cadre de la relation commerciale<br \/>En soumettant le formulaire et en cochant la case \u00e0 cocher de consentement du formulaire, l\u2019internaute donne express\u00e9ment son accord pour que les donn\u00e9es \u00e0 caract\u00e8re personnel soient trait\u00e9es pour la finalit\u00e9 d\u00e9crite.<br \/>Dans ce but, vos donn\u00e9es sont conserv\u00e9es pour une dur\u00e9e d\u2019un an \u00e0 compter de l\u2019envoi du formulaire.<\/p>\n<p>Des donn\u00e9es personnels sont collect\u00e9s \u00e0 travers l\u2019outil de suivi d\u2019audience Google Analytics et ont pour but de :<br \/>\u2013 Analyser le comportement des internautes sur le site afin de pouvoir mesurer leur audience et am\u00e9liorer leur performance.<\/p>\n<p>Les cookies sont des fichiers texte install\u00e9s sur le terminal des internautes. Ils ne contiennent aucune information nominative, uniquement des identifiants cr\u00e9\u00e9s de mani\u00e8re al\u00e9atoire.<br \/>Vous pouvez r\u00e9gler vos pr\u00e9f\u00e9rences de cookie lors de votre premi\u00e8re connexion au site.<\/p>\n<p>Les cookies utilis\u00e9s par l\u2019outil de mesure d\u2019audience Google Analytics ont les dur\u00e9es de vie suivantes :<br \/>_ga : 2 ans<br \/>_gid : 24 heures<br \/>_gat : 1 minute<\/p>\n<h2 style=\"color: #0d1222;\">Droit d\u2019opposition et de retrait :<\/h2>\n<p>Nous nous engageons \u00e0 vous offrir un droit d\u2019opposition et de retrait quant \u00e0 vos renseignements personnels. Le droit d\u2019opposition s\u2019entend comme \u00e9tant la possiblit\u00e9 offerte aux internautes de refuser que leurs renseignements personnels soient utilis\u00e9es \u00e0 certaines fins mentionn\u00e9es lors de la collecte.<br \/>Pour pouvoir exercer ces droits, vous pouvez nous contacter par :<br \/>Voie postale : Drouaire &amp; Fils- 47160 Villefranche du Queyran<br \/>ou Courriel : <a href=\"mailto:contact@drouaire.com\" rel=\"nofollow\">contactez-nous<\/a><\/p>\n<h2 style=\"color: #0d1222;\">Droit d\u2019acc\u00e8s :<\/h2>\n<p>Nous nous engageons \u00e0 reconna\u00eetre un droit d\u2019acc\u00e8s et de rectification aux personnes concern\u00e9es d\u00e9sireuses de consulter, modifier, voire radier les informations les concernant.<br \/>L\u2019exercice de ce droit se fera par :<br \/>Voie postale : Drouaire &amp; Fils- 47160 Villefranche du Queyran<br \/>ou Courriel : <a href=\"mailto:contact@drouaire.com\" rel=\"nofollow\">contactez-nous<\/a><\/p>\n<h2 style=\"color: #0d1222;\">S\u00e9curit\u00e9 :<\/h2>\n<p>Les renseignements personnels que nous collectons sont conserv\u00e9s dans un environnement s\u00e9curis\u00e9. Les personnes travaillant pour nous sont tenues de respecter la confidentialit\u00e9 de vos informations.<br \/>Pour assurer la s\u00e9curit\u00e9 de vos renseignements personnels, nous avons recours aux mesures suivantes :<br \/>\u2022 Protocole SSL (Secure Sockets Layer)<br \/>\u2022 Gestion des acc\u00e8s \u2013 personne autoris\u00e9e<br \/>\u2022 Sauvegarde informatique<br \/>\u2022 Pare-feu (Firewalls)<br \/>Nous nous engageons \u00e0 maintenir un haut degr\u00e9 de confidentialit\u00e9 en int\u00e9grant les derni\u00e8res innovations technologiques permettant d\u2019assurer la confidentialit\u00e9 de vos transactions. Toutefois, comme aucun m\u00e9canisme n\u2019offre une s\u00e9curit\u00e9 maximale, une part de risque est toujours pr\u00e9sente lorsque l\u2019on utilise Internet pour transmettre des renseignements personnels.<\/p>\n<h2 style=\"color: #0d1222;\">L\u00e9gislation :<\/h2>\n<p>Nous nous engageons \u00e0 respecter les dispositions l\u00e9gislatives du R\u00e8glement g\u00e9n\u00e9ral sur la protection des donn\u00e9es (RGPD)<\/p>\n<\/div>\n<\/div>\n<div class=\"push-right\">\n<hr class=\"blog-sep header-sep\" \/>\n<\/div>\n<\/div>\n<\/div>\n<\/div>\n<p>&nbsp;<\/p>\n<p>[\/et_pb_text][\/et_pb_column][\/et_pb_row][\/et_pb_section]<\/p>\n","protected":false},"excerpt":{"rendered":"<p>Politique de confidentialit\u00e9<div class=\"et_pb_module dsm_breadcrumbs dsm_breadcrumbs_0\">\n\t\t\t\t\n\t\t\t\t\n\t\t\t\t\n\t\t\t\t\n\t\t\t\t\n\t\t\t\t\n\t\t\t\t<div class=\"et_pb_module_inner\">\n\t\t\t\t\t<nav class=\"dsm_breadcrumbs_wrap\">\n\t\t\t\t<ul class=\"dsm_breadcrumbs\" itemscope itemtype=\"https:\/\/schema.org\/BreadcrumbList\">\t\t\t<li class=\"dsm_breadcrumbs_item dsm_home_item dsm_home_item_custom\" itemprop=\"itemListElement\" itemscope\n\t\t\titemtype=\"https:\/\/schema.org\/ListItem\">\n\t\t\t\t<a href=\"https:\/\/www.drouaire.com\/es\" itemprop=\"item\" target=\"\">\n\t\t\t\t\t<span class='dsm_home_text_wrapper'>\n\t\t\t\t\t\t\t\t\t\t\t\t\t<span class=\"dsm_home_text\" itemprop=\"name\">\n\t\t\t\t\t\t\t\tAccueil\t\t\t\t\t\t\t<\/span>\n\t\t\t\t\t<\/span>\n\t\t\t\t<\/a>\n\t\t\t\t<meta itemprop=\"position\" content=\"1\" \/>\n\t\t\t<\/li>\n\n\t\t<li class=\"dsm_breadcrumbs_separator\"> <span class=\"et-pb-icon dsm_separator_icon\">5<\/span><\/li><\/ul>\n\t\t\t<\/nav>\n\t\t\t\t<\/div>\n\t\t\t<\/div> Politique de confidentialit\u00e9 site internet: https:\/\/www.drouaire.com\/ Identit\u00e9 et coordonn\u00e9es de l\u2019organisme :Drouaire &amp; Fils (SAS)47160 Villefranche du Queyran FRANCEEmail : contactez-nousTel. : +33 (0)5 53 88 70 87 Coordonn\u00e9es du d\u00e9l\u00e9gu\u00e9 \u00e0 la protection des donn\u00e9es :Drouaire &amp; Fils (SAS)47160 Villefranche du Queyran FRANCEEmail : contactez-nous Donn\u00e9es personnels r\u00e9colt\u00e9s : Deux types de donn\u00e9es \u00e0 caract\u00e8re personnel sont collect\u00e9s sur le site https:\/\/www.drouaire.com\/\u2022 Donn\u00e9es saisies et envoy\u00e9es via le formulaire de contact\u2022 Donn\u00e9es collect\u00e9es par l\u2019outil de mesure d\u2019audience Google Analytics Finalit\u00e9 de la collecte des donn\u00e9es personnels : Des renseignements personnels sont collect\u00e9s par le biais du formulaire de contact et ont pour but de :\u2013 recontacter les personnes qui ont laiss\u00e9 leurs informations de contact recontacter dans le cadre de la relation commercialeEn soumettant le formulaire et en cochant la case \u00e0 cocher de consentement du formulaire, l\u2019internaute donne express\u00e9ment son accord pour que les donn\u00e9es \u00e0 caract\u00e8re personnel soient trait\u00e9es pour la finalit\u00e9 d\u00e9crite.Dans ce but, vos donn\u00e9es sont conserv\u00e9es pour une dur\u00e9e d\u2019un an \u00e0 compter de l\u2019envoi du formulaire. Des donn\u00e9es personnels sont collect\u00e9s \u00e0 travers l\u2019outil de suivi d\u2019audience Google Analytics [&hellip;]<\/p>\n","protected":false},"author":1,"featured_media":0,"parent":0,"menu_order":0,"comment_status":"closed","ping_status":"closed","template":"","meta":{"_acf_changed":false,"_et_pb_use_builder":"on","_et_pb_old_content":"","_et_gb_content_width":"","footnotes":""},"class_list":["post-2029","page","type-page","status-publish","hentry"],"acf":[],"yoast_head":"<!-- This site is optimized with the Yoast SEO plugin v27.1.1 - https:\/\/yoast.com\/product\/yoast-seo-wordpress\/ -->\n<title>Politique de confidentialit\u00e9 - DROUAIRE<\/title>\n<meta name=\"robots\" content=\"index, follow, max-snippet:-1, max-image-preview:large, max-video-preview:-1\" \/>\n<link rel=\"canonical\" href=\"https:\/\/www.drouaire.com\/es\/politique-de-confidentialite\/\" \/>\n<meta property=\"og:locale\" content=\"es_ES\" \/>\n<meta property=\"og:type\" content=\"article\" \/>\n<meta property=\"og:title\" content=\"Politique de confidentialit\u00e9 - DROUAIRE\" \/>\n<meta property=\"og:description\" content=\"Politique de confidentialit\u00e9 Politique de confidentialit\u00e9 site internet: https:\/\/www.drouaire.com\/ Identit\u00e9 et coordonn\u00e9es de l\u2019organisme :Drouaire &amp; Fils (SAS)47160 Villefranche du Queyran FRANCEEmail : contactez-nousTel. : +33 (0)5 53 88 70 87 Coordonn\u00e9es du d\u00e9l\u00e9gu\u00e9 \u00e0 la protection des donn\u00e9es :Drouaire &amp; Fils (SAS)47160 Villefranche du Queyran FRANCEEmail : contactez-nous Donn\u00e9es personnels r\u00e9colt\u00e9s : Deux types de donn\u00e9es \u00e0 caract\u00e8re personnel sont collect\u00e9s sur le site https:\/\/www.drouaire.com\/\u2022 Donn\u00e9es saisies et envoy\u00e9es via le formulaire de contact\u2022 Donn\u00e9es collect\u00e9es par l\u2019outil de mesure d\u2019audience Google Analytics Finalit\u00e9 de la collecte des donn\u00e9es personnels : Des renseignements personnels sont collect\u00e9s par le biais du formulaire de contact et ont pour but de :\u2013 recontacter les personnes qui ont laiss\u00e9 leurs informations de contact recontacter dans le cadre de la relation commercialeEn soumettant le formulaire et en cochant la case \u00e0 cocher de consentement du formulaire, l\u2019internaute donne express\u00e9ment son accord pour que les donn\u00e9es \u00e0 caract\u00e8re personnel soient trait\u00e9es pour la finalit\u00e9 d\u00e9crite.Dans ce but, vos donn\u00e9es sont conserv\u00e9es pour une dur\u00e9e d\u2019un an \u00e0 compter de l\u2019envoi du formulaire. Des donn\u00e9es personnels sont collect\u00e9s \u00e0 travers l\u2019outil de suivi d\u2019audience Google Analytics [&hellip;]\" \/>\n<meta property=\"og:url\" content=\"https:\/\/www.drouaire.com\/es\/politique-de-confidentialite\/\" \/>\n<meta property=\"og:site_name\" content=\"DROUAIRE\" \/>\n<meta property=\"article:modified_time\" content=\"2025-01-06T14:28:02+00:00\" \/>\n<meta name=\"twitter:card\" content=\"summary_large_image\" \/>\n<script type=\"application\/ld+json\" class=\"yoast-schema-graph\">{\"@context\":\"https:\/\/schema.org\",\"@graph\":[{\"@type\":\"WebPage\",\"@id\":\"https:\/\/www.drouaire.com\/politique-de-confidentialite\/\",\"url\":\"https:\/\/www.drouaire.com\/politique-de-confidentialite\/\",\"name\":\"Politique de confidentialit\u00e9 - DROUAIRE\",\"isPartOf\":{\"@id\":\"https:\/\/www.drouaire.com\/#website\"},\"datePublished\":\"2024-08-27T13:39:19+00:00\",\"dateModified\":\"2025-01-06T14:28:02+00:00\",\"breadcrumb\":{\"@id\":\"https:\/\/www.drouaire.com\/politique-de-confidentialite\/#breadcrumb\"},\"inLanguage\":\"es\",\"potentialAction\":[{\"@type\":\"ReadAction\",\"target\":[\"https:\/\/www.drouaire.com\/politique-de-confidentialite\/\"]}]},{\"@type\":\"BreadcrumbList\",\"@id\":\"https:\/\/www.drouaire.com\/politique-de-confidentialite\/#breadcrumb\",\"itemListElement\":[{\"@type\":\"ListItem\",\"position\":1,\"name\":\"Home\",\"item\":\"https:\/\/www.drouaire.com\/\"},{\"@type\":\"ListItem\",\"position\":2,\"name\":\"Politique de confidentialit\u00e9\"}]},{\"@type\":\"WebSite\",\"@id\":\"https:\/\/www.drouaire.com\/#website\",\"url\":\"https:\/\/www.drouaire.com\/\",\"name\":\"DROUAIRE\",\"description\":\"\",\"potentialAction\":[{\"@type\":\"SearchAction\",\"target\":{\"@type\":\"EntryPoint\",\"urlTemplate\":\"https:\/\/www.drouaire.com\/?s={search_term_string}\"},\"query-input\":{\"@type\":\"PropertyValueSpecification\",\"valueRequired\":true,\"valueName\":\"search_term_string\"}}],\"inLanguage\":\"es\"}]}<\/script>\n<!-- \/ Yoast SEO plugin. -->","yoast_head_json":{"title":"Politique de confidentialit\u00e9 - DROUAIRE","robots":{"index":"index","follow":"follow","max-snippet":"max-snippet:-1","max-image-preview":"max-image-preview:large","max-video-preview":"max-video-preview:-1"},"canonical":"https:\/\/www.drouaire.com\/es\/politique-de-confidentialite\/","og_locale":"es_ES","og_type":"article","og_title":"Politique de confidentialit\u00e9 - DROUAIRE","og_description":"Politique de confidentialit\u00e9 Politique de confidentialit\u00e9 site internet: https:\/\/www.drouaire.com\/ Identit\u00e9 et coordonn\u00e9es de l\u2019organisme :Drouaire &amp; Fils (SAS)47160 Villefranche du Queyran FRANCEEmail : contactez-nousTel. : +33 (0)5 53 88 70 87 Coordonn\u00e9es du d\u00e9l\u00e9gu\u00e9 \u00e0 la protection des donn\u00e9es :Drouaire &amp; Fils (SAS)47160 Villefranche du Queyran FRANCEEmail : contactez-nous Donn\u00e9es personnels r\u00e9colt\u00e9s : Deux types de donn\u00e9es \u00e0 caract\u00e8re personnel sont collect\u00e9s sur le site https:\/\/www.drouaire.com\/\u2022 Donn\u00e9es saisies et envoy\u00e9es via le formulaire de contact\u2022 Donn\u00e9es collect\u00e9es par l\u2019outil de mesure d\u2019audience Google Analytics Finalit\u00e9 de la collecte des donn\u00e9es personnels : Des renseignements personnels sont collect\u00e9s par le biais du formulaire de contact et ont pour but de :\u2013 recontacter les personnes qui ont laiss\u00e9 leurs informations de contact recontacter dans le cadre de la relation commercialeEn soumettant le formulaire et en cochant la case \u00e0 cocher de consentement du formulaire, l\u2019internaute donne express\u00e9ment son accord pour que les donn\u00e9es \u00e0 caract\u00e8re personnel soient trait\u00e9es pour la finalit\u00e9 d\u00e9crite.Dans ce but, vos donn\u00e9es sont conserv\u00e9es pour une dur\u00e9e d\u2019un an \u00e0 compter de l\u2019envoi du formulaire. Des donn\u00e9es personnels sont collect\u00e9s \u00e0 travers l\u2019outil de suivi d\u2019audience Google Analytics [&hellip;]","og_url":"https:\/\/www.drouaire.com\/es\/politique-de-confidentialite\/","og_site_name":"DROUAIRE","article_modified_time":"2025-01-06T14:28:02+00:00","twitter_card":"summary_large_image","schema":{"@context":"https:\/\/schema.org","@graph":[{"@type":"WebPage","@id":"https:\/\/www.drouaire.com\/politique-de-confidentialite\/","url":"https:\/\/www.drouaire.com\/politique-de-confidentialite\/","name":"Politique de confidentialit\u00e9 - DROUAIRE","isPartOf":{"@id":"https:\/\/www.drouaire.com\/#website"},"datePublished":"2024-08-27T13:39:19+00:00","dateModified":"2025-01-06T14:28:02+00:00","breadcrumb":{"@id":"https:\/\/www.drouaire.com\/politique-de-confidentialite\/#breadcrumb"},"inLanguage":"es","potentialAction":[{"@type":"ReadAction","target":["https:\/\/www.drouaire.com\/politique-de-confidentialite\/"]}]},{"@type":"BreadcrumbList","@id":"https:\/\/www.drouaire.com\/politique-de-confidentialite\/#breadcrumb","itemListElement":[{"@type":"ListItem","position":1,"name":"Home","item":"https:\/\/www.drouaire.com\/"},{"@type":"ListItem","position":2,"name":"Politique de confidentialit\u00e9"}]},{"@type":"WebSite","@id":"https:\/\/www.drouaire.com\/#website","url":"https:\/\/www.drouaire.com\/","name":"DROUAIRE","description":"","potentialAction":[{"@type":"SearchAction","target":{"@type":"EntryPoint","urlTemplate":"https:\/\/www.drouaire.com\/?s={search_term_string}"},"query-input":{"@type":"PropertyValueSpecification","valueRequired":true,"valueName":"search_term_string"}}],"inLanguage":"es"}]}},"_links":{"self":[{"href":"https:\/\/www.drouaire.com\/es\/wp-json\/wp\/v2\/pages\/2029","targetHints":{"allow":["GET"]}}],"collection":[{"href":"https:\/\/www.drouaire.com\/es\/wp-json\/wp\/v2\/pages"}],"about":[{"href":"https:\/\/www.drouaire.com\/es\/wp-json\/wp\/v2\/types\/page"}],"author":[{"embeddable":true,"href":"https:\/\/www.drouaire.com\/es\/wp-json\/wp\/v2\/users\/1"}],"replies":[{"embeddable":true,"href":"https:\/\/www.drouaire.com\/es\/wp-json\/wp\/v2\/comments?post=2029"}],"version-history":[{"count":3,"href":"https:\/\/www.drouaire.com\/es\/wp-json\/wp\/v2\/pages\/2029\/revisions"}],"predecessor-version":[{"id":2035,"href":"https:\/\/www.drouaire.com\/es\/wp-json\/wp\/v2\/pages\/2029\/revisions\/2035"}],"wp:attachment":[{"href":"https:\/\/www.drouaire.com\/es\/wp-json\/wp\/v2\/media?parent=2029"}],"curies":[{"name":"wp","href":"https:\/\/api.w.org\/{rel}","templated":true}]}}