{"id":1360,"date":"2024-06-19T10:52:12","date_gmt":"2024-06-19T08:52:12","guid":{"rendered":"https:\/\/dev.drouaire.com\/?post_type=product&#038;p=1360"},"modified":"2026-03-16T14:50:32","modified_gmt":"2026-03-16T13:50:32","slug":"stockeur-de-couronnes","status":"publish","type":"product","link":"https:\/\/www.drouaire.com\/en\/nos-produits\/stockeur-de-couronnes\/","title":{"rendered":"COIL STORAGE"},"content":{"rendered":"<h3>CHARACTERISTICS<\/h3>\n<ul>\n<li title=\"\" data-original-title=\"\">Mechanically welded mobile frame made of 40x40 tubing mounted on 4 swivel wheels, 2 of which have brakes.<\/li>\n<li title=\"\" data-original-title=\"\">48 storage positions.<\/li>\n<li title=\"\" data-original-title=\"\">Several easily accessible and identifiable coils (depending on width) can be stored on each tube.\u00a0<strong>Several easily accessible and identifiable<\/strong>.<\/li>\n<li title=\"\" data-original-title=\"\">Maximum external diameter of coils to be stored: 450 mm.<\/li>\n<li title=\"\" data-original-title=\"\">Maximum total load: 1200 kg.<\/li>\n<li title=\"\" data-original-title=\"\"><strong>Maximum total load: 1200 kg.<\/strong><\/li>\n<\/ul>","protected":false},"excerpt":{"rendered":"<h4>MOBILE MODEL<\/h4>\n<p>Add value to your cable off-cuts.<\/p>\n<ul>\n<li title=\"\" data-original-title=\"\">Visible, clean storage of sold coils and cable off-cuts<\/li>\n<li title=\"\" data-original-title=\"\">Easily identifiable coils<\/li>\n<\/ul>","protected":false},"featured_media":2022,"comment_status":"open","ping_status":"closed","template":"","meta":{"_acf_changed":false,"_et_pb_use_builder":"off","_et_pb_old_content":"<h3>CARACT\u00c9RISTIQUES<\/h3>\r\n<ul>\r\n \t<li title=\"\" data-original-title=\"\">Ch\u00e2ssis mobile m\u00e9cano soud\u00e9 en tubes de 40X40 mont\u00e9 sur 4 roues pivotantes dont 2 frein\u00e9es.<\/li>\r\n \t<li title=\"\" data-original-title=\"\">48 positions de stockage.<\/li>\r\n \t<li title=\"\" data-original-title=\"\">Sur chaque tube, possibilit\u00e9 de stocker plusieurs couronnes (selon la largeur) tr\u00e8s facilement\u00a0<strong>accessibles et identifiables<\/strong>.<\/li>\r\n \t<li title=\"\" data-original-title=\"\">Diam\u00e8tre ext\u00e9rieur maxi des couronnes \u00e0 stocker : 450 mm.<\/li>\r\n \t<li title=\"\" data-original-title=\"\">Largeur maxi de la couronne : 180 mm.<\/li>\r\n \t<li title=\"\" data-original-title=\"\"><strong>Charge totale maximale : 1200 kg.<\/strong><\/li>\r\n<\/ul>","_et_gb_content_width":""},"product_brand":[],"product_cat":[19],"product_tag":[],"class_list":{"0":"post-1360","1":"product","2":"type-product","3":"status-publish","4":"has-post-thumbnail","6":"product_cat-racks-et-accessoires","8":"first","9":"instock","10":"shipping-taxable","11":"product-type-simple"},"acf":[],"yoast_head":"<!-- This site is optimized with the Yoast SEO plugin v27.1.1 - https:\/\/yoast.com\/product\/yoast-seo-wordpress\/ -->\n<title>STOCKEUR DE COURONNES - DROUAIRE<\/title>\n<meta name=\"robots\" content=\"index, follow, max-snippet:-1, max-image-preview:large, max-video-preview:-1\" \/>\n<link rel=\"canonical\" href=\"https:\/\/www.drouaire.com\/en\/our-products\/stockeur-de-couronnes\/\" \/>\n<meta property=\"og:locale\" content=\"en_GB\" \/>\n<meta property=\"og:type\" content=\"article\" \/>\n<meta property=\"og:title\" content=\"STOCKEUR DE COURONNES - DROUAIRE\" \/>\n<meta property=\"og:description\" content=\"Mod\u00e8le mobile Donnez de la valeur \u00e0 vos chutes de c\u00e2bles.   Stockage visible et propre des couronnes vendues et des chutes de c\u00e2ble  Couronnes facilement identifiables\" \/>\n<meta property=\"og:url\" content=\"https:\/\/www.drouaire.com\/en\/our-products\/stockeur-de-couronnes\/\" \/>\n<meta property=\"og:site_name\" content=\"DROUAIRE\" \/>\n<meta property=\"article:modified_time\" content=\"2026-03-16T13:50:32+00:00\" \/>\n<meta property=\"og:image\" content=\"https:\/\/www.drouaire.com\/wp-content\/uploads\/2024\/06\/DSCN9032-carre.jpg\" \/>\n\t<meta property=\"og:image:width\" content=\"781\" \/>\n\t<meta property=\"og:image:height\" content=\"781\" \/>\n\t<meta property=\"og:image:type\" content=\"image\/jpeg\" \/>\n<meta name=\"twitter:card\" content=\"summary_large_image\" \/>\n<meta name=\"twitter:label1\" content=\"Estimated reading time\" \/>\n\t<meta name=\"twitter:data1\" content=\"1 minute\" \/>\n<script type=\"application\/ld+json\" class=\"yoast-schema-graph\">{\"@context\":\"https:\/\/schema.org\",\"@graph\":[{\"@type\":\"WebPage\",\"@id\":\"https:\/\/www.drouaire.com\/nos-produits\/stockeur-de-couronnes\/\",\"url\":\"https:\/\/www.drouaire.com\/nos-produits\/stockeur-de-couronnes\/\",\"name\":\"STOCKEUR DE COURONNES - DROUAIRE\",\"isPartOf\":{\"@id\":\"https:\/\/www.drouaire.com\/#website\"},\"primaryImageOfPage\":{\"@id\":\"https:\/\/www.drouaire.com\/nos-produits\/stockeur-de-couronnes\/#primaryimage\"},\"image\":{\"@id\":\"https:\/\/www.drouaire.com\/nos-produits\/stockeur-de-couronnes\/#primaryimage\"},\"thumbnailUrl\":\"https:\/\/www.drouaire.com\/wp-content\/uploads\/2024\/06\/DSCN9032-carre.jpg\",\"datePublished\":\"2024-06-19T08:52:12+00:00\",\"dateModified\":\"2026-03-16T13:50:32+00:00\",\"breadcrumb\":{\"@id\":\"https:\/\/www.drouaire.com\/nos-produits\/stockeur-de-couronnes\/#breadcrumb\"},\"inLanguage\":\"en-GB\",\"potentialAction\":[{\"@type\":\"ReadAction\",\"target\":[\"https:\/\/www.drouaire.com\/nos-produits\/stockeur-de-couronnes\/\"]}]},{\"@type\":\"ImageObject\",\"inLanguage\":\"en-GB\",\"@id\":\"https:\/\/www.drouaire.com\/nos-produits\/stockeur-de-couronnes\/#primaryimage\",\"url\":\"https:\/\/www.drouaire.com\/wp-content\/uploads\/2024\/06\/DSCN9032-carre.jpg\",\"contentUrl\":\"https:\/\/www.drouaire.com\/wp-content\/uploads\/2024\/06\/DSCN9032-carre.jpg\",\"width\":781,\"height\":781,\"caption\":\"STOCKEUR DE COURONNES mod\u00e8le mobile\"},{\"@type\":\"BreadcrumbList\",\"@id\":\"https:\/\/www.drouaire.com\/nos-produits\/stockeur-de-couronnes\/#breadcrumb\",\"itemListElement\":[{\"@type\":\"ListItem\",\"position\":1,\"name\":\"Home\",\"item\":\"https:\/\/www.drouaire.com\/\"},{\"@type\":\"ListItem\",\"position\":2,\"name\":\"Catalogue produits Drouaire\",\"item\":\"https:\/\/www.drouaire.com\/nos-produits\/\"},{\"@type\":\"ListItem\",\"position\":3,\"name\":\"STOCKEUR DE COURONNES\"}]},{\"@type\":\"WebSite\",\"@id\":\"https:\/\/www.drouaire.com\/#website\",\"url\":\"https:\/\/www.drouaire.com\/\",\"name\":\"DROUAIRE\",\"description\":\"\",\"potentialAction\":[{\"@type\":\"SearchAction\",\"target\":{\"@type\":\"EntryPoint\",\"urlTemplate\":\"https:\/\/www.drouaire.com\/?s={search_term_string}\"},\"query-input\":{\"@type\":\"PropertyValueSpecification\",\"valueRequired\":true,\"valueName\":\"search_term_string\"}}],\"inLanguage\":\"en-GB\"}]}<\/script>\n<!-- \/ Yoast SEO plugin. -->","yoast_head_json":{"title":"STOCKEUR DE COURONNES - DROUAIRE","robots":{"index":"index","follow":"follow","max-snippet":"max-snippet:-1","max-image-preview":"max-image-preview:large","max-video-preview":"max-video-preview:-1"},"canonical":"https:\/\/www.drouaire.com\/en\/our-products\/stockeur-de-couronnes\/","og_locale":"en_GB","og_type":"article","og_title":"STOCKEUR DE COURONNES - DROUAIRE","og_description":"Mod\u00e8le mobile Donnez de la valeur \u00e0 vos chutes de c\u00e2bles.   Stockage visible et propre des couronnes vendues et des chutes de c\u00e2ble  Couronnes facilement identifiables","og_url":"https:\/\/www.drouaire.com\/en\/our-products\/stockeur-de-couronnes\/","og_site_name":"DROUAIRE","article_modified_time":"2026-03-16T13:50:32+00:00","og_image":[{"width":781,"height":781,"url":"https:\/\/www.drouaire.com\/wp-content\/uploads\/2024\/06\/DSCN9032-carre.jpg","type":"image\/jpeg"}],"twitter_card":"summary_large_image","twitter_misc":{"Estimated reading time":"1 minute"},"schema":{"@context":"https:\/\/schema.org","@graph":[{"@type":"WebPage","@id":"https:\/\/www.drouaire.com\/nos-produits\/stockeur-de-couronnes\/","url":"https:\/\/www.drouaire.com\/nos-produits\/stockeur-de-couronnes\/","name":"STOCKEUR DE COURONNES - DROUAIRE","isPartOf":{"@id":"https:\/\/www.drouaire.com\/#website"},"primaryImageOfPage":{"@id":"https:\/\/www.drouaire.com\/nos-produits\/stockeur-de-couronnes\/#primaryimage"},"image":{"@id":"https:\/\/www.drouaire.com\/nos-produits\/stockeur-de-couronnes\/#primaryimage"},"thumbnailUrl":"https:\/\/www.drouaire.com\/wp-content\/uploads\/2024\/06\/DSCN9032-carre.jpg","datePublished":"2024-06-19T08:52:12+00:00","dateModified":"2026-03-16T13:50:32+00:00","breadcrumb":{"@id":"https:\/\/www.drouaire.com\/nos-produits\/stockeur-de-couronnes\/#breadcrumb"},"inLanguage":"en-GB","potentialAction":[{"@type":"ReadAction","target":["https:\/\/www.drouaire.com\/nos-produits\/stockeur-de-couronnes\/"]}]},{"@type":"ImageObject","inLanguage":"en-GB","@id":"https:\/\/www.drouaire.com\/nos-produits\/stockeur-de-couronnes\/#primaryimage","url":"https:\/\/www.drouaire.com\/wp-content\/uploads\/2024\/06\/DSCN9032-carre.jpg","contentUrl":"https:\/\/www.drouaire.com\/wp-content\/uploads\/2024\/06\/DSCN9032-carre.jpg","width":781,"height":781,"caption":"STOCKEUR DE COURONNES mod\u00e8le mobile"},{"@type":"BreadcrumbList","@id":"https:\/\/www.drouaire.com\/nos-produits\/stockeur-de-couronnes\/#breadcrumb","itemListElement":[{"@type":"ListItem","position":1,"name":"Home","item":"https:\/\/www.drouaire.com\/"},{"@type":"ListItem","position":2,"name":"Catalogue produits Drouaire","item":"https:\/\/www.drouaire.com\/nos-produits\/"},{"@type":"ListItem","position":3,"name":"STOCKEUR DE COURONNES"}]},{"@type":"WebSite","@id":"https:\/\/www.drouaire.com\/#website","url":"https:\/\/www.drouaire.com\/","name":"DROUAIRE","description":"","potentialAction":[{"@type":"SearchAction","target":{"@type":"EntryPoint","urlTemplate":"https:\/\/www.drouaire.com\/?s={search_term_string}"},"query-input":{"@type":"PropertyValueSpecification","valueRequired":true,"valueName":"search_term_string"}}],"inLanguage":"en-GB"}]}},"_links":{"self":[{"href":"https:\/\/www.drouaire.com\/en\/wp-json\/wp\/v2\/product\/1360","targetHints":{"allow":["GET"]}}],"collection":[{"href":"https:\/\/www.drouaire.com\/en\/wp-json\/wp\/v2\/product"}],"about":[{"href":"https:\/\/www.drouaire.com\/en\/wp-json\/wp\/v2\/types\/product"}],"replies":[{"embeddable":true,"href":"https:\/\/www.drouaire.com\/en\/wp-json\/wp\/v2\/comments?post=1360"}],"wp:featuredmedia":[{"embeddable":true,"href":"https:\/\/www.drouaire.com\/en\/wp-json\/wp\/v2\/media\/2022"}],"wp:attachment":[{"href":"https:\/\/www.drouaire.com\/en\/wp-json\/wp\/v2\/media?parent=1360"}],"wp:term":[{"taxonomy":"product_brand","embeddable":true,"href":"https:\/\/www.drouaire.com\/en\/wp-json\/wp\/v2\/product_brand?post=1360"},{"taxonomy":"product_cat","embeddable":true,"href":"https:\/\/www.drouaire.com\/en\/wp-json\/wp\/v2\/product_cat?post=1360"},{"taxonomy":"product_tag","embeddable":true,"href":"https:\/\/www.drouaire.com\/en\/wp-json\/wp\/v2\/product_tag?post=1360"}],"curies":[{"name":"wp","href":"https:\/\/api.w.org\/{rel}","templated":true}]}}