{"id":1354,"date":"2024-06-19T09:18:58","date_gmt":"2024-06-19T07:18:58","guid":{"rendered":"https:\/\/dev.drouaire.com\/?post_type=product&#038;p=1354"},"modified":"2026-03-16T14:52:36","modified_gmt":"2026-03-16T13:52:36","slug":"bobicab-3r-o1650-maxi","status":"publish","type":"product","link":"https:\/\/www.drouaire.com\/en\/nos-produits\/bobicab-3r-o1650-maxi\/","title":{"rendered":"BOBICAB 3R \u00d8 1 650 mm  Maxi"},"content":{"rendered":"<h3>CHARACTERISTICS<\/h3>\n<ul>\n<li title=\"\" data-original-title=\"\">Cable drum: \u00d8 600 to 1650mm maximum.<\/li>\n<li title=\"\" data-original-title=\"\">Coiling head: \u00d8 900 mm<\/li>\n<li title=\"\" data-original-title=\"\">Cable: \u00d8 60 mm max flexible\u00a0<b>and \u00d8 35 mm rigid<\/b><\/li>\n<\/ul>\n<h3>Strengths<\/h3>\n<ul>\n<li title=\"\" data-original-title=\"\">High capacity with a small footprint<\/li>\n<li title=\"\" data-original-title=\"\">Crown or drum \u00d8 600-1650 mm maximum width 245-1123 mm.<\/li>\n<li title=\"\" data-original-title=\"\">Winding between centers, so without axis.<\/li>\n<li title=\"\" data-original-title=\"\">Training by the drum grip, finger without OCD.<\/li>\n<li title=\"\" data-original-title=\"\">Hydraulic cable cutter series.<\/li>\n<li title=\"\" data-original-title=\"\">Particularly robust and reliable.<\/li>\n<li title=\"\" data-original-title=\"\">The operator moves with the winder on a motorized platform.<\/li>\n<li title=\"\" data-original-title=\"\">Improved turning radius for easy turning in a driveway.<\/li>\n<li title=\"\" data-original-title=\"\">Scheduled for 30-80 cups per day (logistics platform).<\/li>\n<li title=\"\" data-original-title=\"\">Saves time: traversing electronics.<\/li>\n<li title=\"\" data-original-title=\"\">Easy programming with customizable touch screen.<\/li>\n<li title=\"\" data-original-title=\"\">Canopy and series of plastic film reel.<\/li>\n<\/ul>\n<p>&nbsp;<\/p>\n<h3>OPTIONAL<\/h3>\n<ul>\n<li title=\"\" data-original-title=\"\">Extensible Coiling head to vary the inner diameter of the crowns<\/li>\n<li title=\"\" data-original-title=\"\">Shield hydraulic tilting protection for an environment accessible to a person other than the operator.<\/li>\n<li title=\"\" data-original-title=\"\">Modem: to diagnose a remote failure and (or) to change the PLC program or the touch screen (requires a GSM subscription).<\/li>\n<\/ul>","protected":false},"excerpt":{"rendered":"<h4><strong style=\"color: #666666; font-size: 14px;\">For the packaging of flexible cables 55 mm \u00d8 and \u00d8 35 mm rigid<\/strong><\/h4>\n<div class=\"description\">\n<p><strong>Very quick changeover for packaging on coiling head or cable drum.<br \/>\nMotorised movement with directional wheel and embedded operator.<br \/>\nDown up, tightening and loosening of the electro-hydraulic reel.<br \/>\nTraversing with electronic control via color touch screen.<\/strong><\/p>\n<\/div>","protected":false},"featured_media":1831,"comment_status":"open","ping_status":"closed","template":"","meta":{"_acf_changed":false,"_et_pb_use_builder":"","_et_pb_old_content":"","_et_gb_content_width":""},"product_brand":[],"product_cat":[18],"product_tag":[],"class_list":{"0":"post-1354","1":"product","2":"type-product","3":"status-publish","4":"has-post-thumbnail","6":"product_cat-enrouleurs-pour-centre-logistique","8":"first","9":"instock","10":"shipping-taxable","11":"product-type-simple"},"acf":[],"yoast_head":"<!-- This site is optimized with the Yoast SEO plugin v27.1.1 - https:\/\/yoast.com\/product\/yoast-seo-wordpress\/ -->\n<title>BOBICAB 3R \u00d8 1 650 mm Maxi - DROUAIRE<\/title>\n<meta name=\"robots\" content=\"index, follow, max-snippet:-1, max-image-preview:large, max-video-preview:-1\" \/>\n<link rel=\"canonical\" href=\"https:\/\/www.drouaire.com\/en\/our-products\/bobicab-3r-o1650-maxi\/\" \/>\n<meta property=\"og:locale\" content=\"en_GB\" \/>\n<meta property=\"og:type\" content=\"article\" \/>\n<meta property=\"og:title\" content=\"BOBICAB 3R \u00d8 1 650 mm Maxi - DROUAIRE\" \/>\n<meta property=\"og:description\" content=\"Pour le conditionnement de c\u00e2bles souples \u00d8 55 mm et \u00d8 35 mm en rigide.   Changement tr\u00e8s rapide pour le conditionnement sur gavette ou touret. D\u00e9placement motoris\u00e9 avec roue directionnelle et op\u00e9rateur embarqu\u00e9. Mont\u00e9e descente, serrage et desserrage du touret \u00e9lectro-hydraulique. Trancanage \u00e9lectronique avec pilotage par \u00e9cran tactile couleur.\" \/>\n<meta property=\"og:url\" content=\"https:\/\/www.drouaire.com\/en\/our-products\/bobicab-3r-o1650-maxi\/\" \/>\n<meta property=\"og:site_name\" content=\"DROUAIRE\" \/>\n<meta property=\"article:modified_time\" content=\"2026-03-16T13:52:36+00:00\" \/>\n<meta property=\"og:image\" content=\"https:\/\/www.drouaire.com\/wp-content\/uploads\/2024\/06\/bobicab-3-serie-r.jpg\" \/>\n\t<meta property=\"og:image:width\" content=\"781\" \/>\n\t<meta property=\"og:image:height\" content=\"781\" \/>\n\t<meta property=\"og:image:type\" content=\"image\/jpeg\" \/>\n<meta name=\"twitter:card\" content=\"summary_large_image\" \/>\n<meta name=\"twitter:label1\" content=\"Estimated reading time\" \/>\n\t<meta name=\"twitter:data1\" content=\"2 minutes\" \/>\n<script type=\"application\/ld+json\" class=\"yoast-schema-graph\">{\"@context\":\"https:\/\/schema.org\",\"@graph\":[{\"@type\":\"WebPage\",\"@id\":\"https:\/\/www.drouaire.com\/nos-produits\/bobicab-3r-o1650-maxi\/\",\"url\":\"https:\/\/www.drouaire.com\/nos-produits\/bobicab-3r-o1650-maxi\/\",\"name\":\"BOBICAB 3R \u00d8 1 650 mm Maxi - DROUAIRE\",\"isPartOf\":{\"@id\":\"https:\/\/www.drouaire.com\/#website\"},\"primaryImageOfPage\":{\"@id\":\"https:\/\/www.drouaire.com\/nos-produits\/bobicab-3r-o1650-maxi\/#primaryimage\"},\"image\":{\"@id\":\"https:\/\/www.drouaire.com\/nos-produits\/bobicab-3r-o1650-maxi\/#primaryimage\"},\"thumbnailUrl\":\"https:\/\/www.drouaire.com\/wp-content\/uploads\/2024\/06\/bobicab-3-serie-r.jpg\",\"datePublished\":\"2024-06-19T07:18:58+00:00\",\"dateModified\":\"2026-03-16T13:52:36+00:00\",\"breadcrumb\":{\"@id\":\"https:\/\/www.drouaire.com\/nos-produits\/bobicab-3r-o1650-maxi\/#breadcrumb\"},\"inLanguage\":\"en-GB\",\"potentialAction\":[{\"@type\":\"ReadAction\",\"target\":[\"https:\/\/www.drouaire.com\/nos-produits\/bobicab-3r-o1650-maxi\/\"]}]},{\"@type\":\"ImageObject\",\"inLanguage\":\"en-GB\",\"@id\":\"https:\/\/www.drouaire.com\/nos-produits\/bobicab-3r-o1650-maxi\/#primaryimage\",\"url\":\"https:\/\/www.drouaire.com\/wp-content\/uploads\/2024\/06\/bobicab-3-serie-r.jpg\",\"contentUrl\":\"https:\/\/www.drouaire.com\/wp-content\/uploads\/2024\/06\/bobicab-3-serie-r.jpg\",\"width\":781,\"height\":781},{\"@type\":\"BreadcrumbList\",\"@id\":\"https:\/\/www.drouaire.com\/nos-produits\/bobicab-3r-o1650-maxi\/#breadcrumb\",\"itemListElement\":[{\"@type\":\"ListItem\",\"position\":1,\"name\":\"Home\",\"item\":\"https:\/\/www.drouaire.com\/\"},{\"@type\":\"ListItem\",\"position\":2,\"name\":\"Catalogue produits Drouaire\",\"item\":\"https:\/\/www.drouaire.com\/nos-produits\/\"},{\"@type\":\"ListItem\",\"position\":3,\"name\":\"BOBICAB 3R \u00d8 1 650 mm Maxi\"}]},{\"@type\":\"WebSite\",\"@id\":\"https:\/\/www.drouaire.com\/#website\",\"url\":\"https:\/\/www.drouaire.com\/\",\"name\":\"DROUAIRE\",\"description\":\"\",\"potentialAction\":[{\"@type\":\"SearchAction\",\"target\":{\"@type\":\"EntryPoint\",\"urlTemplate\":\"https:\/\/www.drouaire.com\/?s={search_term_string}\"},\"query-input\":{\"@type\":\"PropertyValueSpecification\",\"valueRequired\":true,\"valueName\":\"search_term_string\"}}],\"inLanguage\":\"en-GB\"}]}<\/script>\n<!-- \/ Yoast SEO plugin. -->","yoast_head_json":{"title":"BOBICAB 3R \u00d8 1 650 mm Maxi - DROUAIRE","robots":{"index":"index","follow":"follow","max-snippet":"max-snippet:-1","max-image-preview":"max-image-preview:large","max-video-preview":"max-video-preview:-1"},"canonical":"https:\/\/www.drouaire.com\/en\/our-products\/bobicab-3r-o1650-maxi\/","og_locale":"en_GB","og_type":"article","og_title":"BOBICAB 3R \u00d8 1 650 mm Maxi - DROUAIRE","og_description":"Pour le conditionnement de c\u00e2bles souples \u00d8 55 mm et \u00d8 35 mm en rigide.   Changement tr\u00e8s rapide pour le conditionnement sur gavette ou touret. D\u00e9placement motoris\u00e9 avec roue directionnelle et op\u00e9rateur embarqu\u00e9. Mont\u00e9e descente, serrage et desserrage du touret \u00e9lectro-hydraulique. Trancanage \u00e9lectronique avec pilotage par \u00e9cran tactile couleur.","og_url":"https:\/\/www.drouaire.com\/en\/our-products\/bobicab-3r-o1650-maxi\/","og_site_name":"DROUAIRE","article_modified_time":"2026-03-16T13:52:36+00:00","og_image":[{"width":781,"height":781,"url":"https:\/\/www.drouaire.com\/wp-content\/uploads\/2024\/06\/bobicab-3-serie-r.jpg","type":"image\/jpeg"}],"twitter_card":"summary_large_image","twitter_misc":{"Estimated reading time":"2 minutes"},"schema":{"@context":"https:\/\/schema.org","@graph":[{"@type":"WebPage","@id":"https:\/\/www.drouaire.com\/nos-produits\/bobicab-3r-o1650-maxi\/","url":"https:\/\/www.drouaire.com\/nos-produits\/bobicab-3r-o1650-maxi\/","name":"BOBICAB 3R \u00d8 1 650 mm Maxi - DROUAIRE","isPartOf":{"@id":"https:\/\/www.drouaire.com\/#website"},"primaryImageOfPage":{"@id":"https:\/\/www.drouaire.com\/nos-produits\/bobicab-3r-o1650-maxi\/#primaryimage"},"image":{"@id":"https:\/\/www.drouaire.com\/nos-produits\/bobicab-3r-o1650-maxi\/#primaryimage"},"thumbnailUrl":"https:\/\/www.drouaire.com\/wp-content\/uploads\/2024\/06\/bobicab-3-serie-r.jpg","datePublished":"2024-06-19T07:18:58+00:00","dateModified":"2026-03-16T13:52:36+00:00","breadcrumb":{"@id":"https:\/\/www.drouaire.com\/nos-produits\/bobicab-3r-o1650-maxi\/#breadcrumb"},"inLanguage":"en-GB","potentialAction":[{"@type":"ReadAction","target":["https:\/\/www.drouaire.com\/nos-produits\/bobicab-3r-o1650-maxi\/"]}]},{"@type":"ImageObject","inLanguage":"en-GB","@id":"https:\/\/www.drouaire.com\/nos-produits\/bobicab-3r-o1650-maxi\/#primaryimage","url":"https:\/\/www.drouaire.com\/wp-content\/uploads\/2024\/06\/bobicab-3-serie-r.jpg","contentUrl":"https:\/\/www.drouaire.com\/wp-content\/uploads\/2024\/06\/bobicab-3-serie-r.jpg","width":781,"height":781},{"@type":"BreadcrumbList","@id":"https:\/\/www.drouaire.com\/nos-produits\/bobicab-3r-o1650-maxi\/#breadcrumb","itemListElement":[{"@type":"ListItem","position":1,"name":"Home","item":"https:\/\/www.drouaire.com\/"},{"@type":"ListItem","position":2,"name":"Catalogue produits Drouaire","item":"https:\/\/www.drouaire.com\/nos-produits\/"},{"@type":"ListItem","position":3,"name":"BOBICAB 3R \u00d8 1 650 mm Maxi"}]},{"@type":"WebSite","@id":"https:\/\/www.drouaire.com\/#website","url":"https:\/\/www.drouaire.com\/","name":"DROUAIRE","description":"","potentialAction":[{"@type":"SearchAction","target":{"@type":"EntryPoint","urlTemplate":"https:\/\/www.drouaire.com\/?s={search_term_string}"},"query-input":{"@type":"PropertyValueSpecification","valueRequired":true,"valueName":"search_term_string"}}],"inLanguage":"en-GB"}]}},"_links":{"self":[{"href":"https:\/\/www.drouaire.com\/en\/wp-json\/wp\/v2\/product\/1354","targetHints":{"allow":["GET"]}}],"collection":[{"href":"https:\/\/www.drouaire.com\/en\/wp-json\/wp\/v2\/product"}],"about":[{"href":"https:\/\/www.drouaire.com\/en\/wp-json\/wp\/v2\/types\/product"}],"replies":[{"embeddable":true,"href":"https:\/\/www.drouaire.com\/en\/wp-json\/wp\/v2\/comments?post=1354"}],"wp:featuredmedia":[{"embeddable":true,"href":"https:\/\/www.drouaire.com\/en\/wp-json\/wp\/v2\/media\/1831"}],"wp:attachment":[{"href":"https:\/\/www.drouaire.com\/en\/wp-json\/wp\/v2\/media?parent=1354"}],"wp:term":[{"taxonomy":"product_brand","embeddable":true,"href":"https:\/\/www.drouaire.com\/en\/wp-json\/wp\/v2\/product_brand?post=1354"},{"taxonomy":"product_cat","embeddable":true,"href":"https:\/\/www.drouaire.com\/en\/wp-json\/wp\/v2\/product_cat?post=1354"},{"taxonomy":"product_tag","embeddable":true,"href":"https:\/\/www.drouaire.com\/en\/wp-json\/wp\/v2\/product_tag?post=1354"}],"curies":[{"name":"wp","href":"https:\/\/api.w.org\/{rel}","templated":true}]}}