{"id":1291,"date":"2024-05-16T14:31:20","date_gmt":"2024-05-16T12:31:20","guid":{"rendered":"https:\/\/dev.drouaire.com\/?post_type=product&#038;p=1291"},"modified":"2026-03-16T14:31:39","modified_gmt":"2026-03-16T13:31:39","slug":"devidoirs-sur-axe","status":"publish","type":"product","link":"https:\/\/www.drouaire.com\/en\/nos-produits\/devidoirs-sur-axe\/","title":{"rendered":"AXLE-MOUNTED REEL ROLLER WITH BUILT-IN MEASURING SYSTEM"},"content":{"rendered":"<h3>CHARACTERISTICS<\/h3>\n<ul>\n<li title=\"\" data-original-title=\"\">\u00d8 minimum: 300mm.<\/li>\n<li title=\"\" data-original-title=\"\">\u00d8 maximum: 1050mm.<\/li>\n<li title=\"\" data-original-title=\"\">Maximum width: 550mm.<\/li>\n<li title=\"\" data-original-title=\"\">Maximum weight: 300 kg.<\/li>\n<\/ul>\n<p>Axle rolling \u00d8 75mm.<br \/>\nEasy loading and unloading by tipping.<br \/>\n3 pairs of metal supports, for handling cable drums of different diameters.<br \/>\nAxle includes 2 rapid locking systems to ensure the cable drum does not move from left to right during unwinding.<br \/>\nSuperb stability during unwinding.<br \/>\nEasy to move \u2013 mounted on 2 wheels \u00d8 125mm.<\/p>\n<p><strong>Measuring system<\/strong><\/p>\n<p>Funnel-type infeed guide.<br \/>\nCalibrated measuring wheel where 2 turns = 1 metre.<br \/>\nAdditional mechanical counter in 9999.95 format, with reset button.<br \/>\nCounter roller on the measuring wheel.<br \/>\nOutput guide.<\/p>\n<p><strong>Size<\/strong><\/p>\n<p>Size of apparatus:<\/p>\n<ul>\n<li title=\"\" data-original-title=\"\">Length: 1200mm.<\/li>\n<li title=\"\" data-original-title=\"\">Width: 700mm.<\/li>\n<li title=\"\" data-original-title=\"\">Height: 1200mm.<\/li>\n<li title=\"\" data-original-title=\"\">Weight: 35 kg.<\/li>\n<\/ul>","protected":false},"excerpt":{"rendered":"<p><strong>Allows unwinding of electric wires and cables packaged in cable drums<\/strong><\/p>","protected":false},"featured_media":1462,"comment_status":"open","ping_status":"closed","template":"","meta":{"_acf_changed":false,"_et_pb_use_builder":"off","_et_pb_old_content":"<h3>CARACT\u00c9RISTIQUES<\/h3>\r\n<ul>\r\n \t<li title=\"\" data-original-title=\"\">\u00d8 mini : 300 mm.<\/li>\r\n \t<li title=\"\" data-original-title=\"\">\u00d8 maxi : 1050 mm.<\/li>\r\n \t<li title=\"\" data-original-title=\"\">Largeur maxi : 550 mm.<\/li>\r\n \t<li title=\"\" data-original-title=\"\">Poids maxi : 300 kg.<\/li>\r\n<\/ul>\r\nD\u00e9roulement sur axe \u00d8 75 mm.\r\nChargement et d\u00e9chargement facile par basculement.\r\n3 paires de supports m\u00e9talliques permettent de prendre des tourets de diam\u00e8tre diff\u00e9rent.\r\n2 syst\u00e8mes de blocage rapide du touret sur l\u2019axe afin d\u2019\u00e9viter que le touret ne se d\u00e9place de gauche \u00e0 droite pendant le d\u00e9roulement.\r\nGrande stabilit\u00e9 pendant le d\u00e9roulement.\r\nD\u00e9placement facile par 2 roues \u00d8 125 mm.\r\n\r\n<strong>M\u00e9treuse<\/strong>\r\n\r\nGuide d\u2019entr\u00e9e de type entonnoir.\r\nRoue de mesure calibr\u00e9e de type 2 tours = 1 m\u00e8tre.\r\nCompteur m\u00e9canique additionnel type 9999,95 avec bouton de remise \u00e0 z\u00e9ro.\r\nContre-galet sous la roue de mesure.\r\nGuide de sortie tubulaire.\r\n\r\n<strong>Encombrement<\/strong>\r\n\r\nEncombrement de l\u2019appareil :\r\n<ul>\r\n \t<li title=\"\" data-original-title=\"\">Longueur : 1200 mm.<\/li>\r\n \t<li title=\"\" data-original-title=\"\">Largeur : 700 mm.<\/li>\r\n \t<li title=\"\" data-original-title=\"\">Hauteur : 1200 mm.<\/li>\r\n \t<li title=\"\" data-original-title=\"\">Poids : 35 kg.<\/li>\r\n<\/ul>","_et_gb_content_width":""},"product_brand":[],"product_cat":[21],"product_tag":[],"class_list":{"0":"post-1291","1":"product","2":"type-product","3":"status-publish","4":"has-post-thumbnail","6":"product_cat-materiels-de-chantier","8":"first","9":"instock","10":"shipping-taxable","11":"product-type-simple"},"acf":[],"yoast_head":"<!-- This site is optimized with the Yoast SEO plugin v27.1.1 - https:\/\/yoast.com\/product\/yoast-seo-wordpress\/ -->\n<title>D\u00c9VIDOIR SUR AXE AVEC M\u00c9TREUSE - DROUAIRE<\/title>\n<meta name=\"robots\" content=\"index, follow, max-snippet:-1, max-image-preview:large, max-video-preview:-1\" \/>\n<link rel=\"canonical\" href=\"https:\/\/www.drouaire.com\/en\/our-products\/devidoirs-sur-axe\/\" \/>\n<meta property=\"og:locale\" content=\"en_GB\" \/>\n<meta property=\"og:type\" content=\"article\" \/>\n<meta property=\"og:title\" content=\"D\u00c9VIDOIR SUR AXE AVEC M\u00c9TREUSE - DROUAIRE\" \/>\n<meta property=\"og:description\" content=\"Permet le d\u00e9roulage de fils et c\u00e2bles \u00e9lectriques conditionn\u00e9s en tourets\" \/>\n<meta property=\"og:url\" content=\"https:\/\/www.drouaire.com\/en\/our-products\/devidoirs-sur-axe\/\" \/>\n<meta property=\"og:site_name\" content=\"DROUAIRE\" \/>\n<meta property=\"article:modified_time\" content=\"2026-03-16T13:31:39+00:00\" \/>\n<meta property=\"og:image\" content=\"https:\/\/www.drouaire.com\/wp-content\/uploads\/2024\/05\/devidoire-axe.png\" \/>\n\t<meta property=\"og:image:width\" content=\"365\" \/>\n\t<meta property=\"og:image:height\" content=\"365\" \/>\n\t<meta property=\"og:image:type\" content=\"image\/png\" \/>\n<meta name=\"twitter:card\" content=\"summary_large_image\" \/>\n<meta name=\"twitter:label1\" content=\"Estimated reading time\" \/>\n\t<meta name=\"twitter:data1\" content=\"1 minute\" \/>\n<script type=\"application\/ld+json\" class=\"yoast-schema-graph\">{\"@context\":\"https:\/\/schema.org\",\"@graph\":[{\"@type\":\"WebPage\",\"@id\":\"https:\/\/www.drouaire.com\/nos-produits\/devidoirs-sur-axe\/\",\"url\":\"https:\/\/www.drouaire.com\/nos-produits\/devidoirs-sur-axe\/\",\"name\":\"D\u00c9VIDOIR SUR AXE AVEC M\u00c9TREUSE - DROUAIRE\",\"isPartOf\":{\"@id\":\"https:\/\/www.drouaire.com\/#website\"},\"primaryImageOfPage\":{\"@id\":\"https:\/\/www.drouaire.com\/nos-produits\/devidoirs-sur-axe\/#primaryimage\"},\"image\":{\"@id\":\"https:\/\/www.drouaire.com\/nos-produits\/devidoirs-sur-axe\/#primaryimage\"},\"thumbnailUrl\":\"https:\/\/www.drouaire.com\/wp-content\/uploads\/2024\/05\/devidoire-axe.png\",\"datePublished\":\"2024-05-16T12:31:20+00:00\",\"dateModified\":\"2026-03-16T13:31:39+00:00\",\"breadcrumb\":{\"@id\":\"https:\/\/www.drouaire.com\/nos-produits\/devidoirs-sur-axe\/#breadcrumb\"},\"inLanguage\":\"en-GB\",\"potentialAction\":[{\"@type\":\"ReadAction\",\"target\":[\"https:\/\/www.drouaire.com\/nos-produits\/devidoirs-sur-axe\/\"]}]},{\"@type\":\"ImageObject\",\"inLanguage\":\"en-GB\",\"@id\":\"https:\/\/www.drouaire.com\/nos-produits\/devidoirs-sur-axe\/#primaryimage\",\"url\":\"https:\/\/www.drouaire.com\/wp-content\/uploads\/2024\/05\/devidoire-axe.png\",\"contentUrl\":\"https:\/\/www.drouaire.com\/wp-content\/uploads\/2024\/05\/devidoire-axe.png\",\"width\":365,\"height\":365},{\"@type\":\"BreadcrumbList\",\"@id\":\"https:\/\/www.drouaire.com\/nos-produits\/devidoirs-sur-axe\/#breadcrumb\",\"itemListElement\":[{\"@type\":\"ListItem\",\"position\":1,\"name\":\"Home\",\"item\":\"https:\/\/www.drouaire.com\/\"},{\"@type\":\"ListItem\",\"position\":2,\"name\":\"Catalogue produits Drouaire\",\"item\":\"https:\/\/www.drouaire.com\/nos-produits\/\"},{\"@type\":\"ListItem\",\"position\":3,\"name\":\"D\u00c9VIDOIR SUR AXE AVEC M\u00c9TREUSE\"}]},{\"@type\":\"WebSite\",\"@id\":\"https:\/\/www.drouaire.com\/#website\",\"url\":\"https:\/\/www.drouaire.com\/\",\"name\":\"DROUAIRE\",\"description\":\"\",\"potentialAction\":[{\"@type\":\"SearchAction\",\"target\":{\"@type\":\"EntryPoint\",\"urlTemplate\":\"https:\/\/www.drouaire.com\/?s={search_term_string}\"},\"query-input\":{\"@type\":\"PropertyValueSpecification\",\"valueRequired\":true,\"valueName\":\"search_term_string\"}}],\"inLanguage\":\"en-GB\"}]}<\/script>\n<!-- \/ Yoast SEO plugin. -->","yoast_head_json":{"title":"D\u00c9VIDOIR SUR AXE AVEC M\u00c9TREUSE - DROUAIRE","robots":{"index":"index","follow":"follow","max-snippet":"max-snippet:-1","max-image-preview":"max-image-preview:large","max-video-preview":"max-video-preview:-1"},"canonical":"https:\/\/www.drouaire.com\/en\/our-products\/devidoirs-sur-axe\/","og_locale":"en_GB","og_type":"article","og_title":"D\u00c9VIDOIR SUR AXE AVEC M\u00c9TREUSE - DROUAIRE","og_description":"Permet le d\u00e9roulage de fils et c\u00e2bles \u00e9lectriques conditionn\u00e9s en tourets","og_url":"https:\/\/www.drouaire.com\/en\/our-products\/devidoirs-sur-axe\/","og_site_name":"DROUAIRE","article_modified_time":"2026-03-16T13:31:39+00:00","og_image":[{"width":365,"height":365,"url":"https:\/\/www.drouaire.com\/wp-content\/uploads\/2024\/05\/devidoire-axe.png","type":"image\/png"}],"twitter_card":"summary_large_image","twitter_misc":{"Estimated reading time":"1 minute"},"schema":{"@context":"https:\/\/schema.org","@graph":[{"@type":"WebPage","@id":"https:\/\/www.drouaire.com\/nos-produits\/devidoirs-sur-axe\/","url":"https:\/\/www.drouaire.com\/nos-produits\/devidoirs-sur-axe\/","name":"D\u00c9VIDOIR SUR AXE AVEC M\u00c9TREUSE - DROUAIRE","isPartOf":{"@id":"https:\/\/www.drouaire.com\/#website"},"primaryImageOfPage":{"@id":"https:\/\/www.drouaire.com\/nos-produits\/devidoirs-sur-axe\/#primaryimage"},"image":{"@id":"https:\/\/www.drouaire.com\/nos-produits\/devidoirs-sur-axe\/#primaryimage"},"thumbnailUrl":"https:\/\/www.drouaire.com\/wp-content\/uploads\/2024\/05\/devidoire-axe.png","datePublished":"2024-05-16T12:31:20+00:00","dateModified":"2026-03-16T13:31:39+00:00","breadcrumb":{"@id":"https:\/\/www.drouaire.com\/nos-produits\/devidoirs-sur-axe\/#breadcrumb"},"inLanguage":"en-GB","potentialAction":[{"@type":"ReadAction","target":["https:\/\/www.drouaire.com\/nos-produits\/devidoirs-sur-axe\/"]}]},{"@type":"ImageObject","inLanguage":"en-GB","@id":"https:\/\/www.drouaire.com\/nos-produits\/devidoirs-sur-axe\/#primaryimage","url":"https:\/\/www.drouaire.com\/wp-content\/uploads\/2024\/05\/devidoire-axe.png","contentUrl":"https:\/\/www.drouaire.com\/wp-content\/uploads\/2024\/05\/devidoire-axe.png","width":365,"height":365},{"@type":"BreadcrumbList","@id":"https:\/\/www.drouaire.com\/nos-produits\/devidoirs-sur-axe\/#breadcrumb","itemListElement":[{"@type":"ListItem","position":1,"name":"Home","item":"https:\/\/www.drouaire.com\/"},{"@type":"ListItem","position":2,"name":"Catalogue produits Drouaire","item":"https:\/\/www.drouaire.com\/nos-produits\/"},{"@type":"ListItem","position":3,"name":"D\u00c9VIDOIR SUR AXE AVEC M\u00c9TREUSE"}]},{"@type":"WebSite","@id":"https:\/\/www.drouaire.com\/#website","url":"https:\/\/www.drouaire.com\/","name":"DROUAIRE","description":"","potentialAction":[{"@type":"SearchAction","target":{"@type":"EntryPoint","urlTemplate":"https:\/\/www.drouaire.com\/?s={search_term_string}"},"query-input":{"@type":"PropertyValueSpecification","valueRequired":true,"valueName":"search_term_string"}}],"inLanguage":"en-GB"}]}},"_links":{"self":[{"href":"https:\/\/www.drouaire.com\/en\/wp-json\/wp\/v2\/product\/1291","targetHints":{"allow":["GET"]}}],"collection":[{"href":"https:\/\/www.drouaire.com\/en\/wp-json\/wp\/v2\/product"}],"about":[{"href":"https:\/\/www.drouaire.com\/en\/wp-json\/wp\/v2\/types\/product"}],"replies":[{"embeddable":true,"href":"https:\/\/www.drouaire.com\/en\/wp-json\/wp\/v2\/comments?post=1291"}],"wp:featuredmedia":[{"embeddable":true,"href":"https:\/\/www.drouaire.com\/en\/wp-json\/wp\/v2\/media\/1462"}],"wp:attachment":[{"href":"https:\/\/www.drouaire.com\/en\/wp-json\/wp\/v2\/media?parent=1291"}],"wp:term":[{"taxonomy":"product_brand","embeddable":true,"href":"https:\/\/www.drouaire.com\/en\/wp-json\/wp\/v2\/product_brand?post=1291"},{"taxonomy":"product_cat","embeddable":true,"href":"https:\/\/www.drouaire.com\/en\/wp-json\/wp\/v2\/product_cat?post=1291"},{"taxonomy":"product_tag","embeddable":true,"href":"https:\/\/www.drouaire.com\/en\/wp-json\/wp\/v2\/product_tag?post=1291"}],"curies":[{"name":"wp","href":"https:\/\/api.w.org\/{rel}","templated":true}]}}