{"id":905,"date":"2024-02-09T13:00:02","date_gmt":"2024-02-09T12:00:02","guid":{"rendered":"https:\/\/dev.drouaire.com\/?page_id=905"},"modified":"2025-01-06T15:28:01","modified_gmt":"2025-01-06T14:28:01","slug":"17teirj3udxvfev","status":"publish","type":"page","link":"https:\/\/www.drouaire.com\/en\/17teirj3udxvfev\/","title":{"rendered":"Contacter DROUAIRE Sylvain &#8211; Directeur commercial"},"content":{"rendered":"<p>[et_pb_section fb_built=&#8221;1&#8243; _builder_version=&#8221;4.24.0&#8243; _module_preset=&#8221;default&#8221; background_color=&#8221;#0E0E10&#8243; global_colors_info=&#8221;{}&#8221;][et_pb_row column_structure=&#8221;2_5,3_5&#8243; custom_padding_last_edited=&#8221;on|phone&#8221; _builder_version=&#8221;4.24.0&#8243; _module_preset=&#8221;default&#8221; background_color=&#8221;#ED6B21&#8243; custom_margin_tablet=&#8221;50px||||false|false&#8221; custom_margin_phone=&#8221;50px||||false|false&#8221; custom_margin_last_edited=&#8221;on|tablet&#8221; custom_padding=&#8221;50px|50px|50px|50px|true|true&#8221; custom_padding_tablet=&#8221;50px|50px|50px|50px|true|true&#8221; custom_padding_phone=&#8221;50px|30px|50px|30px|true|true&#8221; global_colors_info=&#8221;{}&#8221;][et_pb_column type=&#8221;2_5&#8243; _builder_version=&#8221;4.24.0&#8243; _module_preset=&#8221;default&#8221; global_colors_info=&#8221;{}&#8221;][et_pb_image src=&#8221;https:\/\/www.drouaire.com\/wp-content\/uploads\/2024\/07\/avatar.jpg&#8221; alt=&#8221;philippe libert&#8221; title_text=&#8221;avatar&#8221; _builder_version=&#8221;4.27.0&#8243; _module_preset=&#8221;default&#8221; width_tablet=&#8221;45%&#8221; width_phone=&#8221;45%&#8221; width_last_edited=&#8221;on|tablet&#8221; custom_margin_tablet=&#8221;-115px||||false|false&#8221; custom_margin_phone=&#8221;-115px||||false|false&#8221; custom_margin_last_edited=&#8221;on|tablet&#8221; custom_padding_tablet=&#8221;||0px||false|false&#8221; custom_padding_phone=&#8221;||0px||false|false&#8221; custom_padding_last_edited=&#8221;on|tablet&#8221; hover_enabled=&#8221;0&#8243; module_alignment_tablet=&#8221;center&#8221; module_alignment_phone=&#8221;center&#8221; module_alignment_last_edited=&#8221;on|tablet&#8221; global_colors_info=&#8221;{}&#8221; sticky_enabled=&#8221;0&#8243;][\/et_pb_image][\/et_pb_column][et_pb_column type=&#8221;3_5&#8243; _builder_version=&#8221;4.24.0&#8243; _module_preset=&#8221;default&#8221; global_colors_info=&#8221;{}&#8221;][et_pb_text _builder_version=&#8221;4.24.0&#8243; _module_preset=&#8221;default&#8221; header_font_size=&#8221;50px&#8221; custom_margin=&#8221;65px||0px||false|false&#8221; custom_margin_tablet=&#8221;0px||||false|false&#8221; custom_margin_phone=&#8221;0px||||false|false&#8221; custom_margin_last_edited=&#8221;on|tablet&#8221; text_orientation_tablet=&#8221;center&#8221; text_orientation_phone=&#8221;center&#8221; text_orientation_last_edited=&#8221;on|tablet&#8221; global_colors_info=&#8221;{}&#8221;]<\/p>\n<h1>Sylvain DROUAIRE<\/h1>\n<p>[\/et_pb_text][et_pb_text _builder_version=&#8221;4.24.0&#8243; _module_preset=&#8221;default&#8221; text_font=&#8221;|700|||||||&#8221; text_text_color=&#8221;#FFFFFF&#8221; text_font_size=&#8221;24px&#8221; text_orientation_tablet=&#8221;center&#8221; text_orientation_phone=&#8221;center&#8221; text_orientation_last_edited=&#8221;on|tablet&#8221; global_colors_info=&#8221;{}&#8221;]Directeur commercial[\/et_pb_text][et_pb_text disabled_on=&#8221;off|off|on&#8221; _builder_version=&#8221;4.24.0&#8243; _module_preset=&#8221;default&#8221; text_text_color=&#8221;#FFFFFF&#8221; header_2_font=&#8221;Montserrat||||||||&#8221; header_2_text_align=&#8221;center&#8221; header_2_text_color=&#8221;#FFFFFF&#8221; header_2_font_size=&#8221;16px&#8221; custom_margin=&#8221;20px||0px||false|false&#8221; global_colors_info=&#8221;{}&#8221;]<\/p>\n<h2>Ajouter au carnet d&#8217;adresse :<\/h2>\n<p>[\/et_pb_text][et_pb_button button_url=&#8221;\/wp-content\/uploads\/2024\/01\/philippeLIBERT.vcf&#8221; button_text=&#8221;T\u00e9l\u00e9charger la vcard&#8221; button_alignment=&#8221;center&#8221; button_text_tablet=&#8221;T\u00e9l\u00e9charger la vcard&#8221; button_text_phone=&#8221;T\u00e9l\u00e9charger la vcard&#8221; button_text_last_edited=&#8221;on|phone&#8221; button_alignment_tablet=&#8221;center&#8221; button_alignment_phone=&#8221;center&#8221; button_alignment_last_edited=&#8221;on|desktop&#8221; disabled_on=&#8221;off|off|on&#8221; _builder_version=&#8221;4.24.0&#8243; _module_preset=&#8221;bf77ab37-2031-4e33-a93c-7a4ab866d899&#8243; button_text_size=&#8221;15px&#8221; button_text_color=&#8221;#FFFFFF&#8221; button_bg_color=&#8221;#0E0E10&#8243; button_border_radius=&#8221;0px&#8221; button_letter_spacing=&#8221;0px&#8221; button_font=&#8221;|600||on|||||&#8221; button_icon=&#8221;&#x35;||divi||400&#8243; button_on_hover=&#8221;on&#8221; custom_margin_tablet=&#8221;0px||40px||false|false&#8221; custom_margin_phone=&#8221;0px||30px||false|false&#8221; custom_padding=&#8221;19px|28px|19px|28px|false|false&#8221; locked=&#8221;off&#8221; global_colors_info=&#8221;{}&#8221; button_text_color__hover=&#8221;&#8221; button_text_color__hover_enabled=&#8221;on|hover&#8221; button_bg_color__hover=&#8221;#E09900&#8243; button_bg_enable_color__hover=&#8221;on&#8221;][\/et_pb_button][et_pb_text _builder_version=&#8221;4.24.0&#8243; _module_preset=&#8221;default&#8221; text_font=&#8221;||||||||&#8221; text_text_color=&#8221;#FFFFFF&#8221; text_font_size=&#8221;16px&#8221; text_line_height=&#8221;1.9em&#8221; link_text_color=&#8221;#FFFFFF&#8221; custom_margin=&#8221;||80px||false|false&#8221; global_colors_info=&#8221;{}&#8221;]\ud83d\udce9 <a href=\"mailto:plibert@drouaire.com\">plibert@drouaire.com<\/a><br \/>\n\ud83d\udcf1 <a href=\"tel:+33610192198\">06 10 19 21 98<\/a><br \/>\n\ud83d\udcde <a href=\"tel:+33553881127\">05 53 88 11 27<\/a><br \/>\n\ud83d\udcec 344 Route de Lussac, 47160 VILLEFRANCHE DU QUEYRAN[\/et_pb_text][\/et_pb_column][\/et_pb_row][et_pb_row column_structure=&#8221;2_5,3_5&#8243; custom_padding_last_edited=&#8221;on|phone&#8221; _builder_version=&#8221;4.24.0&#8243; _module_preset=&#8221;default&#8221; background_color=&#8221;#FFFFFF&#8221; custom_margin=&#8221;-85px||||false|false&#8221; custom_padding=&#8221;50px|50px|50px|50px|true|true&#8221; custom_padding_tablet=&#8221;50px|50px|50px|50px|true|true&#8221; custom_padding_phone=&#8221;0px||||false|true&#8221; global_colors_info=&#8221;{}&#8221;][et_pb_column type=&#8221;2_5&#8243; _builder_version=&#8221;4.24.0&#8243; _module_preset=&#8221;default&#8221; global_colors_info=&#8221;{}&#8221;][et_pb_text disabled_on=&#8221;on|on|off&#8221; _builder_version=&#8221;4.24.0&#8243; _module_preset=&#8221;default&#8221; header_2_font=&#8221;Montserrat|700|||||||&#8221; header_2_text_align=&#8221;center&#8221; header_2_font_size=&#8221;16px&#8221; custom_margin=&#8221;20px||0px||false|false&#8221; global_colors_info=&#8221;{}&#8221;]<\/p>\n<h2>Ajouter au carnet d&#8217;adresse :<\/h2>\n<p>[\/et_pb_text][et_pb_button button_url=&#8221;\/wp-content\/uploads\/2024\/01\/philippeLIBERT.vcf&#8221; button_text=&#8221;T\u00e9l\u00e9charger la vcard&#8221; button_alignment=&#8221;center&#8221; button_text_tablet=&#8221;T\u00e9l\u00e9charger la vcard&#8221; button_text_phone=&#8221;T\u00e9l\u00e9charger la vcard&#8221; button_text_last_edited=&#8221;on|phone&#8221; button_alignment_tablet=&#8221;center&#8221; button_alignment_phone=&#8221;center&#8221; button_alignment_last_edited=&#8221;on|desktop&#8221; disabled_on=&#8221;on|on|off&#8221; _builder_version=&#8221;4.24.0&#8243; _module_preset=&#8221;bf77ab37-2031-4e33-a93c-7a4ab866d899&#8243; button_text_size=&#8221;15px&#8221; button_text_color=&#8221;#FFFFFF&#8221; button_bg_color=&#8221;#ED6B21&#8243; button_border_radius=&#8221;0px&#8221; button_letter_spacing=&#8221;0px&#8221; button_font=&#8221;|600||on|||||&#8221; button_icon=&#8221;&#x35;||divi||400&#8243; button_on_hover=&#8221;on&#8221; custom_margin_tablet=&#8221;0px||0px||false|false&#8221; custom_margin_phone=&#8221;0px||0px||false|false&#8221; custom_margin_last_edited=&#8221;on|phone&#8221; custom_padding=&#8221;19px|28px|19px|28px|false|false&#8221; global_colors_info=&#8221;{}&#8221; button_text_color__hover=&#8221;&#8221; button_text_color__hover_enabled=&#8221;on|hover&#8221; button_bg_color__hover=&#8221;#E09900&#8243; button_bg_enable_color__hover=&#8221;on&#8221;][\/et_pb_button][\/et_pb_column][et_pb_column type=&#8221;3_5&#8243; _builder_version=&#8221;4.24.0&#8243; _module_preset=&#8221;default&#8221; global_colors_info=&#8221;{}&#8221;][et_pb_image src=&#8221;https:\/\/www.drouaire.com\/wp-content\/uploads\/2023\/11\/logo-orange-et-noir-web.png&#8221; title_text=&#8221;logo-orange-et-noir-web&#8221; align_tablet=&#8221;center&#8221; align_phone=&#8221;center&#8221; align_last_edited=&#8221;on|tablet&#8221; _builder_version=&#8221;4.24.0&#8243; _module_preset=&#8221;default&#8221; custom_margin=&#8221;25px||||false|false&#8221; custom_margin_tablet=&#8221;25px||||false|false&#8221; custom_margin_phone=&#8221;0px||||false|false&#8221; custom_margin_last_edited=&#8221;on|phone&#8221; custom_padding=&#8221;|||0px|false|false&#8221; global_colors_info=&#8221;{}&#8221;][\/et_pb_image][\/et_pb_column][\/et_pb_row][\/et_pb_section]<\/p>\n","protected":false},"excerpt":{"rendered":"<p>Sylvain DROUAIREDirecteur commercialAjouter au carnet d&#8217;adresse :\ud83d\udce9 plibert@drouaire.com \ud83d\udcf1 06 10 19 21 98 \ud83d\udcde 05 53 88 11 27 \ud83d\udcec 344 Route de Lussac, 47160 VILLEFRANCHE DU QUEYRANAjouter au carnet d&#8217;adresse :<\/p>","protected":false},"author":1,"featured_media":0,"parent":0,"menu_order":0,"comment_status":"closed","ping_status":"closed","template":"","meta":{"_acf_changed":false,"_et_pb_use_builder":"on","_et_pb_old_content":"","_et_gb_content_width":"","footnotes":""},"class_list":["post-905","page","type-page","status-publish","hentry"],"acf":[],"yoast_head":"<!-- This site is optimized with the Yoast SEO plugin v27.1.1 - https:\/\/yoast.com\/product\/yoast-seo-wordpress\/ -->\n<title>Contacter DROUAIRE Sylvain - Directeur commercial - DROUAIRE<\/title>\n<meta name=\"robots\" content=\"noindex, nofollow\" \/>\n<meta property=\"og:locale\" content=\"en_GB\" \/>\n<meta property=\"og:type\" content=\"article\" \/>\n<meta property=\"og:title\" content=\"Contacter DROUAIRE Sylvain - Directeur commercial - DROUAIRE\" \/>\n<meta property=\"og:description\" content=\"Sylvain DROUAIREDirecteur commercialAjouter au carnet d&#039;adresse :\ud83d\udce9 plibert@drouaire.com \ud83d\udcf1 06 10 19 21 98 \ud83d\udcde 05 53 88 11 27 \ud83d\udcec 344 Route de Lussac, 47160 VILLEFRANCHE DU QUEYRANAjouter au carnet d&#039;adresse :\" \/>\n<meta property=\"og:url\" content=\"https:\/\/www.drouaire.com\/en\/17teirj3udxvfev\/\" \/>\n<meta property=\"og:site_name\" content=\"DROUAIRE\" \/>\n<meta property=\"article:modified_time\" content=\"2025-01-06T14:28:01+00:00\" \/>\n<meta name=\"twitter:card\" content=\"summary_large_image\" \/>\n<meta name=\"twitter:label1\" content=\"Estimated reading time\" \/>\n\t<meta name=\"twitter:data1\" content=\"1 minute\" \/>\n<script type=\"application\/ld+json\" class=\"yoast-schema-graph\">{\"@context\":\"https:\/\/schema.org\",\"@graph\":[{\"@type\":\"WebPage\",\"@id\":\"https:\/\/www.drouaire.com\/17teirj3udxvfev\/\",\"url\":\"https:\/\/www.drouaire.com\/17teirj3udxvfev\/\",\"name\":\"Contacter DROUAIRE Sylvain - Directeur commercial - DROUAIRE\",\"isPartOf\":{\"@id\":\"https:\/\/www.drouaire.com\/#website\"},\"datePublished\":\"2024-02-09T12:00:02+00:00\",\"dateModified\":\"2025-01-06T14:28:01+00:00\",\"breadcrumb\":{\"@id\":\"https:\/\/www.drouaire.com\/17teirj3udxvfev\/#breadcrumb\"},\"inLanguage\":\"en-GB\",\"potentialAction\":[{\"@type\":\"ReadAction\",\"target\":[\"https:\/\/www.drouaire.com\/17teirj3udxvfev\/\"]}]},{\"@type\":\"BreadcrumbList\",\"@id\":\"https:\/\/www.drouaire.com\/17teirj3udxvfev\/#breadcrumb\",\"itemListElement\":[{\"@type\":\"ListItem\",\"position\":1,\"name\":\"Home\",\"item\":\"https:\/\/www.drouaire.com\/\"},{\"@type\":\"ListItem\",\"position\":2,\"name\":\"Contacter DROUAIRE Sylvain &#8211; Directeur commercial\"}]},{\"@type\":\"WebSite\",\"@id\":\"https:\/\/www.drouaire.com\/#website\",\"url\":\"https:\/\/www.drouaire.com\/\",\"name\":\"DROUAIRE\",\"description\":\"\",\"potentialAction\":[{\"@type\":\"SearchAction\",\"target\":{\"@type\":\"EntryPoint\",\"urlTemplate\":\"https:\/\/www.drouaire.com\/?s={search_term_string}\"},\"query-input\":{\"@type\":\"PropertyValueSpecification\",\"valueRequired\":true,\"valueName\":\"search_term_string\"}}],\"inLanguage\":\"en-GB\"}]}<\/script>\n<!-- \/ Yoast SEO plugin. -->","yoast_head_json":{"title":"Contacter DROUAIRE Sylvain - Directeur commercial - DROUAIRE","robots":{"index":"noindex","follow":"nofollow"},"og_locale":"en_GB","og_type":"article","og_title":"Contacter DROUAIRE Sylvain - Directeur commercial - DROUAIRE","og_description":"Sylvain DROUAIREDirecteur commercialAjouter au carnet d'adresse :\ud83d\udce9 plibert@drouaire.com \ud83d\udcf1 06 10 19 21 98 \ud83d\udcde 05 53 88 11 27 \ud83d\udcec 344 Route de Lussac, 47160 VILLEFRANCHE DU QUEYRANAjouter au carnet d'adresse :","og_url":"https:\/\/www.drouaire.com\/en\/17teirj3udxvfev\/","og_site_name":"DROUAIRE","article_modified_time":"2025-01-06T14:28:01+00:00","twitter_card":"summary_large_image","twitter_misc":{"Estimated reading time":"1 minute"},"schema":{"@context":"https:\/\/schema.org","@graph":[{"@type":"WebPage","@id":"https:\/\/www.drouaire.com\/17teirj3udxvfev\/","url":"https:\/\/www.drouaire.com\/17teirj3udxvfev\/","name":"Contacter DROUAIRE Sylvain - Directeur commercial - DROUAIRE","isPartOf":{"@id":"https:\/\/www.drouaire.com\/#website"},"datePublished":"2024-02-09T12:00:02+00:00","dateModified":"2025-01-06T14:28:01+00:00","breadcrumb":{"@id":"https:\/\/www.drouaire.com\/17teirj3udxvfev\/#breadcrumb"},"inLanguage":"en-GB","potentialAction":[{"@type":"ReadAction","target":["https:\/\/www.drouaire.com\/17teirj3udxvfev\/"]}]},{"@type":"BreadcrumbList","@id":"https:\/\/www.drouaire.com\/17teirj3udxvfev\/#breadcrumb","itemListElement":[{"@type":"ListItem","position":1,"name":"Home","item":"https:\/\/www.drouaire.com\/"},{"@type":"ListItem","position":2,"name":"Contacter DROUAIRE Sylvain &#8211; Directeur commercial"}]},{"@type":"WebSite","@id":"https:\/\/www.drouaire.com\/#website","url":"https:\/\/www.drouaire.com\/","name":"DROUAIRE","description":"","potentialAction":[{"@type":"SearchAction","target":{"@type":"EntryPoint","urlTemplate":"https:\/\/www.drouaire.com\/?s={search_term_string}"},"query-input":{"@type":"PropertyValueSpecification","valueRequired":true,"valueName":"search_term_string"}}],"inLanguage":"en-GB"}]}},"_links":{"self":[{"href":"https:\/\/www.drouaire.com\/en\/wp-json\/wp\/v2\/pages\/905","targetHints":{"allow":["GET"]}}],"collection":[{"href":"https:\/\/www.drouaire.com\/en\/wp-json\/wp\/v2\/pages"}],"about":[{"href":"https:\/\/www.drouaire.com\/en\/wp-json\/wp\/v2\/types\/page"}],"author":[{"embeddable":true,"href":"https:\/\/www.drouaire.com\/en\/wp-json\/wp\/v2\/users\/1"}],"replies":[{"embeddable":true,"href":"https:\/\/www.drouaire.com\/en\/wp-json\/wp\/v2\/comments?post=905"}],"version-history":[{"count":4,"href":"https:\/\/www.drouaire.com\/en\/wp-json\/wp\/v2\/pages\/905\/revisions"}],"predecessor-version":[{"id":1740,"href":"https:\/\/www.drouaire.com\/en\/wp-json\/wp\/v2\/pages\/905\/revisions\/1740"}],"wp:attachment":[{"href":"https:\/\/www.drouaire.com\/en\/wp-json\/wp\/v2\/media?parent=905"}],"curies":[{"name":"wp","href":"https:\/\/api.w.org\/{rel}","templated":true}]}}